{"id":26451,"date":"2025-08-19T00:42:16","date_gmt":"2025-08-18T21:42:16","guid":{"rendered":"https:\/\/pesu24.ee\/?post_type=product&#038;p=26451"},"modified":"2025-08-21T14:33:37","modified_gmt":"2025-08-21T11:33:37","slug":"avatud-rinnahoidja-axami-v-9881","status":"publish","type":"product","link":"https:\/\/pesu24.ee\/en\/topid-rinnahoidjad\/avatud-rinnahoidja-axami-v-9881\/","title":{"rendered":"Avatud rinnahoidja Axami V-9881"},"content":{"rendered":"<p><strong>Tutvuge <a href=\"https:\/\/pesu24.ee\/en\/omadus\/love-cave\/\" target=\"_blank\" rel=\"noopener\">Love Cave<\/a> pesukollektsiooni kuuluva Axami V-9881 rinnahoidjaga &#8211; t\u00f5elise kunstiteosega, mis on loodud iga naise jaoks, kes ihkab enesekindlust ja sensuaalsust. Veripunane toon kohtub musta pitsiga, et luua pilkup\u00fc\u00fcdev kontrast, mille tulemuseks on ainulaadne ja lummav disain.<\/strong><\/p>\n<p>See rinnahoidja on disainitud naisele, kes ei karda n\u00e4idata oma julget k\u00fclge. Avatud rinnakorv koos tugikaartega pakub ideaalset tuge, samal ajal r\u00f5hutades naise keha loomulikku ilu.<\/p>\n<p>Rinnahoidja tagant mitmeastmelise kinnitusega tagab t\u00e4iusliku sobivuse, samas kui \u00f5lapaeltelt leitavad reguleerimisv\u00f5imalused ja eemaldatavus v\u00f5imaldavad individuaalset kohandamist. Lase end hellitada k\u00f5rgkvaliteetsest materjalist, mis on sama pehme kui sulg ja samas vastupidav.<\/p>\n<p>Kombineeri see rinnahoidja tootefotodel olevate Axami <a href=\"https:\/\/pesu24.ee\/en\/stringid-puksikud\/stringid-axami-v-9888\/\" target=\"_blank\" rel=\"noopener\">V-9888 stringidega<\/a>, Axami <a href=\"https:\/\/pesu24.ee\/en\/aksessuaarid\/sukavoo-axami-v-9882\/\" target=\"_blank\" rel=\"noopener\">V-9882 sukav\u00f6\u00f6ga<\/a> ja Axami <a href=\"https:\/\/pesu24.ee\/en\/sukad\/sukad-axami-pampero-v-7064\/\">V-7064 sukkadega<\/a>, et luua t\u00e4iuslik komplekt, mis on sama sensuaalne ja elegantne nagu sina ise.<\/p>\n<p>Laske end lummatada Axami luksusliku pesukollektsiooniga. See pole lihtsalt rinnahoidja, see on enesekindluse, elegantsi ja sensuaalsuse s\u00fcmbol.<\/p>\n<p><span style=\"color: #008000;\"><strong>DETAILS<\/strong><\/span><\/p>\n<ul>\n<li>Komplektis: rinnahoidja (stringid, sukav\u00f6\u00f6 ja sukad tuleb osta eraldi)<\/li>\n<li>V\u00e4rvus: punane \/ must<\/li>\n<li>Tugikaared: olemas<\/li>\n<li>Polsterdused: puuduvad<\/li>\n<li>Tagakinnitus: astmeline<\/li>\n<li>Kangas: 55% pol\u00fcamiid, 16% puuvill, 11% elastaan, 11% pol\u00fcester, 7% polu\u00fctraan<\/li>\n<li>\u00d5lapaelad: reguleeritavad ja eemaldatavad<\/li>\n<li>Erilised kaunistused: rinnakorvi keskel<\/li>\n<\/ul>\n<p>T\u00f5elistele daamidele, kes teavad, mida nad soovivad.<\/p>","protected":false},"excerpt":{"rendered":"<p>&#46;&#46;&#46;<\/p>","protected":false},"featured_media":26515,"comment_status":"open","ping_status":"closed","template":"","meta":{"_glsr_average":0,"_glsr_ranking":0,"_glsr_reviews":0},"product_brand":[502],"product_cat":[423],"product_tag":[333,445],"class_list":{"0":"post-26451","1":"product","2":"type-product","3":"status-publish","4":"has-post-thumbnail","6":"product_brand-axami","7":"product_cat-topid-rinnahoidjad","8":"product_tag-axami","9":"product_tag-love-cave","10":"pa_suurus-l","11":"pa_suurus-m","12":"pa_suurus-s","13":"pa_suurus-xl","14":"pa_varvus-must","15":"pa_varvus-punane","17":"first","18":"instock","19":"sold-individually","20":"taxable","21":"shipping-taxable","22":"purchasable","23":"product-type-variable"},"_links":{"self":[{"href":"https:\/\/pesu24.ee\/en\/wp-json\/wp\/v2\/product\/26451","targetHints":{"allow":["GET"]}}],"collection":[{"href":"https:\/\/pesu24.ee\/en\/wp-json\/wp\/v2\/product"}],"about":[{"href":"https:\/\/pesu24.ee\/en\/wp-json\/wp\/v2\/types\/product"}],"replies":[{"embeddable":true,"href":"https:\/\/pesu24.ee\/en\/wp-json\/wp\/v2\/comments?post=26451"}],"wp:featuredmedia":[{"embeddable":true,"href":"https:\/\/pesu24.ee\/en\/wp-json\/wp\/v2\/media\/26515"}],"wp:attachment":[{"href":"https:\/\/pesu24.ee\/en\/wp-json\/wp\/v2\/media?parent=26451"}],"wp:term":[{"taxonomy":"product_brand","embeddable":true,"href":"https:\/\/pesu24.ee\/en\/wp-json\/wp\/v2\/product_brand?post=26451"},{"taxonomy":"product_cat","embeddable":true,"href":"https:\/\/pesu24.ee\/en\/wp-json\/wp\/v2\/product_cat?post=26451"},{"taxonomy":"product_tag","embeddable":true,"href":"https:\/\/pesu24.ee\/en\/wp-json\/wp\/v2\/product_tag?post=26451"}],"curies":[{"name":"wp","href":"https:\/\/api.w.org\/{rel}","templated":true}]}}