{"id":26456,"date":"2025-08-19T00:42:17","date_gmt":"2025-08-18T21:42:17","guid":{"rendered":"https:\/\/pesu24.ee\/?post_type=product&#038;p=26456"},"modified":"2025-08-21T13:32:16","modified_gmt":"2025-08-21T10:32:16","slug":"avatud-lateksilaadne-rinnahoidja-axami-v-9871","status":"publish","type":"product","link":"https:\/\/pesu24.ee\/en\/topid-rinnahoidjad\/avatud-lateksilaadne-rinnahoidja-axami-v-9871\/","title":{"rendered":"Avatud lateksilaadne rinnahoidja Axami V-9871"},"content":{"rendered":"<p><strong>Koge seda sensuaalset luksust Axami <a href=\"https:\/\/pesu24.ee\/en\/omadus\/love-cave\/\" target=\"_blank\" rel=\"noopener\">Love Cave<\/a> kollektsioonist. Avatud rinnakorviga rinnahoidja V-9871 ei j\u00e4ta kedagi k\u00fclmaks. <\/strong><\/p>\n<p>Kuldsed lukud esisel annavad tootele unikaalse ja pilkup\u00fc\u00fcdva v\u00e4limuse, mis k\u00f6idab t\u00e4helepanu ning annab kindla ja enesekindla tunde. Elastsed ja reguleeritavad \u00f5lapaelad tagavad ideaalse sobivuse.<\/p>\n<p>Rinnahoidja on valmistatud materjalist, mida on m\u00f5nus keha vastas tunda, meeldiv puudutada ja mis k\u00f5ige parem &#8211; mugav kanda.<\/p>\n<p><span style=\"color: #008000;\"><strong>DETAILS<\/strong><\/span><\/p>\n<ul>\n<li>V\u00e4rvus: must<\/li>\n<li>Tugikaared: jah<\/li>\n<li>Rinnakorv: avatud, ilma polsterdusteta<\/li>\n<li>\u00d5lapaelad: reguleeritavad<\/li>\n<li>Kinnitus: tagant 3-astmelise kinnitusega<\/li>\n<li>Sobivus: reguleeritavus, astmeline kinnitus, elastsus tagab ideaalse sobivuse<\/li>\n<li>Materjal: 61% pol\u00fcester, 14% puuvill, 12% pol\u00fcamiid, 9% pol\u00fcuretaan, 4% elastaan<\/li>\n<li>Kaunistused: kuldsed lukud<\/li>\n<\/ul>\n<p>Toode on saadaval suurustes XS kuni XL (vaata allolevat m\u00f5\u00f5tude tabelit). Kui sobivat suurust hetkel saadaval ei ole, siis kirjuta julgelt support@pesu24.ee. Toode sobib kokku tootefotodel olevate <a href=\"https:\/\/pesu24.ee\/en\/stringid-puksikud\/lateksilaadsed-stringid-axami-v-9878\/\" target=\"_blank\" rel=\"noopener\">V-9878 stringidega<\/a>.<\/p>","protected":false},"excerpt":{"rendered":"<p>&#46;&#46;&#46;<\/p>","protected":false},"featured_media":26529,"comment_status":"open","ping_status":"closed","template":"","meta":{"_glsr_average":0,"_glsr_ranking":0,"_glsr_reviews":0},"product_brand":[502],"product_cat":[423],"product_tag":[333,445],"class_list":{"0":"post-26456","1":"product","2":"type-product","3":"status-publish","4":"has-post-thumbnail","6":"product_brand-axami","7":"product_cat-topid-rinnahoidjad","8":"product_tag-axami","9":"product_tag-love-cave","10":"pa_suurus-l","11":"pa_suurus-m","12":"pa_suurus-s","13":"pa_suurus-xl","14":"pa_varvus-must","16":"first","17":"instock","18":"sold-individually","19":"taxable","20":"shipping-taxable","21":"purchasable","22":"product-type-variable"},"_links":{"self":[{"href":"https:\/\/pesu24.ee\/en\/wp-json\/wp\/v2\/product\/26456","targetHints":{"allow":["GET"]}}],"collection":[{"href":"https:\/\/pesu24.ee\/en\/wp-json\/wp\/v2\/product"}],"about":[{"href":"https:\/\/pesu24.ee\/en\/wp-json\/wp\/v2\/types\/product"}],"replies":[{"embeddable":true,"href":"https:\/\/pesu24.ee\/en\/wp-json\/wp\/v2\/comments?post=26456"}],"wp:featuredmedia":[{"embeddable":true,"href":"https:\/\/pesu24.ee\/en\/wp-json\/wp\/v2\/media\/26529"}],"wp:attachment":[{"href":"https:\/\/pesu24.ee\/en\/wp-json\/wp\/v2\/media?parent=26456"}],"wp:term":[{"taxonomy":"product_brand","embeddable":true,"href":"https:\/\/pesu24.ee\/en\/wp-json\/wp\/v2\/product_brand?post=26456"},{"taxonomy":"product_cat","embeddable":true,"href":"https:\/\/pesu24.ee\/en\/wp-json\/wp\/v2\/product_cat?post=26456"},{"taxonomy":"product_tag","embeddable":true,"href":"https:\/\/pesu24.ee\/en\/wp-json\/wp\/v2\/product_tag?post=26456"}],"curies":[{"name":"wp","href":"https:\/\/api.w.org\/{rel}","templated":true}]}}