{"id":26458,"date":"2025-08-19T00:42:17","date_gmt":"2025-08-18T21:42:17","guid":{"rendered":"https:\/\/pesu24.ee\/?post_type=product&#038;p=26458"},"modified":"2025-08-20T16:47:08","modified_gmt":"2025-08-20T13:47:08","slug":"avatud-rinnahoidja-axami-v-9841","status":"publish","type":"product","link":"https:\/\/pesu24.ee\/en\/topid-rinnahoidjad\/avatud-rinnahoidja-axami-v-9841\/","title":{"rendered":"Avatud rinnahoidja Axami V-9841"},"content":{"rendered":"<p><strong>Astu samm sensuaalsesse maailma Axami V-9841 avatud rinnakorviga rinnahoidjaga. Kuuludes k\u00fctkestavasse <a href=\"https:\/\/pesu24.ee\/en\/omadus\/love-cave\/\" target=\"_blank\" rel=\"noopener\">Love Cave<\/a> kollektsiooni, on see rinnahoidja suurep\u00e4rane kombinatsioon praktilisusest ja stiilist. <\/strong><\/p>\n<p>Bee\u017eist pehmest kangast polsterdused, mida kaunistab elegantne must pits, tekitavad petliku illusiooni, kutsudes esile flirtimise ja salap\u00e4ra. Alustraadid pakuvad ideaalset toetust ja vormi ning \u00f5lapaelad on reguleeritavad ja eemaldatavad vastavalt Sinu soovile.<\/p>\n<p>Lisatud detailidena v\u00e4ikesed lille-lehvikute kaunistused rinnakorvi \u00e4\u00e4res ja \u00f5lapaelade otstes lisavad rinnahoidjale t\u00e4iendavat v\u00e4\u00e4rtust ja luksust. Kolmeastmeline tagakinnitus tagab suurep\u00e4rase sobivuse.<\/p>\n<p>Valmistatud k\u00f5rgekvaliteedilisest kangast, on see rinnahoidja mitte ainult stiilne, vaid ka mugav ja kehas\u00f5bralik. Axami V-9841 sobib suurep\u00e4raselt kokku Love Cave kollektsiooni stringidega <a href=\"https:\/\/pesu24.ee\/en\/stringid-puksikud\/stringid-axami-v-9848\/\" target=\"_blank\" rel=\"noopener\">Axami V-9848<\/a> ning tootefotodel esitletud isehoidvate sukkadega <a href=\"https:\/\/pesu24.ee\/en\/sukad\/sukad-axami-v-5204\/\" target=\"_blank\" rel=\"noopener\">Axami V-5204<\/a>, et luua t\u00e4iuslik ja lummav v\u00e4limus.<\/p>\n<p><span style=\"color: #008000;\"><strong>DETAILS<\/strong><\/span><\/p>\n<ul>\n<li>V\u00e4rvus: must (bee\u017ei detailidega)<\/li>\n<li>\u00d5lapaelad: eemaldatavad ja reguleeritavad<\/li>\n<li>Rinnakorv: avatud, alustraadiga<\/li>\n<li>Polsterdus: pehme polsterdus, bee\u017e, kaetud musta pitsiga<\/li>\n<li>Kinnitus: tagant 3-astmeline<\/li>\n<li>Kaunistused: Lille-lehvikud rinnakorvi \u00e4\u00e4res olevatel \u00f5lapaelade otstes<\/li>\n<li>Materjal: 61% pol\u00fcamiid, 14% puuvill, 10% pol\u00fcester, 9% pol\u00fcuretaan, 6% elastaan<\/li>\n<\/ul>\n<p>Soovitatav kombineerida: Stringidega V-9848 ja sukkadega <a href=\"https:\/\/pesu24.ee\/en\/sukad\/sukad-axami-v-5204\/\" target=\"_blank\" rel=\"noopener\">V-5204<\/a>.<\/p>","protected":false},"excerpt":{"rendered":"<p>&#46;&#46;&#46;<\/p>","protected":false},"featured_media":26535,"comment_status":"open","ping_status":"closed","template":"","meta":{"_glsr_average":0,"_glsr_ranking":0,"_glsr_reviews":0},"product_brand":[502],"product_cat":[423],"product_tag":[333,445],"class_list":{"0":"post-26458","1":"product","2":"type-product","3":"status-publish","4":"has-post-thumbnail","6":"product_brand-axami","7":"product_cat-topid-rinnahoidjad","8":"product_tag-axami","9":"product_tag-love-cave","10":"pa_suurus-l","11":"pa_suurus-m","12":"pa_suurus-s","13":"pa_suurus-xl","14":"pa_varvus-must","16":"first","17":"instock","18":"sold-individually","19":"taxable","20":"shipping-taxable","21":"purchasable","22":"product-type-variable"},"_links":{"self":[{"href":"https:\/\/pesu24.ee\/en\/wp-json\/wp\/v2\/product\/26458","targetHints":{"allow":["GET"]}}],"collection":[{"href":"https:\/\/pesu24.ee\/en\/wp-json\/wp\/v2\/product"}],"about":[{"href":"https:\/\/pesu24.ee\/en\/wp-json\/wp\/v2\/types\/product"}],"replies":[{"embeddable":true,"href":"https:\/\/pesu24.ee\/en\/wp-json\/wp\/v2\/comments?post=26458"}],"wp:featuredmedia":[{"embeddable":true,"href":"https:\/\/pesu24.ee\/en\/wp-json\/wp\/v2\/media\/26535"}],"wp:attachment":[{"href":"https:\/\/pesu24.ee\/en\/wp-json\/wp\/v2\/media?parent=26458"}],"wp:term":[{"taxonomy":"product_brand","embeddable":true,"href":"https:\/\/pesu24.ee\/en\/wp-json\/wp\/v2\/product_brand?post=26458"},{"taxonomy":"product_cat","embeddable":true,"href":"https:\/\/pesu24.ee\/en\/wp-json\/wp\/v2\/product_cat?post=26458"},{"taxonomy":"product_tag","embeddable":true,"href":"https:\/\/pesu24.ee\/en\/wp-json\/wp\/v2\/product_tag?post=26458"}],"curies":[{"name":"wp","href":"https:\/\/api.w.org\/{rel}","templated":true}]}}