{"id":26461,"date":"2025-10-21T00:42:17","date_gmt":"2025-10-20T21:42:17","guid":{"rendered":"https:\/\/pesu24.ee\/?post_type=product&#038;p=26461"},"modified":"2025-10-21T17:53:49","modified_gmt":"2025-10-21T14:53:49","slug":"avatud-rinnahoidja-axami-v-9831","status":"publish","type":"product","link":"https:\/\/pesu24.ee\/en\/topid-rinnahoidjad\/avatud-rinnahoidja-axami-v-9831\/","title":{"rendered":"Avatud rinnahoidja Axami V-9831"},"content":{"rendered":"<p><strong>Lase end hellitada luksusliku ja intrigeeriva Axami V-9831 rinnahoidjaga, mis kuulub eksklusiivsesse <a href=\"https:\/\/pesu24.ee\/en\/omadus\/love-cave\/\" target=\"_blank\" rel=\"noopener\">Love Cave<\/a> kollektsiooni. Rinnahoidja avatud rinnakorv on \u00fchtaegu julge ja elegantne. <\/strong><\/p>\n<p>Pehme rinnakorv ilma polsterduseta, aga tugikaartega, tagab mugavuse ja t\u00f5stab esile sinu naiselikkust. Rikkalik must v\u00e4rv, mida t\u00e4iustab \u00f5rn kuldne tikand, annab tootele luksusliku ilme. T\u00e4nu reguleeritavatele ja eemaldatavatele \u00f5lapealadele on rinnahoidja mitmek\u00fclgne ja sobib iga kandja individuaalsete vajadustega.<\/p>\n<p>Saadaval suurustes XS kuni XL, kui ka rinnakorvi m\u00f5\u00f5tudega 65C kuni 85D. Kui sobivat suurust ei ole valikus, siis v\u00f5tke meiega julgesti \u00fchendust aadressil support@pesu24.ee.<\/p>\n<p><span style=\"color: #008000;\"><strong>DETAILS<\/strong><\/span><\/p>\n<ul>\n<li>V\u00e4rvus: must, kuldse tikandiga<\/li>\n<li>Rinnakorv: avatud, pehme (ilma polsterduseta), tugikaartega<\/li>\n<li>\u00d5lapealad: reguleeritavad ja eemaldatavad<\/li>\n<li>Kinnitus: tagant 3-astmeline kinnitus<\/li>\n<li>Saadaolevad suurused: XS-XL (soovi korral ka 65C kuni 85D)<\/li>\n<li>Materjal: 63% pol\u00fcamiid, 13% puuvill, 9% pol\u00fcuretaan, 8% elastaan, 6% pol\u00fcester<\/li>\n<\/ul>\n<p>Toode sobib kokku sama pesukollektsiooni <a href=\"https:\/\/pesu24.ee\/en\/stringid-puksikud\/stringid-axami-v-9833\/\" target=\"_blank\" rel=\"noopener\">Axami V-9833 stringidega<\/a>.<\/p>","protected":false},"excerpt":{"rendered":"<p>&#46;&#46;&#46;<\/p>","protected":false},"featured_media":29316,"comment_status":"open","ping_status":"closed","template":"","meta":{"_glsr_average":0,"_glsr_ranking":0,"_glsr_reviews":0},"product_brand":[502],"product_cat":[423],"product_tag":[333,445],"class_list":{"0":"post-26461","1":"product","2":"type-product","3":"status-publish","4":"has-post-thumbnail","6":"product_brand-axami","7":"product_cat-topid-rinnahoidjad","8":"product_tag-axami","9":"product_tag-love-cave","10":"pa_suurus-l","11":"pa_suurus-m","12":"pa_suurus-s","13":"pa_suurus-xl","14":"pa_varvus-must","16":"first","17":"instock","18":"sold-individually","19":"taxable","20":"shipping-taxable","21":"purchasable","22":"product-type-variable"},"_links":{"self":[{"href":"https:\/\/pesu24.ee\/en\/wp-json\/wp\/v2\/product\/26461","targetHints":{"allow":["GET"]}}],"collection":[{"href":"https:\/\/pesu24.ee\/en\/wp-json\/wp\/v2\/product"}],"about":[{"href":"https:\/\/pesu24.ee\/en\/wp-json\/wp\/v2\/types\/product"}],"replies":[{"embeddable":true,"href":"https:\/\/pesu24.ee\/en\/wp-json\/wp\/v2\/comments?post=26461"}],"wp:featuredmedia":[{"embeddable":true,"href":"https:\/\/pesu24.ee\/en\/wp-json\/wp\/v2\/media\/29316"}],"wp:attachment":[{"href":"https:\/\/pesu24.ee\/en\/wp-json\/wp\/v2\/media?parent=26461"}],"wp:term":[{"taxonomy":"product_brand","embeddable":true,"href":"https:\/\/pesu24.ee\/en\/wp-json\/wp\/v2\/product_brand?post=26461"},{"taxonomy":"product_cat","embeddable":true,"href":"https:\/\/pesu24.ee\/en\/wp-json\/wp\/v2\/product_cat?post=26461"},{"taxonomy":"product_tag","embeddable":true,"href":"https:\/\/pesu24.ee\/en\/wp-json\/wp\/v2\/product_tag?post=26461"}],"curies":[{"name":"wp","href":"https:\/\/api.w.org\/{rel}","templated":true}]}}