{"id":26462,"date":"2025-08-19T00:42:17","date_gmt":"2025-08-18T21:42:17","guid":{"rendered":"https:\/\/pesu24.ee\/?post_type=product&#038;p=26462"},"modified":"2025-11-18T01:26:29","modified_gmt":"2025-11-17T22:26:29","slug":"avatud-rinnahoidja-axami-v-9861","status":"publish","type":"product","link":"https:\/\/pesu24.ee\/en\/topid-rinnahoidjad\/avatud-rinnahoidja-axami-v-9861\/","title":{"rendered":"Avatud rinnahoidja Axami V-9861"},"content":{"rendered":"<p><strong>Olete leidnud rinnahoidja, mis \u00fchendab endas nii stiili kui mugavuse. Axami <a href=\"https:\/\/pesu24.ee\/en\/omadus\/love-cave\/\" target=\"_blank\" rel=\"noopener\">Love Cave<\/a> kollektsiooni kuuluv V-9861 on rinnahoidja, mis v\u00f5lub oma luksusliku disainiga. Bee\u017e avatud rinnakorv on kaunistatud musta pitsiga, mis lisab tootele salap\u00e4ra ja naiselikkust. \u00d5lapaelade otsad ja rinnakorvi keskosa ehtimas mustad satiinist lipsukesed, lisades seel\u00e4bi veidi flirtivust.<\/strong><\/p>\n<p>Rinnahoidja ei ole lisapolsterdusega, kuid on varustatud tugikaartega, mis tagavad hea toe. \u00d5lapaelad on eemaldatavad ja reguleeritavad, ning tagak\u00fcljel on 3-astmeline kinnitus, mis tagab suurep\u00e4rase sobivuse. Kangas on luksuslik, meeldiv puudutada ja mugav kanda. Lisaks sobib see rinnahoidja ideaalselt kokku <a href=\"https:\/\/pesu24.ee\/en\/stringid-puksikud\/avatud-stringid-axami-v-9863\/\" target=\"_blank\" rel=\"noopener\">Axami V-9863<\/a> stringide ja <a href=\"https:\/\/pesu24.ee\/en\/bodyd\/tumemust-rake-bodi-axami-v-9866\/\" target=\"_blank\" rel=\"noopener\">V-9866 rake-bodiga<\/a>.<\/p>\n<p><span style=\"color: #008000;\"><strong>DETAILS<\/strong><\/span><\/p>\n<ul>\n<li>V\u00e4rvus: Bee\u017e avatud rinnakorv, musta pitsiga<\/li>\n<li>Aksessuaarid: Mustad satiinist lipsukesed rinnakorvi keskel ja \u00f5lapaelade otstes<\/li>\n<li>Tugikaared: Olemas, pehmed polsterdused<\/li>\n<li>\u00d5lapaelad: Eemaldatavad, elastsed, reguleeritavad<\/li>\n<li>Kinnitus: Tagant 3-astmeline kinnitus<\/li>\n<li>Sobib kokku: Axami V-9863 stringidega, <a href=\"https:\/\/pesu24.ee\/en\/bodyd\/tumemust-rake-bodi-axami-v-9866\/\" target=\"_blank\" rel=\"noopener\">Axami V-9866<\/a> Rake-bodiga<\/li>\n<li>Materjal: 67% pol\u00fcamiid, 14% puuvill, 9% pol\u00fcuretaan, 6% pol\u00fcester, 4% elastaan<\/li>\n<li>Kangas: Luksuslik, meeldiv puudutada, m\u00f5nus ja mugav kanda<\/li>\n<\/ul>","protected":false},"excerpt":{"rendered":"<p>&#46;&#46;&#46;<\/p>","protected":false},"featured_media":26550,"comment_status":"open","ping_status":"closed","template":"","meta":{"_glsr_average":0,"_glsr_ranking":0,"_glsr_reviews":0},"product_brand":[502],"product_cat":[423],"product_tag":[333,445],"class_list":{"0":"post-26462","1":"product","2":"type-product","3":"status-publish","4":"has-post-thumbnail","6":"product_brand-axami","7":"product_cat-topid-rinnahoidjad","8":"product_tag-axami","9":"product_tag-love-cave","10":"pa_suurus-l","11":"pa_suurus-m","12":"pa_suurus-s","13":"pa_suurus-xl","14":"pa_varvus-must","16":"first","17":"instock","18":"sold-individually","19":"taxable","20":"shipping-taxable","21":"purchasable","22":"product-type-variable"},"_links":{"self":[{"href":"https:\/\/pesu24.ee\/en\/wp-json\/wp\/v2\/product\/26462","targetHints":{"allow":["GET"]}}],"collection":[{"href":"https:\/\/pesu24.ee\/en\/wp-json\/wp\/v2\/product"}],"about":[{"href":"https:\/\/pesu24.ee\/en\/wp-json\/wp\/v2\/types\/product"}],"replies":[{"embeddable":true,"href":"https:\/\/pesu24.ee\/en\/wp-json\/wp\/v2\/comments?post=26462"}],"wp:featuredmedia":[{"embeddable":true,"href":"https:\/\/pesu24.ee\/en\/wp-json\/wp\/v2\/media\/26550"}],"wp:attachment":[{"href":"https:\/\/pesu24.ee\/en\/wp-json\/wp\/v2\/media?parent=26462"}],"wp:term":[{"taxonomy":"product_brand","embeddable":true,"href":"https:\/\/pesu24.ee\/en\/wp-json\/wp\/v2\/product_brand?post=26462"},{"taxonomy":"product_cat","embeddable":true,"href":"https:\/\/pesu24.ee\/en\/wp-json\/wp\/v2\/product_cat?post=26462"},{"taxonomy":"product_tag","embeddable":true,"href":"https:\/\/pesu24.ee\/en\/wp-json\/wp\/v2\/product_tag?post=26462"}],"curies":[{"name":"wp","href":"https:\/\/api.w.org\/{rel}","templated":true}]}}