{"id":26587,"date":"2025-08-19T00:45:56","date_gmt":"2025-08-18T21:45:56","guid":{"rendered":"https:\/\/pesu24.ee\/?post_type=product&#038;p=26587"},"modified":"2025-08-20T14:52:19","modified_gmt":"2025-08-20T11:52:19","slug":"sudamekujulised-leopardimustriga-nibukatted-obsessive-selvy","status":"publish","type":"product","link":"https:\/\/pesu24.ee\/en\/aksessuaarid\/sudamekujulised-leopardimustriga-nibukatted-obsessive-selvy\/","title":{"rendered":"S\u00fcdamekujulised leopardimustriga nibukatted Obsessive Selvy"},"content":{"rendered":"<p>S\u00fcdamekujulised Selvy nibukatted pakuvad t\u00e4ielikku v\u00f5lu ja r\u00f5hutavad metsikut olemust. Nibukatted sobivad k\u00f5igi meie e-poes olevate pesudega, aga eelk\u00f5ige sama <a href=\"https:\/\/pesu24.ee\/en\/omadus\/obsessive-selvy\/\">pesukollektsiooni Selvy pesudega<\/a>.<\/p>\n<p>Komplektis kaks s\u00fcdamekujulist nibukatet. Nibukatted on korduvkasutatavad ja isekleepuvad. \u00dche nibukatte l\u00e4bim\u00f5\u00f5t 6cm. Fotodel olevad p\u00fcksikud ei kuulu komplekti, aga need saab osta eraldi. Tutvu <a href=\"https:\/\/pesu24.ee\/en\/stringid-puksikud\/stringid-obsessive-selvy\/\">Selvy p\u00fcksikutega<\/a>.<\/p>\n<p><span style=\"color: #008000;\"><strong>DETAILS:<\/strong><\/span><\/p>\n<ul>\n<li>s\u00fcdamekujulised ja leopardimustriga nibukatted<\/li>\n<li>kaunistatud v\u00e4ikeste lehvidega<\/li>\n<li>isekleepuvad ja korduvkasutatavad<\/li>\n<li>l\u00e4bim\u00f5\u00f5t 6 cm<\/li>\n<\/ul>\n<p><span style=\"color: #008000;\"><strong>VIDEO<\/strong><\/span><\/p>\n<div class=\"video-container\"><iframe loading=\"lazy\" title=\"\u00da\u017dASN\u00c9 LEP\u00cdTKA NA BRADAVKY SELVY NIPPLE COVERS - OBSESSIVE\" width=\"500\" height=\"281\" src=\"https:\/\/www.youtube.com\/embed\/nwgS3p2_wMU?feature=oembed&#038;wmode=opaque\" frameborder=\"0\" allow=\"accelerometer; autoplay; clipboard-write; encrypted-media; gyroscope; picture-in-picture; web-share\" referrerpolicy=\"strict-origin-when-cross-origin\" allowfullscreen><\/iframe><\/div>","protected":false},"excerpt":{"rendered":"<p>&#46;&#46;&#46;<\/p>","protected":false},"featured_media":26617,"comment_status":"open","ping_status":"closed","template":"","meta":{"_glsr_average":0,"_glsr_ranking":0,"_glsr_reviews":0},"product_brand":[500],"product_cat":[108],"product_tag":[397,160,386],"class_list":{"0":"post-26587","1":"product","2":"type-product","3":"status-publish","4":"has-post-thumbnail","6":"product_brand-obsessive","7":"product_cat-aksessuaarid","8":"product_tag-nibukatted","9":"product_tag-obsessive","10":"product_tag-obsessive-selvy","11":"pa_suurus-universaalsuurus","12":"pa_varvus-leopard","14":"first","15":"instock","16":"sold-individually","17":"taxable","18":"shipping-taxable","19":"purchasable","20":"product-type-simple"},"_links":{"self":[{"href":"https:\/\/pesu24.ee\/en\/wp-json\/wp\/v2\/product\/26587","targetHints":{"allow":["GET"]}}],"collection":[{"href":"https:\/\/pesu24.ee\/en\/wp-json\/wp\/v2\/product"}],"about":[{"href":"https:\/\/pesu24.ee\/en\/wp-json\/wp\/v2\/types\/product"}],"replies":[{"embeddable":true,"href":"https:\/\/pesu24.ee\/en\/wp-json\/wp\/v2\/comments?post=26587"}],"wp:featuredmedia":[{"embeddable":true,"href":"https:\/\/pesu24.ee\/en\/wp-json\/wp\/v2\/media\/26617"}],"wp:attachment":[{"href":"https:\/\/pesu24.ee\/en\/wp-json\/wp\/v2\/media?parent=26587"}],"wp:term":[{"taxonomy":"product_brand","embeddable":true,"href":"https:\/\/pesu24.ee\/en\/wp-json\/wp\/v2\/product_brand?post=26587"},{"taxonomy":"product_cat","embeddable":true,"href":"https:\/\/pesu24.ee\/en\/wp-json\/wp\/v2\/product_cat?post=26587"},{"taxonomy":"product_tag","embeddable":true,"href":"https:\/\/pesu24.ee\/en\/wp-json\/wp\/v2\/product_tag?post=26587"}],"curies":[{"name":"wp","href":"https:\/\/api.w.org\/{rel}","templated":true}]}}