{"id":26588,"date":"2025-08-19T00:45:56","date_gmt":"2025-08-18T21:45:56","guid":{"rendered":"https:\/\/pesu24.ee\/?post_type=product&#038;p=26588"},"modified":"2025-08-20T14:52:20","modified_gmt":"2025-08-20T11:52:20","slug":"kettidega-nipukatted-obsessive-a749","status":"publish","type":"product","link":"https:\/\/pesu24.ee\/en\/aksessuaarid\/kettidega-nipukatted-obsessive-a749\/","title":{"rendered":"Kettidega nipukatted Obsessive A749"},"content":{"rendered":"<p>Siin ootavad teid v\u00e4ga kuumad Obsessive erootilise pesubr\u00e4ndi aksessuaarid &#8211; k\u00f5ige kuumimatest kuumimad ning need nibukatted ei ole erand. Proovige neid Obsessive A749 nibukatteid ning tundke samal ajal kettide \u00f5rnasid meeldivaid puudutusi.<\/p>\n<p><span style=\"color: #008000;\"><strong>DETAILS:<\/strong><\/span><\/p>\n<ul>\n<li>peened nibukatted, mis on \u00fchendatud dekoratiivkettidega<\/li>\n<li>isekleepuvad ja korduvkasutatavad nibukatted &#8211; paljudeks h\u00e4mmastavateks \u00f6\u00f6deks<\/li>\n<li>klassikalises mustas v\u00e4rvitoonis<\/li>\n<li>kaunistatud v\u00e4ikeste lehvide ja ahvatlevate ketidega<\/li>\n<li>valmistatud nahale \u00f5rnatest materjalidest (50% pol\u00fcester, 40% vask, 10% pol\u00fcuretaan)<\/li>\n<\/ul>\n<p>Fotol olevad stringid ei kuulu komplekti, aga tegu on Luiza mustade stringidega, mis saadaval meie e-poes.<\/p>","protected":false},"excerpt":{"rendered":"<p>&#46;&#46;&#46;<\/p>","protected":false},"featured_media":26619,"comment_status":"open","ping_status":"closed","template":"","meta":{"_glsr_average":0,"_glsr_ranking":0,"_glsr_reviews":0},"product_brand":[500],"product_cat":[108],"product_tag":[397,160],"class_list":{"0":"post-26588","1":"product","2":"type-product","3":"status-publish","4":"has-post-thumbnail","6":"product_brand-obsessive","7":"product_cat-aksessuaarid","8":"product_tag-nibukatted","9":"product_tag-obsessive","10":"pa_suurus-universaalsuurus","11":"pa_varvus-must","13":"first","14":"instock","15":"sold-individually","16":"taxable","17":"shipping-taxable","18":"purchasable","19":"product-type-simple"},"_links":{"self":[{"href":"https:\/\/pesu24.ee\/en\/wp-json\/wp\/v2\/product\/26588","targetHints":{"allow":["GET"]}}],"collection":[{"href":"https:\/\/pesu24.ee\/en\/wp-json\/wp\/v2\/product"}],"about":[{"href":"https:\/\/pesu24.ee\/en\/wp-json\/wp\/v2\/types\/product"}],"replies":[{"embeddable":true,"href":"https:\/\/pesu24.ee\/en\/wp-json\/wp\/v2\/comments?post=26588"}],"wp:featuredmedia":[{"embeddable":true,"href":"https:\/\/pesu24.ee\/en\/wp-json\/wp\/v2\/media\/26619"}],"wp:attachment":[{"href":"https:\/\/pesu24.ee\/en\/wp-json\/wp\/v2\/media?parent=26588"}],"wp:term":[{"taxonomy":"product_brand","embeddable":true,"href":"https:\/\/pesu24.ee\/en\/wp-json\/wp\/v2\/product_brand?post=26588"},{"taxonomy":"product_cat","embeddable":true,"href":"https:\/\/pesu24.ee\/en\/wp-json\/wp\/v2\/product_cat?post=26588"},{"taxonomy":"product_tag","embeddable":true,"href":"https:\/\/pesu24.ee\/en\/wp-json\/wp\/v2\/product_tag?post=26588"}],"curies":[{"name":"wp","href":"https:\/\/api.w.org\/{rel}","templated":true}]}}