{"id":26592,"date":"2025-08-19T00:45:56","date_gmt":"2025-08-18T21:45:56","guid":{"rendered":"https:\/\/pesu24.ee\/?post_type=product&#038;p=26592"},"modified":"2025-08-21T14:52:12","modified_gmt":"2025-08-21T11:52:12","slug":"mustad-kaunistustega-nibukatted-coquette","status":"publish","type":"product","link":"https:\/\/pesu24.ee\/en\/aksessuaarid\/mustad-kaunistustega-nibukatted-coquette\/","title":{"rendered":"Mustad kaunistustega nibukatted Coquette"},"content":{"rendered":"<p>Mustad kaunistustega nibukatted Coquette on korduvkasutatavad ja isekleepuvad.<\/p>\n<p>Nibukatted sobivad romantilise \u00f5hustiku tekitamiseks ning muudavad eelm\u00e4ngu veelgi p\u00f5nevamaks.<\/p>\n<p><span style=\"color: #008000;\"><strong>DETAILS:<\/strong><\/span><\/p>\n<ul>\n<li>color black<\/li>\n<li>kaunistatud mustade kivikestega<\/li>\n<li>mustade ripatsitega<\/li>\n<li>isekleepuvad &amp; korduvkasutatavad<\/li>\n<li>s\u00fcdamekujulised<\/li>\n<\/ul>\n<p>Soovitame nibukatteid kombineerida <a href=\"https:\/\/pesu24.ee\/en\/stringid-puksikud\/\">stringide ja p\u00fcksikutega<\/a>, et muuta end meeste silmis vastupandamatuks.<\/p>","protected":false},"excerpt":{"rendered":"<p>&#46;&#46;&#46;<\/p>","protected":false},"featured_media":26633,"comment_status":"open","ping_status":"closed","template":"","meta":{"_glsr_average":0,"_glsr_ranking":0,"_glsr_reviews":0},"product_brand":[],"product_cat":[108],"product_tag":[397],"class_list":{"0":"post-26592","1":"product","2":"type-product","3":"status-publish","4":"has-post-thumbnail","6":"product_cat-aksessuaarid","7":"product_tag-nibukatted","9":"first","10":"instock","11":"sold-individually","12":"taxable","13":"shipping-taxable","14":"purchasable","15":"product-type-simple"},"_links":{"self":[{"href":"https:\/\/pesu24.ee\/en\/wp-json\/wp\/v2\/product\/26592","targetHints":{"allow":["GET"]}}],"collection":[{"href":"https:\/\/pesu24.ee\/en\/wp-json\/wp\/v2\/product"}],"about":[{"href":"https:\/\/pesu24.ee\/en\/wp-json\/wp\/v2\/types\/product"}],"replies":[{"embeddable":true,"href":"https:\/\/pesu24.ee\/en\/wp-json\/wp\/v2\/comments?post=26592"}],"wp:featuredmedia":[{"embeddable":true,"href":"https:\/\/pesu24.ee\/en\/wp-json\/wp\/v2\/media\/26633"}],"wp:attachment":[{"href":"https:\/\/pesu24.ee\/en\/wp-json\/wp\/v2\/media?parent=26592"}],"wp:term":[{"taxonomy":"product_brand","embeddable":true,"href":"https:\/\/pesu24.ee\/en\/wp-json\/wp\/v2\/product_brand?post=26592"},{"taxonomy":"product_cat","embeddable":true,"href":"https:\/\/pesu24.ee\/en\/wp-json\/wp\/v2\/product_cat?post=26592"},{"taxonomy":"product_tag","embeddable":true,"href":"https:\/\/pesu24.ee\/en\/wp-json\/wp\/v2\/product_tag?post=26592"}],"curies":[{"name":"wp","href":"https:\/\/api.w.org\/{rel}","templated":true}]}}