{"id":26597,"date":"2025-08-19T00:45:57","date_gmt":"2025-08-18T21:45:57","guid":{"rendered":"https:\/\/pesu24.ee\/?post_type=product&#038;p=26597"},"modified":"2025-08-20T14:52:18","modified_gmt":"2025-08-20T11:52:18","slug":"sukahoidja-obsessive-lilyanne","status":"publish","type":"product","link":"https:\/\/pesu24.ee\/en\/aksessuaarid\/sukahoidja-obsessive-lilyanne\/","title":{"rendered":"Sukahoidja Obsessive Lilyanne"},"content":{"rendered":"<p>Obsessive Lilyanne on elegantne prantsuse stiilis sukahoidja, mis on kaunistatud sensuaalse valge pitsiga. NB! stringid ja sukad ei kuulu komplekti.<\/p>\n<p>Endale meelep\u00e4rased <a href=\"https:\/\/pesu24.ee\/en\/stringid-puksikud\/\">stringid<\/a> ja <a href=\"https:\/\/pesu24.ee\/en\/sukad\/\">sukad<\/a> leiate meie e-poe valikust.<\/p>\n<p><span style=\"color: #008000;\"><strong>KOMPLEKT SISALDAB:<\/strong><\/span><\/p>\n<ul>\n<li>sukav\u00f6\u00f6<\/li>\n<\/ul>\n<p>Sukav\u00f6\u00f6 sobib ideaalselt kokku <a href=\"https:\/\/pesu24.ee\/en\/pesukomplektid\/2-osaline-pesukomplekt-obsessive-lilyanne\/\">Obsessive Lilyanne pesukomplektiga<\/a> ja <a href=\"https:\/\/pesu24.ee\/en\/sukad\/sukad-obsessive-lilyanne\/\">Obsessive Lilyanne sukkadega<\/a>.<\/p>\n<p><span style=\"color: #008000;\"><strong>DETAILS:<\/strong><\/span><\/p>\n<ul>\n<li>prantsuse stiilis<\/li>\n<li>kaunistatud valge pitsiga<\/li>\n<li>tagant astmeline kinnitus<\/li>\n<li>reguleeritavad sukapaelad (4tk)<\/li>\n<li>mugav ning elastne materjal (90% pol\u00fcamiid, 10% elastaan)<\/li>\n<li>NB! stringid ja sukad ei kuulu komplekti.<\/li>\n<\/ul>\n<p><span style=\"color: #008000;\"><strong>VIDEO<\/strong><\/span><\/p>\n<div class=\"video-container\"><iframe loading=\"lazy\" title=\"SMYSLN\u00dd PODVAZKOV\u00dd P\u00c1S LILYANNE GARTER BELT - OBSESSIVE\" width=\"500\" height=\"281\" src=\"https:\/\/www.youtube.com\/embed\/1rIs__jV5g4?feature=oembed&#038;wmode=opaque\" frameborder=\"0\" allow=\"accelerometer; autoplay; clipboard-write; encrypted-media; gyroscope; picture-in-picture; web-share\" referrerpolicy=\"strict-origin-when-cross-origin\" allowfullscreen><\/iframe><\/div>","protected":false},"excerpt":{"rendered":"<p>&#46;&#46;&#46;<\/p>","protected":false},"featured_media":26649,"comment_status":"open","ping_status":"closed","template":"","meta":{"_glsr_average":0,"_glsr_ranking":0,"_glsr_reviews":0},"product_brand":[500],"product_cat":[108],"product_tag":[160],"class_list":{"0":"post-26597","1":"product","2":"type-product","3":"status-publish","4":"has-post-thumbnail","6":"product_brand-obsessive","7":"product_cat-aksessuaarid","8":"product_tag-obsessive","9":"pa_suurus-l-xl","10":"pa_suurus-s-m","11":"pa_varvus-lilla","12":"pa_varvus-valge","14":"first","15":"instock","16":"sold-individually","17":"taxable","18":"shipping-taxable","19":"purchasable","20":"product-type-variable"},"_links":{"self":[{"href":"https:\/\/pesu24.ee\/en\/wp-json\/wp\/v2\/product\/26597","targetHints":{"allow":["GET"]}}],"collection":[{"href":"https:\/\/pesu24.ee\/en\/wp-json\/wp\/v2\/product"}],"about":[{"href":"https:\/\/pesu24.ee\/en\/wp-json\/wp\/v2\/types\/product"}],"replies":[{"embeddable":true,"href":"https:\/\/pesu24.ee\/en\/wp-json\/wp\/v2\/comments?post=26597"}],"wp:featuredmedia":[{"embeddable":true,"href":"https:\/\/pesu24.ee\/en\/wp-json\/wp\/v2\/media\/26649"}],"wp:attachment":[{"href":"https:\/\/pesu24.ee\/en\/wp-json\/wp\/v2\/media?parent=26597"}],"wp:term":[{"taxonomy":"product_brand","embeddable":true,"href":"https:\/\/pesu24.ee\/en\/wp-json\/wp\/v2\/product_brand?post=26597"},{"taxonomy":"product_cat","embeddable":true,"href":"https:\/\/pesu24.ee\/en\/wp-json\/wp\/v2\/product_cat?post=26597"},{"taxonomy":"product_tag","embeddable":true,"href":"https:\/\/pesu24.ee\/en\/wp-json\/wp\/v2\/product_tag?post=26597"}],"curies":[{"name":"wp","href":"https:\/\/api.w.org\/{rel}","templated":true}]}}