{"id":26600,"date":"2025-08-19T00:45:57","date_gmt":"2025-08-18T21:45:57","guid":{"rendered":"https:\/\/pesu24.ee\/?post_type=product&#038;p=26600"},"modified":"2026-03-23T11:59:22","modified_gmt":"2026-03-23T09:59:22","slug":"avatud-sukavoo-obsessive-pearlove","status":"publish","type":"product","link":"https:\/\/pesu24.ee\/en\/aksessuaarid\/avatud-sukavoo-obsessive-pearlove\/","title":{"rendered":"Avatud sukav\u00f6\u00f6 Obsessive Pearlove"},"content":{"rendered":"<p><strong>Avatud sukav\u00f6\u00f6l Obsessive Pearlove on nii sukav\u00f6\u00f6 kui ka alusp\u00fcksid \u00fches, samas alusp\u00fcksid on avatud, mis j\u00e4tab fantaasiale v\u00e4ga v\u00e4he ruumi.<\/strong><\/p>\n<p>Sukav\u00f6\u00f6 on valmistatud v\u00e4ga elastsest pitsilisest materjalist, mida on v\u00e4ga m\u00f5nus katsuda ja keha vastas tunda. Lisaks sellele on v\u00e4ga mugav kanda. L\u00f5ige toob esile naiselikkuse ning r\u00f5hutab puusi ning tagant r\u00f5hutab tuharaid.<\/p>\n<p>Sukav\u00f6\u00f6l neli reguleeritavat sukahoidjat. Veniv ja elastne materjal tagab ideaalse sobivuse. Sukav\u00f6\u00f6 kaunistatud v\u00e4ikese valge p\u00e4rliripatsiga.<\/p>\n<p>Fotodel olevad sukad ei kuulu komplekti, aga sobivad ideaalselt <a href=\"https:\/\/pesu24.ee\/en\/sukad\/sukad-obsessive-s800\/\">S800 sukkadega<\/a> v\u00f5i vali meelep\u00e4rased meie laiast <a href=\"https:\/\/pesu24.ee\/en\/sukad\/\">sukkade valikust<\/a>. Samuti ei kuulu komplekti fotodel olevad nibukatted, aga need saab samuti osta meie poest. Tegu on <a href=\"https:\/\/pesu24.ee\/en\/?s=nibukatted\">A752 Obsessive nibukatetega<\/a>.<\/p>\n<p><span style=\"color: #008000;\"><strong>DETAILS:<\/strong><\/span><\/p>\n<ul>\n<li>sukahoidja ja alusp\u00fcksid \u00fches<\/li>\n<li>4 reguleeritavat sukahoidjat<\/li>\n<li>l\u00f5ige r\u00f5hutab puusasid ja tuharaid<\/li>\n<li>avatud jalgevahe<\/li>\n<li>elastne materjal<\/li>\n<li>v\u00e4ga mugav kanda ja keha vastas tunda<\/li>\n<li>44% pol\u00fcamiid, 56% elastaan<\/li>\n<\/ul>\n<p><span style=\"color: #008000;\"><strong>VIDEO<\/strong><\/span><\/p>\n<div class=\"video-container\"><iframe loading=\"lazy\" title=\"OKOUZLUJ\u00cdC\u00cd PODVAZKOV\u00dd P\u00c1S PEARLOVE GARTER BELT - OBSESSIVE\" width=\"500\" height=\"281\" src=\"https:\/\/www.youtube.com\/embed\/zH9huCMou5E?feature=oembed&#038;wmode=opaque\" frameborder=\"0\" allow=\"accelerometer; autoplay; clipboard-write; encrypted-media; gyroscope; picture-in-picture; web-share\" referrerpolicy=\"strict-origin-when-cross-origin\" allowfullscreen><\/iframe><\/div>","protected":false},"excerpt":{"rendered":"<p>https:\/\/www.youtube.com\/watch?v=zH9huCMou5E<\/p>","protected":false},"featured_media":26672,"comment_status":"open","ping_status":"closed","template":"","meta":{"_glsr_average":0,"_glsr_ranking":0,"_glsr_reviews":0},"product_brand":[500],"product_cat":[108],"product_tag":[160],"class_list":{"0":"post-26600","1":"product","2":"type-product","3":"status-publish","4":"has-post-thumbnail","6":"product_brand-obsessive","7":"product_cat-aksessuaarid","8":"product_tag-obsessive","9":"pa_suurus-l-xl","10":"pa_suurus-s-m","11":"pa_suurus-xxl","12":"pa_varvus-must","14":"first","15":"instock","16":"sale","17":"sold-individually","18":"taxable","19":"shipping-taxable","20":"purchasable","21":"product-type-variable"},"_links":{"self":[{"href":"https:\/\/pesu24.ee\/en\/wp-json\/wp\/v2\/product\/26600","targetHints":{"allow":["GET"]}}],"collection":[{"href":"https:\/\/pesu24.ee\/en\/wp-json\/wp\/v2\/product"}],"about":[{"href":"https:\/\/pesu24.ee\/en\/wp-json\/wp\/v2\/types\/product"}],"replies":[{"embeddable":true,"href":"https:\/\/pesu24.ee\/en\/wp-json\/wp\/v2\/comments?post=26600"}],"wp:featuredmedia":[{"embeddable":true,"href":"https:\/\/pesu24.ee\/en\/wp-json\/wp\/v2\/media\/26672"}],"wp:attachment":[{"href":"https:\/\/pesu24.ee\/en\/wp-json\/wp\/v2\/media?parent=26600"}],"wp:term":[{"taxonomy":"product_brand","embeddable":true,"href":"https:\/\/pesu24.ee\/en\/wp-json\/wp\/v2\/product_brand?post=26600"},{"taxonomy":"product_cat","embeddable":true,"href":"https:\/\/pesu24.ee\/en\/wp-json\/wp\/v2\/product_cat?post=26600"},{"taxonomy":"product_tag","embeddable":true,"href":"https:\/\/pesu24.ee\/en\/wp-json\/wp\/v2\/product_tag?post=26600"}],"curies":[{"name":"wp","href":"https:\/\/api.w.org\/{rel}","templated":true}]}}