{"id":26602,"date":"2025-08-19T00:45:57","date_gmt":"2025-08-18T21:45:57","guid":{"rendered":"https:\/\/pesu24.ee\/?post_type=product&#038;p=26602"},"modified":"2025-08-21T14:33:43","modified_gmt":"2025-08-21T11:33:43","slug":"avatud-sukavoo-obsessive-rediosa","status":"publish","type":"product","link":"https:\/\/pesu24.ee\/en\/aksessuaarid\/avatud-sukavoo-obsessive-rediosa\/","title":{"rendered":"Avatud sukav\u00f6\u00f6 Obsessive Rediosa"},"content":{"rendered":"<p><strong>Punasest pitsist Obsessive pesukollektsiooni sukav\u00f6\u00f6 Rediosa, mis \u00fchendab endas korraga stringe\/alusp\u00fckse ja sukav\u00f6\u00f6d, millel on neli reguleeritavat sukahoidjat.<\/strong><\/p>\n<p>Sukahoidjate reguleeritavus tagab parima sobivuse. Sukav\u00f6\u00f6 aluspesu osa avatud (vaata tootefotosid) ja fotodel olevad sukad komplekti ei kuulu, aga need saab samuti meie e-poest soetada. Tegu on <a href=\"https:\/\/pesu24.ee\/en\/sukad\/sukad-obsessive-rediosa-15-den\/\">Rediosa sukkadega<\/a>.<\/p>\n<p><span style=\"color: #008000;\"><strong>DETAILS:<\/strong><\/span><\/p>\n<ul>\n<li>punasest pitsist sukkav\u00f6\u00f6<\/li>\n<li>veniv ja vastupidav materjal<\/li>\n<li>ideaalselt sobiv<\/li>\n<li>4 reguleeritavad sukahoidjat<\/li>\n<li>sukav\u00f6\u00f6 aluspesu osa avatud<\/li>\n<li>sukav\u00f6\u00f6 ja alusp\u00fcksid\/stringid \u00fches<\/li>\n<li>90% pol\u00fcamiid, 10% elastaan<\/li>\n<\/ul>\n<p>Fotodel olevad sukad komplekti kuulu. Fotodel on komplekt kujutatud koos <a href=\"https:\/\/pesu24.ee\/en\/sukad\/sukad-obsessive-rediosa-15-den\/\">Rediosa sukkadega<\/a>.<\/p>\n<p><span style=\"color: #008000;\"><strong>VIDEO<\/strong><\/span><\/p>\n<div class=\"video-container\"><iframe loading=\"lazy\" title=\"V\u00c1\u0160NIV\u00dd PODVAZKOV\u00dd P\u00c1S REDIOSA GARTER BELT - OBSESSIVE\" width=\"500\" height=\"281\" src=\"https:\/\/www.youtube.com\/embed\/2gSjsCr9vpw?feature=oembed&#038;wmode=opaque\" frameborder=\"0\" allow=\"accelerometer; autoplay; clipboard-write; encrypted-media; gyroscope; picture-in-picture; web-share\" referrerpolicy=\"strict-origin-when-cross-origin\" allowfullscreen><\/iframe><\/div>","protected":false},"excerpt":{"rendered":"<p>&#46;&#46;&#46;<\/p>","protected":false},"featured_media":26684,"comment_status":"open","ping_status":"closed","template":"","meta":{"_glsr_average":0,"_glsr_ranking":0,"_glsr_reviews":0},"product_brand":[500],"product_cat":[108],"product_tag":[392,160],"class_list":{"0":"post-26602","1":"product","2":"type-product","3":"status-publish","4":"has-post-thumbnail","6":"product_brand-obsessive","7":"product_cat-aksessuaarid","8":"product_tag-avatud-stringid","9":"product_tag-obsessive","10":"pa_suurus-l-xl","11":"pa_suurus-s-m","12":"pa_varvus-punane","14":"first","15":"instock","16":"sold-individually","17":"taxable","18":"shipping-taxable","19":"purchasable","20":"product-type-variable"},"_links":{"self":[{"href":"https:\/\/pesu24.ee\/en\/wp-json\/wp\/v2\/product\/26602","targetHints":{"allow":["GET"]}}],"collection":[{"href":"https:\/\/pesu24.ee\/en\/wp-json\/wp\/v2\/product"}],"about":[{"href":"https:\/\/pesu24.ee\/en\/wp-json\/wp\/v2\/types\/product"}],"replies":[{"embeddable":true,"href":"https:\/\/pesu24.ee\/en\/wp-json\/wp\/v2\/comments?post=26602"}],"wp:featuredmedia":[{"embeddable":true,"href":"https:\/\/pesu24.ee\/en\/wp-json\/wp\/v2\/media\/26684"}],"wp:attachment":[{"href":"https:\/\/pesu24.ee\/en\/wp-json\/wp\/v2\/media?parent=26602"}],"wp:term":[{"taxonomy":"product_brand","embeddable":true,"href":"https:\/\/pesu24.ee\/en\/wp-json\/wp\/v2\/product_brand?post=26602"},{"taxonomy":"product_cat","embeddable":true,"href":"https:\/\/pesu24.ee\/en\/wp-json\/wp\/v2\/product_cat?post=26602"},{"taxonomy":"product_tag","embeddable":true,"href":"https:\/\/pesu24.ee\/en\/wp-json\/wp\/v2\/product_tag?post=26602"}],"curies":[{"name":"wp","href":"https:\/\/api.w.org\/{rel}","templated":true}]}}