{"id":26605,"date":"2025-08-19T00:45:57","date_gmt":"2025-08-18T21:45:57","guid":{"rendered":"https:\/\/pesu24.ee\/?post_type=product&#038;p=26605"},"modified":"2025-08-21T14:53:58","modified_gmt":"2025-08-21T11:53:58","slug":"kuldne-sukavoo-rakmed-obsessive-a764","status":"publish","type":"product","link":"https:\/\/pesu24.ee\/en\/sukahoidjad\/kuldne-sukavoo-rakmed-obsessive-a764\/","title":{"rendered":"Kuldne sukav\u00f6\u00f6-rakmed Obsessive A764"},"content":{"rendered":"<p><strong>Kuldne sukav\u00f6\u00f6-rakmed Obsessive A764. Sukav\u00f6\u00f6 koos nelja sukapaelaga, mis on kombineeritud kuldse-l\u00e4ikiva nahalaadse metarjali ja metallise \u00fchendusr\u00f5ngaste ning neetidega.<\/strong><\/p>\n<p><span style=\"color: #008000;\"><strong>DETAILS<\/strong><\/span><\/p>\n<ul>\n<li>kuldne sukav\u00f6\u00f6-rakmed<\/li>\n<li>elastne materjal tagab ideaalse sobivuse<\/li>\n<li>kuldne-nahalaadne materjal<\/li>\n<li>meeldiv keha vastas tunda ja m\u00f5nus puudutada<\/li>\n<li>60% pol\u00fcuretaan, 25% nailon, 10% raudmetall, 5% kumm<\/li>\n<\/ul>\n<p>Tootefotodel olev Obsessive A766 piits, nahatooni S800 sukad ja rinnahoidja-rakmed A765 ei kuulu komplekti.<\/p>\n<p><span style=\"color: #008000;\"><strong>VIDEO<\/strong><\/span><\/p>\n<div class=\"video-container\"><iframe loading=\"lazy\" title=\"ZLAT\u00dd PODVAZKOV\u00dd P\u00c1S A764 GARTER BELT - OBSESSIVE\" width=\"500\" height=\"281\" src=\"https:\/\/www.youtube.com\/embed\/BQ8tS8nwjHA?feature=oembed&#038;wmode=opaque\" frameborder=\"0\" allow=\"accelerometer; autoplay; clipboard-write; encrypted-media; gyroscope; picture-in-picture; web-share\" referrerpolicy=\"strict-origin-when-cross-origin\" allowfullscreen><\/iframe><\/div>","protected":false},"excerpt":{"rendered":"<p>https:\/\/www.youtube.com\/watch?v=BQ8tS8nwjHA<\/p>","protected":false},"featured_media":26703,"comment_status":"open","ping_status":"closed","template":"","meta":{"_glsr_average":0,"_glsr_ranking":0,"_glsr_reviews":0},"product_brand":[500],"product_cat":[211],"product_tag":[398,160],"class_list":{"0":"post-26605","1":"product","2":"type-product","3":"status-publish","4":"has-post-thumbnail","6":"product_brand-obsessive","7":"product_cat-sukahoidjad","8":"product_tag-latekspesu","9":"product_tag-obsessive","10":"pa_suurus-universaalsuurus","11":"pa_varvus-kuldne","13":"first","14":"instock","15":"sold-individually","16":"taxable","17":"shipping-taxable","18":"purchasable","19":"product-type-simple"},"_links":{"self":[{"href":"https:\/\/pesu24.ee\/en\/wp-json\/wp\/v2\/product\/26605","targetHints":{"allow":["GET"]}}],"collection":[{"href":"https:\/\/pesu24.ee\/en\/wp-json\/wp\/v2\/product"}],"about":[{"href":"https:\/\/pesu24.ee\/en\/wp-json\/wp\/v2\/types\/product"}],"replies":[{"embeddable":true,"href":"https:\/\/pesu24.ee\/en\/wp-json\/wp\/v2\/comments?post=26605"}],"wp:featuredmedia":[{"embeddable":true,"href":"https:\/\/pesu24.ee\/en\/wp-json\/wp\/v2\/media\/26703"}],"wp:attachment":[{"href":"https:\/\/pesu24.ee\/en\/wp-json\/wp\/v2\/media?parent=26605"}],"wp:term":[{"taxonomy":"product_brand","embeddable":true,"href":"https:\/\/pesu24.ee\/en\/wp-json\/wp\/v2\/product_brand?post=26605"},{"taxonomy":"product_cat","embeddable":true,"href":"https:\/\/pesu24.ee\/en\/wp-json\/wp\/v2\/product_cat?post=26605"},{"taxonomy":"product_tag","embeddable":true,"href":"https:\/\/pesu24.ee\/en\/wp-json\/wp\/v2\/product_tag?post=26605"}],"curies":[{"name":"wp","href":"https:\/\/api.w.org\/{rel}","templated":true}]}}