{"id":26606,"date":"2025-08-19T00:45:57","date_gmt":"2025-08-18T21:45:57","guid":{"rendered":"https:\/\/pesu24.ee\/?post_type=product&#038;p=26606"},"modified":"2025-08-21T14:53:47","modified_gmt":"2025-08-21T11:53:47","slug":"mustad-taielikult-reguleeritavad-rakmed-obsessive-a762","status":"publish","type":"product","link":"https:\/\/pesu24.ee\/en\/aksessuaarid\/mustad-taielikult-reguleeritavad-rakmed-obsessive-a762\/","title":{"rendered":"Mustad t\u00e4ielikult reguleeritavad rakmed Obsessive A762"},"content":{"rendered":"<p>Kas on m\u00f5ni aksessuaar, mis suurep\u00e4raselt r\u00f5hutaks naiselikke vorme ja tooks esile naiselikkuse? Obsessive pesubr\u00e4ndil on, sest nad on loonud mustast nahalaadsest materjast v\u00fcrtsikad rakmed, mis t\u00f5stad temperatuuri igas magamistoas.<\/p>\n<p>See on Obsessive pesubr\u00e4ndi mustad avatud sukav\u00f6\u00f6-rakmed A762. Saadaval kahes erinevas suuruses ehk universaalsuuruses (S\/M\/L) ja pluss-suuruses (XL\/XXL), mis tagab ideaalse sobivuse.<\/p>\n<p><span style=\"color: #008000;\"><strong>DETAILS<\/strong><\/span><\/p>\n<ul>\n<li>mustad elegantsed rakmed<\/li>\n<li>pea k\u00f5ik rihmad reguleeritavad<\/li>\n<li>must nahalaadne materjal<\/li>\n<li>reguleeritavus loob ideaalse sobivuse<\/li>\n<li>v\u00e4ga meeldiv keha vastas tunda kui ka m\u00f5nus puudutada<\/li>\n<li>75% PU, 10% nailon, 10% metall, 5% kumm<\/li>\n<\/ul>\n<p>Tootefotodel olevad <a href=\"https:\/\/pesu24.ee\/en\/aksessuaarid\/metallist-kaunistustega-mustad-nibukatted-obsessive-a763\/\">nibukatted Obsessive A763<\/a> ei kuulu komplekti.<\/p>\n<p><span style=\"color: #008000;\"><strong>VIDEO<\/strong><\/span><\/p>\n<div class=\"video-container\"><iframe loading=\"lazy\" title=\"SMYSLN\u00dd POSTROJ A762 HARNESS - OBSESSIVE\" width=\"500\" height=\"281\" src=\"https:\/\/www.youtube.com\/embed\/t6VzT-sW23s?feature=oembed&#038;wmode=opaque\" frameborder=\"0\" allow=\"accelerometer; autoplay; clipboard-write; encrypted-media; gyroscope; picture-in-picture; web-share\" referrerpolicy=\"strict-origin-when-cross-origin\" allowfullscreen><\/iframe><\/div>","protected":false},"excerpt":{"rendered":"<p>&#46;&#46;&#46;<\/p>","protected":false},"featured_media":26711,"comment_status":"open","ping_status":"closed","template":"","meta":{"_glsr_average":0,"_glsr_ranking":0,"_glsr_reviews":0},"product_brand":[500],"product_cat":[108],"product_tag":[398,160],"class_list":{"0":"post-26606","1":"product","2":"type-product","3":"status-publish","4":"has-post-thumbnail","6":"product_brand-obsessive","7":"product_cat-aksessuaarid","8":"product_tag-latekspesu","9":"product_tag-obsessive","10":"pa_suurus-universaalsuurus","11":"pa_suurus-xl-xxl","12":"pa_varvus-must","14":"first","15":"instock","16":"sold-individually","17":"taxable","18":"shipping-taxable","19":"purchasable","20":"product-type-variable"},"_links":{"self":[{"href":"https:\/\/pesu24.ee\/en\/wp-json\/wp\/v2\/product\/26606","targetHints":{"allow":["GET"]}}],"collection":[{"href":"https:\/\/pesu24.ee\/en\/wp-json\/wp\/v2\/product"}],"about":[{"href":"https:\/\/pesu24.ee\/en\/wp-json\/wp\/v2\/types\/product"}],"replies":[{"embeddable":true,"href":"https:\/\/pesu24.ee\/en\/wp-json\/wp\/v2\/comments?post=26606"}],"wp:featuredmedia":[{"embeddable":true,"href":"https:\/\/pesu24.ee\/en\/wp-json\/wp\/v2\/media\/26711"}],"wp:attachment":[{"href":"https:\/\/pesu24.ee\/en\/wp-json\/wp\/v2\/media?parent=26606"}],"wp:term":[{"taxonomy":"product_brand","embeddable":true,"href":"https:\/\/pesu24.ee\/en\/wp-json\/wp\/v2\/product_brand?post=26606"},{"taxonomy":"product_cat","embeddable":true,"href":"https:\/\/pesu24.ee\/en\/wp-json\/wp\/v2\/product_cat?post=26606"},{"taxonomy":"product_tag","embeddable":true,"href":"https:\/\/pesu24.ee\/en\/wp-json\/wp\/v2\/product_tag?post=26606"}],"curies":[{"name":"wp","href":"https:\/\/api.w.org\/{rel}","templated":true}]}}