{"id":26607,"date":"2025-08-19T00:45:57","date_gmt":"2025-08-18T21:45:57","guid":{"rendered":"https:\/\/pesu24.ee\/?post_type=product&#038;p=26607"},"modified":"2025-08-21T14:53:20","modified_gmt":"2025-08-21T11:53:20","slug":"kaerauad-ja-peavoru-obsessive-tigerlla","status":"publish","type":"product","link":"https:\/\/pesu24.ee\/en\/aksessuaarid\/kaerauad-ja-peavoru-obsessive-tigerlla\/","title":{"rendered":"K\u00e4erauad ja peav\u00f5ru Obsessive Tigerlla"},"content":{"rendered":"<p>Obsessive Tigerlla komplekt muudab teie rutiinseks muutunud \u00f5htud taas eriliseks ja meeldej\u00e4\u00e4vaks v\u00f5i kui teil peaks tekkima ulakamaid m\u00f5tteid &#8230;<\/p>\n<p><span style=\"color: #008000;\"><strong>KOMPLEKT SISALDAB:<\/strong><\/span><\/p>\n<ul>\n<li>peav\u00f5ru<\/li>\n<li>k\u00e4erauad<\/li>\n<\/ul>\n<p><span style=\"color: #008000;\"><strong>DETAILS:<\/strong><\/span><\/p>\n<ul>\n<li>k\u00e4eraudade suurus reguleeritav<\/li>\n<li>leopardi muster<\/li>\n<li>\u00fcks suurus sobib enamikule<\/li>\n<\/ul>\n<p><span style=\"color: #008000;\"><strong>VIDEO<\/strong><\/span><\/p>\n<div class=\"video-container\"><iframe loading=\"lazy\" title=\"SV\u016eDN\u00dd SET TIGERLLA - OBSESSIVE\" width=\"500\" height=\"281\" src=\"https:\/\/www.youtube.com\/embed\/_vW6vJZZH4Y?feature=oembed&#038;wmode=opaque\" frameborder=\"0\" allow=\"accelerometer; autoplay; clipboard-write; encrypted-media; gyroscope; picture-in-picture; web-share\" referrerpolicy=\"strict-origin-when-cross-origin\" allowfullscreen><\/iframe><\/div>","protected":false},"excerpt":{"rendered":"<p>https:\/\/www.youtube.com\/watch?v=_vW6vJZZH4Y<\/p>","protected":false},"featured_media":26719,"comment_status":"open","ping_status":"closed","template":"","meta":{"_glsr_average":0,"_glsr_ranking":0,"_glsr_reviews":0},"product_brand":[500],"product_cat":[108],"product_tag":[160],"class_list":{"0":"post-26607","1":"product","2":"type-product","3":"status-publish","4":"has-post-thumbnail","6":"product_brand-obsessive","7":"product_cat-aksessuaarid","8":"product_tag-obsessive","9":"pa_suurus-universaalsuurus","10":"pa_varvus-leopard","12":"first","13":"instock","14":"sold-individually","15":"taxable","16":"shipping-taxable","17":"purchasable","18":"product-type-simple"},"_links":{"self":[{"href":"https:\/\/pesu24.ee\/en\/wp-json\/wp\/v2\/product\/26607","targetHints":{"allow":["GET"]}}],"collection":[{"href":"https:\/\/pesu24.ee\/en\/wp-json\/wp\/v2\/product"}],"about":[{"href":"https:\/\/pesu24.ee\/en\/wp-json\/wp\/v2\/types\/product"}],"replies":[{"embeddable":true,"href":"https:\/\/pesu24.ee\/en\/wp-json\/wp\/v2\/comments?post=26607"}],"wp:featuredmedia":[{"embeddable":true,"href":"https:\/\/pesu24.ee\/en\/wp-json\/wp\/v2\/media\/26719"}],"wp:attachment":[{"href":"https:\/\/pesu24.ee\/en\/wp-json\/wp\/v2\/media?parent=26607"}],"wp:term":[{"taxonomy":"product_brand","embeddable":true,"href":"https:\/\/pesu24.ee\/en\/wp-json\/wp\/v2\/product_brand?post=26607"},{"taxonomy":"product_cat","embeddable":true,"href":"https:\/\/pesu24.ee\/en\/wp-json\/wp\/v2\/product_cat?post=26607"},{"taxonomy":"product_tag","embeddable":true,"href":"https:\/\/pesu24.ee\/en\/wp-json\/wp\/v2\/product_tag?post=26607"}],"curies":[{"name":"wp","href":"https:\/\/api.w.org\/{rel}","templated":true}]}}