{"id":26609,"date":"2025-08-19T00:45:57","date_gmt":"2025-08-18T21:45:57","guid":{"rendered":"https:\/\/pesu24.ee\/?post_type=product&#038;p=26609"},"modified":"2025-08-19T00:49:19","modified_gmt":"2025-08-18T21:49:19","slug":"kuldsed-tahekujulised-nibukatted-coquette","status":"publish","type":"product","link":"https:\/\/pesu24.ee\/en\/aksessuaarid\/kuldsed-tahekujulised-nibukatted-coquette\/","title":{"rendered":"Kuldsed t\u00e4hekujulised nibukatted Coquette"},"content":{"rendered":"<p>Coquette poolt valmistatud nibukatted sobivad ideaalselt enda paarilise \u00fcllatamiseks ja v\u00f5rgutamiseks. Nende silmapaistvate kuldt\u00e4htedest nibukatetega saate julgelt olla t\u00e4helepanu keskpunktis.<\/p>\n<p>Toode sobib ka suurep\u00e4raselt kingituse tegemiseks. Nendega on kaasas isekleepuv teip, et neid oleks v\u00f5imalikult mugav peale panna ja \u00e4ra v\u00f5tta.<\/p>\n<p><span style=\"color: #008000;\"><strong>OMADUSED<\/strong><\/span><\/p>\n<ul>\n<li>t\u00e4hekujulised nibukatted<\/li>\n<li>kuldne v\u00e4rvus<\/li>\n<li>valmistatud metallist<\/li>\n<li>korduvkasutatav<\/li>\n<\/ul>","protected":false},"excerpt":{"rendered":"<p>&#46;&#46;&#46;<\/p>","protected":false},"featured_media":26720,"comment_status":"open","ping_status":"closed","template":"","meta":{"_glsr_average":0,"_glsr_ranking":0,"_glsr_reviews":0},"product_brand":[],"product_cat":[108],"product_tag":[397],"class_list":{"0":"post-26609","1":"product","2":"type-product","3":"status-publish","4":"has-post-thumbnail","6":"product_cat-aksessuaarid","7":"product_tag-nibukatted","9":"first","10":"instock","11":"sold-individually","12":"taxable","13":"shipping-taxable","14":"purchasable","15":"product-type-simple"},"_links":{"self":[{"href":"https:\/\/pesu24.ee\/en\/wp-json\/wp\/v2\/product\/26609","targetHints":{"allow":["GET"]}}],"collection":[{"href":"https:\/\/pesu24.ee\/en\/wp-json\/wp\/v2\/product"}],"about":[{"href":"https:\/\/pesu24.ee\/en\/wp-json\/wp\/v2\/types\/product"}],"replies":[{"embeddable":true,"href":"https:\/\/pesu24.ee\/en\/wp-json\/wp\/v2\/comments?post=26609"}],"wp:featuredmedia":[{"embeddable":true,"href":"https:\/\/pesu24.ee\/en\/wp-json\/wp\/v2\/media\/26720"}],"wp:attachment":[{"href":"https:\/\/pesu24.ee\/en\/wp-json\/wp\/v2\/media?parent=26609"}],"wp:term":[{"taxonomy":"product_brand","embeddable":true,"href":"https:\/\/pesu24.ee\/en\/wp-json\/wp\/v2\/product_brand?post=26609"},{"taxonomy":"product_cat","embeddable":true,"href":"https:\/\/pesu24.ee\/en\/wp-json\/wp\/v2\/product_cat?post=26609"},{"taxonomy":"product_tag","embeddable":true,"href":"https:\/\/pesu24.ee\/en\/wp-json\/wp\/v2\/product_tag?post=26609"}],"curies":[{"name":"wp","href":"https:\/\/api.w.org\/{rel}","templated":true}]}}