{"id":26614,"date":"2025-08-19T00:45:58","date_gmt":"2025-08-18T21:45:58","guid":{"rendered":"https:\/\/pesu24.ee\/?post_type=product&#038;p=26614"},"modified":"2025-08-19T00:50:56","modified_gmt":"2025-08-18T21:50:56","slug":"kuldsed-sudamekujulised-nibukatted-coquette","status":"publish","type":"product","link":"https:\/\/pesu24.ee\/en\/aksessuaarid\/kuldsed-sudamekujulised-nibukatted-coquette\/","title":{"rendered":"Kuldsed s\u00fcdamekujulised nibukatted Coquette"},"content":{"rendered":"<p>Need Qoquette nibukatted on ideaalne viis millega \u00fcllatada ja v\u00f5rgutada oma paarilist. Eriti h\u00e4sti sobivad need pesu v\u00f5i kost\u00fc\u00fcmi juurde.<\/p>\n<p>Nibukatted on kuldset v\u00e4rvi ja s\u00fcdamekujulised, mis on isekleepuvad ja korduvkasutatavad. Neid nibukatteid on \u00fclimalt lihtne peale panna kui ka eemaldada.<\/p>\n<p><span style=\"color: #008000;\"><strong>OMADUSED<\/strong><\/span><\/p>\n<ul>\n<li>kuldset v\u00e4rvi<\/li>\n<li>s\u00fcdamekujulised<\/li>\n<li>materjal metall<\/li>\n<li>isekleepuvad ja korduvkasutatavad<\/li>\n<\/ul>","protected":false},"excerpt":{"rendered":"<p>&#46;&#46;&#46;<\/p>","protected":false},"featured_media":26748,"comment_status":"open","ping_status":"closed","template":"","meta":{"_glsr_average":0,"_glsr_ranking":0,"_glsr_reviews":0},"product_brand":[],"product_cat":[108],"product_tag":[397],"class_list":{"0":"post-26614","1":"product","2":"type-product","3":"status-publish","4":"has-post-thumbnail","6":"product_cat-aksessuaarid","7":"product_tag-nibukatted","9":"first","10":"instock","11":"sold-individually","12":"taxable","13":"shipping-taxable","14":"purchasable","15":"product-type-simple"},"_links":{"self":[{"href":"https:\/\/pesu24.ee\/en\/wp-json\/wp\/v2\/product\/26614","targetHints":{"allow":["GET"]}}],"collection":[{"href":"https:\/\/pesu24.ee\/en\/wp-json\/wp\/v2\/product"}],"about":[{"href":"https:\/\/pesu24.ee\/en\/wp-json\/wp\/v2\/types\/product"}],"replies":[{"embeddable":true,"href":"https:\/\/pesu24.ee\/en\/wp-json\/wp\/v2\/comments?post=26614"}],"wp:featuredmedia":[{"embeddable":true,"href":"https:\/\/pesu24.ee\/en\/wp-json\/wp\/v2\/media\/26748"}],"wp:attachment":[{"href":"https:\/\/pesu24.ee\/en\/wp-json\/wp\/v2\/media?parent=26614"}],"wp:term":[{"taxonomy":"product_brand","embeddable":true,"href":"https:\/\/pesu24.ee\/en\/wp-json\/wp\/v2\/product_brand?post=26614"},{"taxonomy":"product_cat","embeddable":true,"href":"https:\/\/pesu24.ee\/en\/wp-json\/wp\/v2\/product_cat?post=26614"},{"taxonomy":"product_tag","embeddable":true,"href":"https:\/\/pesu24.ee\/en\/wp-json\/wp\/v2\/product_tag?post=26614"}],"curies":[{"name":"wp","href":"https:\/\/api.w.org\/{rel}","templated":true}]}}