{"id":26628,"date":"2025-08-19T00:46:19","date_gmt":"2025-08-18T21:46:19","guid":{"rendered":"https:\/\/pesu24.ee\/?post_type=product&#038;p=26628"},"modified":"2025-08-20T14:57:51","modified_gmt":"2025-08-20T11:57:51","slug":"elastsed-okonahast-kaised-noir-handmade-f213","status":"publish","type":"product","link":"https:\/\/pesu24.ee\/en\/aksessuaarid\/elastsed-okonahast-kaised-noir-handmade-f213\/","title":{"rendered":"Elastsed \u00f6konahast k\u00e4ised Noir Handmade F213"},"content":{"rendered":"<p>Elastsest \u00f6konahast k\u00e4ised Noir Handmade F213, mis t\u00e4iendavad mistahes <a href=\"https:\/\/pesu24.ee\/en\/omadus\/noir-handmade\/\">Noir Handmade pesude<\/a> peokomplekti. Need ei lase Sind j\u00e4\u00e4da m\u00e4rkamatuks.<\/p>\n<p><span style=\"color: #008000;\"><strong>KOMPLEKTIS<\/strong><\/span><\/p>\n<ul>\n<li>komplekti kuuluvad fotodel olevad k\u00e4ised<\/li>\n<\/ul>\n<p>Elastsed \u00f6konahast k\u00e4ised Noir Handmade F213 sobib kokku j\u00e4rgmiste Noir Handmade toodetega: <a href=\"https:\/\/pesu24.ee\/en\/kleidid-seelikud\/minikleit-noir-handmade-f212\/\">minikleit F212<\/a>, <a href=\"https:\/\/pesu24.ee\/en\/kleidid-seelikud\/minikleit-noir-handmade-f210\/\">pitsist minikleit F210<\/a> ja <a href=\"https:\/\/pesu24.ee\/en\/kleidid-seelikud\/kleit-noir-handmade-f208\/\">kleit F208<\/a>.<\/p>\n<p><span style=\"color: #008000;\"><strong>OMADUSED<\/strong><\/span><\/p>\n<ul>\n<li>wet look stiilis k\u00e4ised<\/li>\n<li>elastne materjal<\/li>\n<li>77% pol\u00fcester, 23% elastaan<\/li>\n<\/ul>","protected":false},"excerpt":{"rendered":"<p>&#46;&#46;&#46;<\/p>","protected":false},"featured_media":26791,"comment_status":"open","ping_status":"closed","template":"","meta":{"_glsr_average":0,"_glsr_ranking":0,"_glsr_reviews":0},"product_brand":[501],"product_cat":[108],"product_tag":[398,218],"class_list":{"0":"post-26628","1":"product","2":"type-product","3":"status-publish","4":"has-post-thumbnail","6":"product_brand-noir-handmade","7":"product_cat-aksessuaarid","8":"product_tag-latekspesu","9":"product_tag-noir-handmade","10":"pa_suurus-l","11":"pa_suurus-m","12":"pa_suurus-s","13":"pa_suurus-xl","14":"pa_varvus-must","16":"first","17":"instock","18":"sold-individually","19":"taxable","20":"shipping-taxable","21":"purchasable","22":"product-type-variable"},"_links":{"self":[{"href":"https:\/\/pesu24.ee\/en\/wp-json\/wp\/v2\/product\/26628","targetHints":{"allow":["GET"]}}],"collection":[{"href":"https:\/\/pesu24.ee\/en\/wp-json\/wp\/v2\/product"}],"about":[{"href":"https:\/\/pesu24.ee\/en\/wp-json\/wp\/v2\/types\/product"}],"replies":[{"embeddable":true,"href":"https:\/\/pesu24.ee\/en\/wp-json\/wp\/v2\/comments?post=26628"}],"wp:featuredmedia":[{"embeddable":true,"href":"https:\/\/pesu24.ee\/en\/wp-json\/wp\/v2\/media\/26791"}],"wp:attachment":[{"href":"https:\/\/pesu24.ee\/en\/wp-json\/wp\/v2\/media?parent=26628"}],"wp:term":[{"taxonomy":"product_brand","embeddable":true,"href":"https:\/\/pesu24.ee\/en\/wp-json\/wp\/v2\/product_brand?post=26628"},{"taxonomy":"product_cat","embeddable":true,"href":"https:\/\/pesu24.ee\/en\/wp-json\/wp\/v2\/product_cat?post=26628"},{"taxonomy":"product_tag","embeddable":true,"href":"https:\/\/pesu24.ee\/en\/wp-json\/wp\/v2\/product_tag?post=26628"}],"curies":[{"name":"wp","href":"https:\/\/api.w.org\/{rel}","templated":true}]}}