{"id":26644,"date":"2025-08-19T00:47:03","date_gmt":"2025-08-18T21:47:03","guid":{"rendered":"https:\/\/pesu24.ee\/?post_type=product&#038;p=26644"},"modified":"2025-08-20T14:52:17","modified_gmt":"2025-08-20T11:52:17","slug":"kaelavoru-kaerauad-obsessive-hunteria","status":"publish","type":"product","link":"https:\/\/pesu24.ee\/en\/aksessuaarid\/kaelavoru-kaerauad-obsessive-hunteria\/","title":{"rendered":"Kaelav\u00f5ru &#038; k\u00e4erauad Obsessive Hunteria"},"content":{"rendered":"<p>Obsessive Hunteria kaelav\u00f5ru ja k\u00e4erauad on valmistatud l\u00e4ikivast ja tepitud materjalist. Toode sobib erinevateks BDSM ja sidumism\u00e4ngudeks.<\/p>\n<p><span style=\"color: #008000;\"><strong>KOMPLEKT SISALDAB:<\/strong><\/span><\/p>\n<ul>\n<li>kaelav\u00f5ru<\/li>\n<li>k\u00e4erauad<\/li>\n<\/ul>\n<p>Kombineeriga kompleks <a href=\"https:\/\/pesu24.ee\/en\/pesukomplektid\/2-osaline-pesukomplekt-obsessive-hunteria\/\">Obsessive Hunteria 2-osalise pesukomplektiga<\/a>.<\/p>\n<p><span style=\"color: #008000;\"><strong>DETAILS:<\/strong><\/span><\/p>\n<ul>\n<li>reguleeritav kaelav\u00f5ru<\/li>\n<li>k\u00e4eraudadel kett eemaldatav<\/li>\n<li>\u00fcks suurus sobib enamikule<\/li>\n<li>mugav &amp; elastne kangas (45% pol\u00fcuretaan, 45% pol\u00fcamiid, 10% elastaan)<\/li>\n<\/ul>\n<p><span style=\"color: #008000;\"><strong>VIDEO<\/strong><\/span><\/p>\n<div class=\"video-container\"><iframe loading=\"lazy\" title=\"PIKANTN\u00cd SADA HUNTERIA CUFFS &amp; CHOKER - OBSESSIVE\" width=\"500\" height=\"281\" src=\"https:\/\/www.youtube.com\/embed\/1PQpVpc6Wqc?feature=oembed&#038;wmode=opaque\" frameborder=\"0\" allow=\"accelerometer; autoplay; clipboard-write; encrypted-media; gyroscope; picture-in-picture; web-share\" referrerpolicy=\"strict-origin-when-cross-origin\" allowfullscreen><\/iframe><\/div>","protected":false},"excerpt":{"rendered":"<p>&#46;&#46;&#46;<\/p>","protected":false},"featured_media":26816,"comment_status":"open","ping_status":"closed","template":"","meta":{"_glsr_average":0,"_glsr_ranking":0,"_glsr_reviews":0},"product_brand":[500],"product_cat":[108],"product_tag":[160],"class_list":{"0":"post-26644","1":"product","2":"type-product","3":"status-publish","4":"has-post-thumbnail","6":"product_brand-obsessive","7":"product_cat-aksessuaarid","8":"product_tag-obsessive","9":"pa_varvus-punane","11":"first","12":"instock","13":"sold-individually","14":"taxable","15":"shipping-taxable","16":"purchasable","17":"product-type-simple"},"_links":{"self":[{"href":"https:\/\/pesu24.ee\/en\/wp-json\/wp\/v2\/product\/26644","targetHints":{"allow":["GET"]}}],"collection":[{"href":"https:\/\/pesu24.ee\/en\/wp-json\/wp\/v2\/product"}],"about":[{"href":"https:\/\/pesu24.ee\/en\/wp-json\/wp\/v2\/types\/product"}],"replies":[{"embeddable":true,"href":"https:\/\/pesu24.ee\/en\/wp-json\/wp\/v2\/comments?post=26644"}],"wp:featuredmedia":[{"embeddable":true,"href":"https:\/\/pesu24.ee\/en\/wp-json\/wp\/v2\/media\/26816"}],"wp:attachment":[{"href":"https:\/\/pesu24.ee\/en\/wp-json\/wp\/v2\/media?parent=26644"}],"wp:term":[{"taxonomy":"product_brand","embeddable":true,"href":"https:\/\/pesu24.ee\/en\/wp-json\/wp\/v2\/product_brand?post=26644"},{"taxonomy":"product_cat","embeddable":true,"href":"https:\/\/pesu24.ee\/en\/wp-json\/wp\/v2\/product_cat?post=26644"},{"taxonomy":"product_tag","embeddable":true,"href":"https:\/\/pesu24.ee\/en\/wp-json\/wp\/v2\/product_tag?post=26644"}],"curies":[{"name":"wp","href":"https:\/\/api.w.org\/{rel}","templated":true}]}}