{"id":26678,"date":"2025-08-19T00:47:56","date_gmt":"2025-08-18T21:47:56","guid":{"rendered":"https:\/\/pesu24.ee\/?post_type=product&#038;p=26678"},"modified":"2025-08-19T00:52:57","modified_gmt":"2025-08-18T21:52:57","slug":"ketiga-uhendatud-nibukatted-ohmama","status":"publish","type":"product","link":"https:\/\/pesu24.ee\/en\/aksessuaarid\/ketiga-uhendatud-nibukatted-ohmama\/","title":{"rendered":"Ketiga \u00fchendatud nibukatted \u00d6hmama"},"content":{"rendered":"<p>\u00d6hmama nibukatted sobivad ideaalselt enda paarilise \u00fcllatamiseks ja v\u00f5rgutamiseks. Nende silmapaistvate nibukatetega saate julgelt olla t\u00e4helepanu keskpunktis.<\/p>\n<p>Toode sobib ka suurep\u00e4raselt kingituse tegemiseks. Nendega on kaasas isekleepuv teip, et neid oleks v\u00f5imalikult mugav peale panna ja \u00e4ra v\u00f5tta.<\/p>\n<p><span style=\"color: #008000;\"><strong>OMADUSED<\/strong><\/span><\/p>\n<ul>\n<li>ketiga \u00fchendatud nibukatted \u00d6hmama<\/li>\n<li>color black<\/li>\n<li>nibukatte materjal PVC<\/li>\n<li>keti materjal niklivaba metall<\/li>\n<li>korduvkasutatav<\/li>\n<\/ul>","protected":false},"excerpt":{"rendered":"<p>&#46;&#46;&#46;<\/p>","protected":false},"featured_media":26824,"comment_status":"open","ping_status":"closed","template":"","meta":{"_glsr_average":0,"_glsr_ranking":0,"_glsr_reviews":0},"product_brand":[],"product_cat":[108],"product_tag":[397],"class_list":{"0":"post-26678","1":"product","2":"type-product","3":"status-publish","4":"has-post-thumbnail","6":"product_cat-aksessuaarid","7":"product_tag-nibukatted","9":"first","10":"instock","11":"sold-individually","12":"taxable","13":"shipping-taxable","14":"purchasable","15":"product-type-simple"},"_links":{"self":[{"href":"https:\/\/pesu24.ee\/en\/wp-json\/wp\/v2\/product\/26678","targetHints":{"allow":["GET"]}}],"collection":[{"href":"https:\/\/pesu24.ee\/en\/wp-json\/wp\/v2\/product"}],"about":[{"href":"https:\/\/pesu24.ee\/en\/wp-json\/wp\/v2\/types\/product"}],"replies":[{"embeddable":true,"href":"https:\/\/pesu24.ee\/en\/wp-json\/wp\/v2\/comments?post=26678"}],"wp:featuredmedia":[{"embeddable":true,"href":"https:\/\/pesu24.ee\/en\/wp-json\/wp\/v2\/media\/26824"}],"wp:attachment":[{"href":"https:\/\/pesu24.ee\/en\/wp-json\/wp\/v2\/media?parent=26678"}],"wp:term":[{"taxonomy":"product_brand","embeddable":true,"href":"https:\/\/pesu24.ee\/en\/wp-json\/wp\/v2\/product_brand?post=26678"},{"taxonomy":"product_cat","embeddable":true,"href":"https:\/\/pesu24.ee\/en\/wp-json\/wp\/v2\/product_cat?post=26678"},{"taxonomy":"product_tag","embeddable":true,"href":"https:\/\/pesu24.ee\/en\/wp-json\/wp\/v2\/product_tag?post=26678"}],"curies":[{"name":"wp","href":"https:\/\/api.w.org\/{rel}","templated":true}]}}