{"id":26694,"date":"2025-08-19T00:48:22","date_gmt":"2025-08-18T21:48:22","guid":{"rendered":"https:\/\/pesu24.ee\/?post_type=product&#038;p=26694"},"modified":"2025-11-03T01:23:45","modified_gmt":"2025-11-02T22:23:45","slug":"silmaside-obsessive-amor-blanco","status":"publish","type":"product","link":"https:\/\/pesu24.ee\/en\/aksessuaarid\/silmaside-obsessive-amor-blanco\/","title":{"rendered":"Silmaside Obsessive Amor Blanco"},"content":{"rendered":"<p>Andke endale pisut salap\u00e4ra, pannes magamistoas ette sensuaalsed Obsessive Amor Blanco silmaside. V\u00f5rgutav, pealtn\u00e4ha s\u00fc\u00fctu valge teab, kuidas \u00e4ratada ellu kujutlusv\u00f5imet.<\/p>\n<p><span style=\"color: #008000;\"><strong>KOMPLEKT SISALDAB:<\/strong><\/span><\/p>\n<ul>\n<li>silmaside<\/li>\n<\/ul>\n<p>Silmaside sobib kokku Amor Blanco <a href=\"https:\/\/pesu24.ee\/en\/aksessuaarid\/sukapael-obsessive-amor-blanco\/\">sukapaela<\/a> ja <a href=\"https:\/\/pesu24.ee\/en\/korsetid\/korsett-obsessive-amor-blanco\/\">korsetiga<\/a>.<\/p>\n<p><span style=\"color: #008000;\"><strong>DETAILS:<\/strong><\/span><\/p>\n<ul>\n<li>v\u00e4rvus valge<\/li>\n<li>valmistatud delikaatsest pisist<\/li>\n<li>tagant paeltega seotav<\/li>\n<li>\u00fcks suurus sobib enamikele &#8211; S\/M\/L<\/li>\n<li>mugav ja elastne kummipael (95% pol\u00fcester, 5% elastaan<span data-contrast=\"none\">)<\/span><\/li>\n<\/ul>","protected":false},"excerpt":{"rendered":"<p>&#46;&#46;&#46;<\/p>","protected":false},"featured_media":26844,"comment_status":"open","ping_status":"closed","template":"","meta":{"_glsr_average":0,"_glsr_ranking":0,"_glsr_reviews":0},"product_brand":[500],"product_cat":[108],"product_tag":[160],"class_list":{"0":"post-26694","1":"product","2":"type-product","3":"status-publish","4":"has-post-thumbnail","6":"product_brand-obsessive","7":"product_cat-aksessuaarid","8":"product_tag-obsessive","9":"pa_suurus-universaalsuurus","10":"pa_varvus-valge","12":"first","13":"instock","14":"sold-individually","15":"taxable","16":"shipping-taxable","17":"purchasable","18":"product-type-simple"},"_links":{"self":[{"href":"https:\/\/pesu24.ee\/en\/wp-json\/wp\/v2\/product\/26694","targetHints":{"allow":["GET"]}}],"collection":[{"href":"https:\/\/pesu24.ee\/en\/wp-json\/wp\/v2\/product"}],"about":[{"href":"https:\/\/pesu24.ee\/en\/wp-json\/wp\/v2\/types\/product"}],"replies":[{"embeddable":true,"href":"https:\/\/pesu24.ee\/en\/wp-json\/wp\/v2\/comments?post=26694"}],"wp:featuredmedia":[{"embeddable":true,"href":"https:\/\/pesu24.ee\/en\/wp-json\/wp\/v2\/media\/26844"}],"wp:attachment":[{"href":"https:\/\/pesu24.ee\/en\/wp-json\/wp\/v2\/media?parent=26694"}],"wp:term":[{"taxonomy":"product_brand","embeddable":true,"href":"https:\/\/pesu24.ee\/en\/wp-json\/wp\/v2\/product_brand?post=26694"},{"taxonomy":"product_cat","embeddable":true,"href":"https:\/\/pesu24.ee\/en\/wp-json\/wp\/v2\/product_cat?post=26694"},{"taxonomy":"product_tag","embeddable":true,"href":"https:\/\/pesu24.ee\/en\/wp-json\/wp\/v2\/product_tag?post=26694"}],"curies":[{"name":"wp","href":"https:\/\/api.w.org\/{rel}","templated":true}]}}