{"id":26709,"date":"2025-08-19T00:48:44","date_gmt":"2025-08-18T21:48:44","guid":{"rendered":"https:\/\/pesu24.ee\/?post_type=product&#038;p=26709"},"modified":"2025-08-21T14:57:17","modified_gmt":"2025-08-21T11:57:17","slug":"sukahoidja-obsessive-lonesia","status":"publish","type":"product","link":"https:\/\/pesu24.ee\/en\/sukahoidjad\/sukahoidja-obsessive-lonesia\/","title":{"rendered":"Sukahoidja Obsessive Lonesia"},"content":{"rendered":"<p>Obsessive Lonesia sukahoidja, mis \u00e4ratab meeled, on kindlasti kohustuslik osa teie garderoobist.<\/p>\n<p>Mahlane punane ja naiselik l\u00f5ige \u00fcmbritsevad teie keha ning ahvatlevad kaunistused muudavad teid veelgi seksikamaks.<\/p>\n<p><strong><span style=\"color: #008000;\">KOMPLEKT SISALDAB:<\/span><\/strong><\/p>\n<ul>\n<li>sukahoidja<\/li>\n<li>NB! sukad ei kuulu komplekti<\/li>\n<\/ul>\n<p>Sukahoidja sobib kokku <a href=\"https:\/\/pesu24.ee\/en\/pesukomplektid\/2-osaline-pesukomplekt-obsessive-lonesia\/\">Obsessive Lonesia pesukomplektiga<\/a> ja <a href=\"https:\/\/pesu24.ee\/en\/sukad\/ihuvarvi-sukad-obsessive-s800\/\">ihuv\u00e4rvi S800 sukkadega<\/a>.<\/p>\n<p><strong><span style=\"color: #008000;\">DETAILS:<\/span><\/strong><\/p>\n<ul>\n<li>valmistatud punasest pitskangast<\/li>\n<li>naiselik l\u00f5ige &#8211; r\u00f5hutab v\u00f6\u00f6kohta ja puusasid<\/li>\n<li>tagant haakidega kinnituv<\/li>\n<li>ees ripats<\/li>\n<li>reguleeritavad sukapaelad<\/li>\n<li>mugav &amp; elastne kangas (60% pol\u00fcester, 40% pol\u00fcamiid)<\/li>\n<\/ul>","protected":false},"excerpt":{"rendered":"<p>&#46;&#46;&#46;<\/p>","protected":false},"featured_media":26848,"comment_status":"open","ping_status":"closed","template":"","meta":{"_glsr_average":0,"_glsr_ranking":0,"_glsr_reviews":0},"product_brand":[500],"product_cat":[211],"product_tag":[160],"class_list":{"0":"post-26709","1":"product","2":"type-product","3":"status-publish","4":"has-post-thumbnail","6":"product_brand-obsessive","7":"product_cat-sukahoidjad","8":"product_tag-obsessive","9":"pa_suurus-l-xl","10":"pa_suurus-s-m","11":"pa_varvus-punane","13":"first","14":"instock","15":"sold-individually","16":"taxable","17":"shipping-taxable","18":"purchasable","19":"product-type-variable"},"_links":{"self":[{"href":"https:\/\/pesu24.ee\/en\/wp-json\/wp\/v2\/product\/26709","targetHints":{"allow":["GET"]}}],"collection":[{"href":"https:\/\/pesu24.ee\/en\/wp-json\/wp\/v2\/product"}],"about":[{"href":"https:\/\/pesu24.ee\/en\/wp-json\/wp\/v2\/types\/product"}],"replies":[{"embeddable":true,"href":"https:\/\/pesu24.ee\/en\/wp-json\/wp\/v2\/comments?post=26709"}],"wp:featuredmedia":[{"embeddable":true,"href":"https:\/\/pesu24.ee\/en\/wp-json\/wp\/v2\/media\/26848"}],"wp:attachment":[{"href":"https:\/\/pesu24.ee\/en\/wp-json\/wp\/v2\/media?parent=26709"}],"wp:term":[{"taxonomy":"product_brand","embeddable":true,"href":"https:\/\/pesu24.ee\/en\/wp-json\/wp\/v2\/product_brand?post=26709"},{"taxonomy":"product_cat","embeddable":true,"href":"https:\/\/pesu24.ee\/en\/wp-json\/wp\/v2\/product_cat?post=26709"},{"taxonomy":"product_tag","embeddable":true,"href":"https:\/\/pesu24.ee\/en\/wp-json\/wp\/v2\/product_tag?post=26709"}],"curies":[{"name":"wp","href":"https:\/\/api.w.org\/{rel}","templated":true}]}}