{"id":26880,"date":"2025-08-19T00:53:40","date_gmt":"2025-08-18T21:53:40","guid":{"rendered":"https:\/\/pesu24.ee\/?post_type=product&#038;p=26880"},"modified":"2025-08-20T14:52:16","modified_gmt":"2025-08-20T11:52:16","slug":"laksuti-obsessive-gretia","status":"publish","type":"product","link":"https:\/\/pesu24.ee\/en\/aksessuaarid\/laksuti-obsessive-gretia\/","title":{"rendered":"Laksuti Obsessive Gretia"},"content":{"rendered":"<p>Kas olete olnud natuke ulakas? T\u00e4na \u00f5htul ei ole v\u00f5imalik tagaj\u00e4rgedest p\u00e4\u00e4seda. Aga tegelikult saab see olema t\u00f5esti&#8230; nauditav kogemus! Ja v\u00f5ib-olla soovite koos veelgi rohkem v\u00fcrtsikat l\u00f5bu, mida saate nautida Obsessive Gretia laksutiga.<\/p>\n<p><span style=\"color: #008000;\"><strong>DETAILS:<\/strong><\/span><\/p>\n<ul>\n<li>v\u00fcrtsikas laksuti<\/li>\n<li>mugav k\u00e4epide<\/li>\n<li>laksutil l\u00e4ikivad naastud<\/li>\n<li>mugav &amp; elastne materjal<\/li>\n<\/ul>","protected":false},"excerpt":{"rendered":"<p>&#46;&#46;&#46;<\/p>","protected":false},"featured_media":26906,"comment_status":"open","ping_status":"closed","template":"","meta":{"_glsr_average":0,"_glsr_ranking":0,"_glsr_reviews":0},"product_brand":[500],"product_cat":[108],"product_tag":[160],"class_list":{"0":"post-26880","1":"product","2":"type-product","3":"status-publish","4":"has-post-thumbnail","6":"product_brand-obsessive","7":"product_cat-aksessuaarid","8":"product_tag-obsessive","10":"first","11":"instock","12":"sold-individually","13":"taxable","14":"shipping-taxable","15":"purchasable","16":"product-type-simple"},"_links":{"self":[{"href":"https:\/\/pesu24.ee\/en\/wp-json\/wp\/v2\/product\/26880","targetHints":{"allow":["GET"]}}],"collection":[{"href":"https:\/\/pesu24.ee\/en\/wp-json\/wp\/v2\/product"}],"about":[{"href":"https:\/\/pesu24.ee\/en\/wp-json\/wp\/v2\/types\/product"}],"replies":[{"embeddable":true,"href":"https:\/\/pesu24.ee\/en\/wp-json\/wp\/v2\/comments?post=26880"}],"wp:featuredmedia":[{"embeddable":true,"href":"https:\/\/pesu24.ee\/en\/wp-json\/wp\/v2\/media\/26906"}],"wp:attachment":[{"href":"https:\/\/pesu24.ee\/en\/wp-json\/wp\/v2\/media?parent=26880"}],"wp:term":[{"taxonomy":"product_brand","embeddable":true,"href":"https:\/\/pesu24.ee\/en\/wp-json\/wp\/v2\/product_brand?post=26880"},{"taxonomy":"product_cat","embeddable":true,"href":"https:\/\/pesu24.ee\/en\/wp-json\/wp\/v2\/product_cat?post=26880"},{"taxonomy":"product_tag","embeddable":true,"href":"https:\/\/pesu24.ee\/en\/wp-json\/wp\/v2\/product_tag?post=26880"}],"curies":[{"name":"wp","href":"https:\/\/api.w.org\/{rel}","templated":true}]}}