{"id":26881,"date":"2025-08-19T00:53:40","date_gmt":"2025-08-18T21:53:40","guid":{"rendered":"https:\/\/pesu24.ee\/?post_type=product&#038;p=26881"},"modified":"2026-03-27T08:35:14","modified_gmt":"2026-03-27T06:35:14","slug":"mask-obsessive-satinia","status":"publish","type":"product","link":"https:\/\/pesu24.ee\/en\/aksessuaarid\/mask-obsessive-satinia\/","title":{"rendered":"Mask Obsessive Satinia"},"content":{"rendered":"<p>Soovite m\u00e4ngida salap\u00e4rase ahvatlejanna rolli? Selleks ei vaja te m\u00f5\u00f5ka, hobust ega isegi keepi (nii vapustavat keha oleks patt katta).<\/p>\n<p>Teie kurvid ja salap\u00e4rane must mask on k\u00f5ik, mida te selleks vajate ning siin kohal tulebki teile appi imeline Obsessive Satinia mask.<\/p>\n<p><span style=\"color: #008000;\"><strong>KOMPLEKT SISALDAB:<\/strong><\/span><\/p>\n<ul>\n<li>mask<\/li>\n<\/ul>\n<p>Obsessive Satinia mask sobib perfektselt kokku <a href=\"https:\/\/pesu24.ee\/en\/hommikumantlid\/hommikumantel-obsessive-satinia\/\">Obsessive Satinia hommikumantliga<\/a>.<\/p>\n<p><span style=\"color: #008000;\"><strong>DETAILS:<\/strong><\/span><\/p>\n<ul>\n<li>valmistatud mustast satiinist<\/li>\n<li>gipuurdekoratsioon ees<\/li>\n<li>\u00fcks suurus sobib enamikele<\/li>\n<li>tagant \u00f5hukese n\u00f6\u00f6riga seotav &#8211; lihtne paigaldada<\/li>\n<li>sile ja \u00f5rn kangas (95% pol\u00fcester, 5% elastaan)<\/li>\n<\/ul>","protected":false},"excerpt":{"rendered":"<p>&#46;&#46;&#46;<\/p>","protected":false},"featured_media":26908,"comment_status":"open","ping_status":"closed","template":"","meta":{"_glsr_average":0,"_glsr_ranking":0,"_glsr_reviews":0},"product_brand":[500],"product_cat":[108],"product_tag":[160],"class_list":{"0":"post-26881","1":"product","2":"type-product","3":"status-publish","4":"has-post-thumbnail","6":"product_brand-obsessive","7":"product_cat-aksessuaarid","8":"product_tag-obsessive","9":"pa_suurus-universaalsuurus","10":"pa_varvus-must","12":"first","13":"instock","14":"sold-individually","15":"taxable","16":"shipping-taxable","17":"purchasable","18":"product-type-simple"},"_links":{"self":[{"href":"https:\/\/pesu24.ee\/en\/wp-json\/wp\/v2\/product\/26881","targetHints":{"allow":["GET"]}}],"collection":[{"href":"https:\/\/pesu24.ee\/en\/wp-json\/wp\/v2\/product"}],"about":[{"href":"https:\/\/pesu24.ee\/en\/wp-json\/wp\/v2\/types\/product"}],"replies":[{"embeddable":true,"href":"https:\/\/pesu24.ee\/en\/wp-json\/wp\/v2\/comments?post=26881"}],"wp:featuredmedia":[{"embeddable":true,"href":"https:\/\/pesu24.ee\/en\/wp-json\/wp\/v2\/media\/26908"}],"wp:attachment":[{"href":"https:\/\/pesu24.ee\/en\/wp-json\/wp\/v2\/media?parent=26881"}],"wp:term":[{"taxonomy":"product_brand","embeddable":true,"href":"https:\/\/pesu24.ee\/en\/wp-json\/wp\/v2\/product_brand?post=26881"},{"taxonomy":"product_cat","embeddable":true,"href":"https:\/\/pesu24.ee\/en\/wp-json\/wp\/v2\/product_cat?post=26881"},{"taxonomy":"product_tag","embeddable":true,"href":"https:\/\/pesu24.ee\/en\/wp-json\/wp\/v2\/product_tag?post=26881"}],"curies":[{"name":"wp","href":"https:\/\/api.w.org\/{rel}","templated":true}]}}