{"id":26883,"date":"2025-08-19T00:53:40","date_gmt":"2025-08-18T21:53:40","guid":{"rendered":"https:\/\/pesu24.ee\/?post_type=product&#038;p=26883"},"modified":"2025-08-21T15:09:00","modified_gmt":"2025-08-21T12:09:00","slug":"sormedeta-kindad-noir-handmade-f264","status":"publish","type":"product","link":"https:\/\/pesu24.ee\/en\/aksessuaarid\/sormedeta-kindad-noir-handmade-f264\/","title":{"rendered":"S\u00f5rmedeta kindad Noir Handmade F264"},"content":{"rendered":"<p>Noir Handmade F264 s\u00f5rmedeta kindad on kelmika wet-look disainiga. Tootel on h\u00f5bedased kaunistused ning kindad on ideaalseks t\u00e4ienduseks, et viimistleda naiselik v\u00e4limus.<\/p>\n<p><span style=\"color: #008000;\"><strong>KOMPLEKT SISALDAB:<\/strong><\/span><\/p>\n<ul>\n<li>s\u00f5rmedeta kindad<\/li>\n<\/ul>\n<p>Lisaks v\u00f5ivad teile meeldida j\u00e4rgmised Noir Handmade tooted: <a href=\"https:\/\/pesu24.ee\/en\/aksessuaarid\/elastsed-okonahast-kaised-noir-handmade-f213\/\">k\u00e4ised F213<\/a> ja <a href=\"https:\/\/pesu24.ee\/en\/aksessuaarid\/sormedeta-kindad-noir-handmade-f263\/\">avatud kindad F263<\/a><\/p>\n<p><span style=\"color: #008000;\"><strong>DETAILS:<\/strong><\/span><\/p>\n<ul>\n<li>wet-look disainiga<\/li>\n<li>\u00fcks suurus sobib enamikule -S\/M\/L<\/li>\n<li>avatud s\u00f5rmed<\/li>\n<li>h\u00f5bedased kaunistused<\/li>\n<li>trukiga kinnituvad<\/li>\n<li>mugav ja elastne kangas (76% pol\u00fcester; 24% elastaan)<\/li>\n<\/ul>","protected":false},"excerpt":{"rendered":"<p>&#46;&#46;&#46;<\/p>","protected":false},"featured_media":26910,"comment_status":"open","ping_status":"closed","template":"","meta":{"_glsr_average":0,"_glsr_ranking":0,"_glsr_reviews":0},"product_brand":[501],"product_cat":[108],"product_tag":[398,218],"class_list":{"0":"post-26883","1":"product","2":"type-product","3":"status-publish","4":"has-post-thumbnail","6":"product_brand-noir-handmade","7":"product_cat-aksessuaarid","8":"product_tag-latekspesu","9":"product_tag-noir-handmade","10":"pa_suurus-universaalsuurus","11":"pa_varvus-must","13":"first","14":"instock","15":"sold-individually","16":"taxable","17":"shipping-taxable","18":"purchasable","19":"product-type-simple"},"_links":{"self":[{"href":"https:\/\/pesu24.ee\/en\/wp-json\/wp\/v2\/product\/26883","targetHints":{"allow":["GET"]}}],"collection":[{"href":"https:\/\/pesu24.ee\/en\/wp-json\/wp\/v2\/product"}],"about":[{"href":"https:\/\/pesu24.ee\/en\/wp-json\/wp\/v2\/types\/product"}],"replies":[{"embeddable":true,"href":"https:\/\/pesu24.ee\/en\/wp-json\/wp\/v2\/comments?post=26883"}],"wp:featuredmedia":[{"embeddable":true,"href":"https:\/\/pesu24.ee\/en\/wp-json\/wp\/v2\/media\/26910"}],"wp:attachment":[{"href":"https:\/\/pesu24.ee\/en\/wp-json\/wp\/v2\/media?parent=26883"}],"wp:term":[{"taxonomy":"product_brand","embeddable":true,"href":"https:\/\/pesu24.ee\/en\/wp-json\/wp\/v2\/product_brand?post=26883"},{"taxonomy":"product_cat","embeddable":true,"href":"https:\/\/pesu24.ee\/en\/wp-json\/wp\/v2\/product_cat?post=26883"},{"taxonomy":"product_tag","embeddable":true,"href":"https:\/\/pesu24.ee\/en\/wp-json\/wp\/v2\/product_tag?post=26883"}],"curies":[{"name":"wp","href":"https:\/\/api.w.org\/{rel}","templated":true}]}}