{"id":26885,"date":"2025-08-19T00:53:40","date_gmt":"2025-08-18T21:53:40","guid":{"rendered":"https:\/\/pesu24.ee\/?post_type=product&#038;p=26885"},"modified":"2025-08-21T14:57:37","modified_gmt":"2025-08-21T11:57:37","slug":"sukahoidja-obsessive-bianelle","status":"publish","type":"product","link":"https:\/\/pesu24.ee\/en\/sukahoidjad\/sukahoidja-obsessive-bianelle\/","title":{"rendered":"Sukahoidja Obsessive Bianelle"},"content":{"rendered":"<p>Sukahoidja Obsessive Bianelle on kaunistatud peene pitsiga, mis lisab elegantsi ja muudab teid atraktiivsemaks.<\/p>\n<p>Tagant haakidega kinnitus v\u00f5imaldab liibuda t\u00e4iuslikult teie keha \u00fcmber. Mugavuse tagamiseks on k\u00f5ik neli sukapaela reguleeritavad.<\/p>\n<p><strong><span style=\"color: #008000;\">KOMPLEKT SISALDAB:<\/span><\/strong><\/p>\n<ul>\n<li>sukahoidja<\/li>\n<li>NB! sukad ei kuulu komplekti<\/li>\n<\/ul>\n<p>Sukahoidja sobib kokku <a href=\"https:\/\/pesu24.ee\/en\/pesukomplektid\/2-osaline-pesukomplekt-obsessive-bianelle\/\">Obsessive Bianelle pesukomplektiga<\/a><\/p>\n<p><strong><span style=\"color: #008000;\">DETAILS:<\/span><\/strong><\/p>\n<ul>\n<li>valmistatud elegantsest pitsist<\/li>\n<li>eest ripats<\/li>\n<li>tagant haakidega kinnituv<\/li>\n<li>reguleeritavad sukapaelad<\/li>\n<li>mugav &amp; elastne kangas (90% pol\u00fcamiid, 10% elastaan)<\/li>\n<\/ul>","protected":false},"excerpt":{"rendered":"<p>&#46;&#46;&#46;<\/p>","protected":false},"featured_media":26912,"comment_status":"open","ping_status":"closed","template":"","meta":{"_glsr_average":0,"_glsr_ranking":0,"_glsr_reviews":0},"product_brand":[500],"product_cat":[211],"product_tag":[160],"class_list":{"0":"post-26885","1":"product","2":"type-product","3":"status-publish","4":"has-post-thumbnail","6":"product_brand-obsessive","7":"product_cat-sukahoidjad","8":"product_tag-obsessive","9":"pa_suurus-l-xl","10":"pa_suurus-s-m","11":"pa_varvus-valge","13":"first","14":"instock","15":"sold-individually","16":"taxable","17":"shipping-taxable","18":"purchasable","19":"product-type-variable"},"_links":{"self":[{"href":"https:\/\/pesu24.ee\/en\/wp-json\/wp\/v2\/product\/26885","targetHints":{"allow":["GET"]}}],"collection":[{"href":"https:\/\/pesu24.ee\/en\/wp-json\/wp\/v2\/product"}],"about":[{"href":"https:\/\/pesu24.ee\/en\/wp-json\/wp\/v2\/types\/product"}],"replies":[{"embeddable":true,"href":"https:\/\/pesu24.ee\/en\/wp-json\/wp\/v2\/comments?post=26885"}],"wp:featuredmedia":[{"embeddable":true,"href":"https:\/\/pesu24.ee\/en\/wp-json\/wp\/v2\/media\/26912"}],"wp:attachment":[{"href":"https:\/\/pesu24.ee\/en\/wp-json\/wp\/v2\/media?parent=26885"}],"wp:term":[{"taxonomy":"product_brand","embeddable":true,"href":"https:\/\/pesu24.ee\/en\/wp-json\/wp\/v2\/product_brand?post=26885"},{"taxonomy":"product_cat","embeddable":true,"href":"https:\/\/pesu24.ee\/en\/wp-json\/wp\/v2\/product_cat?post=26885"},{"taxonomy":"product_tag","embeddable":true,"href":"https:\/\/pesu24.ee\/en\/wp-json\/wp\/v2\/product_tag?post=26885"}],"curies":[{"name":"wp","href":"https:\/\/api.w.org\/{rel}","templated":true}]}}