{"id":26900,"date":"2025-08-19T00:53:41","date_gmt":"2025-08-18T21:53:41","guid":{"rendered":"https:\/\/pesu24.ee\/?post_type=product&#038;p=26900"},"modified":"2025-08-20T17:42:11","modified_gmt":"2025-08-20T14:42:11","slug":"sukapael-obsessive-amor-cherris","status":"publish","type":"product","link":"https:\/\/pesu24.ee\/en\/aksessuaarid\/sukapael-obsessive-amor-cherris\/","title":{"rendered":"Sukapael Obsessive Amor Cherris"},"content":{"rendered":"<p>See on ajatu ja oman\u00e4oline garderoobielement \u2013 klassikaline sukapael, mis on kaunistatud imelise pitsiga. Sukapael Obsessive Amor Cherris loodi tulevastele pruutidele ja magamistoa eksperimentide austajatele.<\/p>\n<p><span style=\"color: #008000;\"><strong>KOMPLEKT SISALDAB:<\/strong><\/span><\/p>\n<ul>\n<li>sukapael<\/li>\n<\/ul>\n<p>Sukapael sobib ideaalselt kokku <a href=\"https:\/\/pesu24.ee\/en\/oosargid\/oosark-obsessive-amor-cherris\/\">Obsessive Amor Cherris \u00f6\u00f6s\u00e4rgiga<\/a>.<\/p>\n<p><span style=\"color: #008000;\"><strong>DETAILS:<\/strong><\/span><\/p>\n<ul>\n<li>punast tooni<\/li>\n<li>valmistatud delikaatsest pitsist<\/li>\n<li>ees kelmikas lips<\/li>\n<li>\u00fcks suurus sobib enamikele &#8211; One Size<\/li>\n<li>mugav ja elastne kummipael (90% pol\u00fcamiid, 10% elastaan<span data-contrast=\"none\">)<\/span><\/li>\n<\/ul>\n<p><span style=\"color: #008000;\"><strong>VIDEO<\/strong><\/span><\/p>\n<div class=\"video-container\"><iframe loading=\"lazy\" title=\"ELEGANTN\u00cd PODVAZEK AMOR CHERRIS GARTER - OBSESSIVE\" width=\"500\" height=\"281\" src=\"https:\/\/www.youtube.com\/embed\/08cnzAvjPho?feature=oembed&#038;wmode=opaque\" frameborder=\"0\" allow=\"accelerometer; autoplay; clipboard-write; encrypted-media; gyroscope; picture-in-picture; web-share\" referrerpolicy=\"strict-origin-when-cross-origin\" allowfullscreen><\/iframe><\/div>","protected":false},"excerpt":{"rendered":"<p>https:\/\/www.youtube.com\/watch?v=08cnzAvjPho<\/p>","protected":false},"featured_media":26999,"comment_status":"open","ping_status":"closed","template":"","meta":{"_glsr_average":0,"_glsr_ranking":0,"_glsr_reviews":0},"product_brand":[500],"product_cat":[108],"product_tag":[160],"class_list":{"0":"post-26900","1":"product","2":"type-product","3":"status-publish","4":"has-post-thumbnail","6":"product_brand-obsessive","7":"product_cat-aksessuaarid","8":"product_tag-obsessive","9":"pa_suurus-universaalsuurus","10":"pa_varvus-punane","12":"first","13":"instock","14":"sold-individually","15":"taxable","16":"shipping-taxable","17":"purchasable","18":"product-type-simple"},"_links":{"self":[{"href":"https:\/\/pesu24.ee\/en\/wp-json\/wp\/v2\/product\/26900","targetHints":{"allow":["GET"]}}],"collection":[{"href":"https:\/\/pesu24.ee\/en\/wp-json\/wp\/v2\/product"}],"about":[{"href":"https:\/\/pesu24.ee\/en\/wp-json\/wp\/v2\/types\/product"}],"replies":[{"embeddable":true,"href":"https:\/\/pesu24.ee\/en\/wp-json\/wp\/v2\/comments?post=26900"}],"wp:featuredmedia":[{"embeddable":true,"href":"https:\/\/pesu24.ee\/en\/wp-json\/wp\/v2\/media\/26999"}],"wp:attachment":[{"href":"https:\/\/pesu24.ee\/en\/wp-json\/wp\/v2\/media?parent=26900"}],"wp:term":[{"taxonomy":"product_brand","embeddable":true,"href":"https:\/\/pesu24.ee\/en\/wp-json\/wp\/v2\/product_brand?post=26900"},{"taxonomy":"product_cat","embeddable":true,"href":"https:\/\/pesu24.ee\/en\/wp-json\/wp\/v2\/product_cat?post=26900"},{"taxonomy":"product_tag","embeddable":true,"href":"https:\/\/pesu24.ee\/en\/wp-json\/wp\/v2\/product_tag?post=26900"}],"curies":[{"name":"wp","href":"https:\/\/api.w.org\/{rel}","templated":true}]}}