{"id":26902,"date":"2025-08-19T00:53:41","date_gmt":"2025-08-18T21:53:41","guid":{"rendered":"https:\/\/pesu24.ee\/?post_type=product&#038;p=26902"},"modified":"2025-08-20T17:41:55","modified_gmt":"2025-08-20T14:41:55","slug":"nibukatted-obsessive-milladis","status":"publish","type":"product","link":"https:\/\/pesu24.ee\/en\/aksessuaarid\/nibukatted-obsessive-milladis\/","title":{"rendered":"Nibukatted Obsessive Milladis"},"content":{"rendered":"<p>Obsessive Milladis mustad nibukatted on kaunistatud kergemeelsete h\u00f5bedaste helmestega, mis r\u00f5hutavad fantastiliselt teie rindu ja lisavad v\u00fcrtsi veetlevatele hetkedele.<\/p>\n<p><span style=\"color: #008000;\"><strong>KOMPLEKT SISALDAB:<\/strong><\/span><\/p>\n<ul>\n<li>nibukatted<\/li>\n<li>NB! p\u00fcksikud ei kuulu komplekti<\/li>\n<\/ul>\n<p>Nibukatted sobivad kokku Obsessive Milladis <a href=\"https:\/\/pesu24.ee\/en\/stringid-puksikud\/puksikud-obsessive-milladis\/\">p\u00fcksikute<\/a> ja <a href=\"https:\/\/pesu24.ee\/en\/aksessuaarid\/kindad-obsessive-milladis\/\">kinnastega<\/a>.<\/p>\n<p><span style=\"color: #008000;\"><strong>DETAILS:<\/strong><\/span><\/p>\n<ul>\n<li>mustad nibukatted<\/li>\n<li>kaunistatud h\u00f5bedaste helmestega<\/li>\n<li>isekleepuvad<\/li>\n<li>korduvkasutatavad<\/li>\n<li>\u00fcks suurus sobib k\u00f5igile &#8211; One Size<\/li>\n<li>mugav materjal (52% metall, 28% pol\u00fcester, 20% pol\u00fcerataan)<\/li>\n<\/ul>\n<p><span style=\"color: #008000;\"><strong>VIDEO<\/strong><\/span><\/p>\n<div class=\"video-container\"><iframe loading=\"lazy\" title=\"KOKETN\u00cd LEP\u00cdTKA NA BRADAVKY MILLADIS NIPPLE COVERS - OBSESSIVE\" width=\"500\" height=\"281\" src=\"https:\/\/www.youtube.com\/embed\/UQp4OIR9QEM?feature=oembed&#038;wmode=opaque\" frameborder=\"0\" allow=\"accelerometer; autoplay; clipboard-write; encrypted-media; gyroscope; picture-in-picture; web-share\" referrerpolicy=\"strict-origin-when-cross-origin\" allowfullscreen><\/iframe><\/div>","protected":false},"excerpt":{"rendered":"<p>&#46;&#46;&#46;<\/p>","protected":false},"featured_media":27006,"comment_status":"open","ping_status":"closed","template":"","meta":{"_glsr_average":0,"_glsr_ranking":0,"_glsr_reviews":0},"product_brand":[500],"product_cat":[108],"product_tag":[397,160,439],"class_list":{"0":"post-26902","1":"product","2":"type-product","3":"status-publish","4":"has-post-thumbnail","6":"product_brand-obsessive","7":"product_cat-aksessuaarid","8":"product_tag-nibukatted","9":"product_tag-obsessive","10":"product_tag-obsessive-milladis","11":"pa_suurus-universaalsuurus","12":"pa_varvus-must","14":"first","15":"instock","16":"sold-individually","17":"taxable","18":"shipping-taxable","19":"purchasable","20":"product-type-simple"},"_links":{"self":[{"href":"https:\/\/pesu24.ee\/en\/wp-json\/wp\/v2\/product\/26902","targetHints":{"allow":["GET"]}}],"collection":[{"href":"https:\/\/pesu24.ee\/en\/wp-json\/wp\/v2\/product"}],"about":[{"href":"https:\/\/pesu24.ee\/en\/wp-json\/wp\/v2\/types\/product"}],"replies":[{"embeddable":true,"href":"https:\/\/pesu24.ee\/en\/wp-json\/wp\/v2\/comments?post=26902"}],"wp:featuredmedia":[{"embeddable":true,"href":"https:\/\/pesu24.ee\/en\/wp-json\/wp\/v2\/media\/27006"}],"wp:attachment":[{"href":"https:\/\/pesu24.ee\/en\/wp-json\/wp\/v2\/media?parent=26902"}],"wp:term":[{"taxonomy":"product_brand","embeddable":true,"href":"https:\/\/pesu24.ee\/en\/wp-json\/wp\/v2\/product_brand?post=26902"},{"taxonomy":"product_cat","embeddable":true,"href":"https:\/\/pesu24.ee\/en\/wp-json\/wp\/v2\/product_cat?post=26902"},{"taxonomy":"product_tag","embeddable":true,"href":"https:\/\/pesu24.ee\/en\/wp-json\/wp\/v2\/product_tag?post=26902"}],"curies":[{"name":"wp","href":"https:\/\/api.w.org\/{rel}","templated":true}]}}