{"id":26925,"date":"2025-08-19T00:54:06","date_gmt":"2025-08-18T21:54:06","guid":{"rendered":"https:\/\/pesu24.ee\/?post_type=product&#038;p=26925"},"modified":"2025-08-20T17:46:48","modified_gmt":"2025-08-20T14:46:48","slug":"rake-kk-lingerie-vanessa-3-varvi-hall-tumesinine-valge","status":"publish","type":"product","link":"https:\/\/pesu24.ee\/en\/aksessuaarid\/rake-kk-lingerie-vanessa-3-varvi-hall-tumesinine-valge\/","title":{"rendered":"Rake K&#038;K Lingerie Vanessa (3 v\u00e4rvi &#8211; hall, tumesinine, valge)"},"content":{"rendered":"<p>Tegemist on k\u00e4sit\u00f6\u00f6na valmistatud rakmetega, mis sobivad kandmiseks riiete peal, riiete all, pesuga v\u00f5i pesuta. Absoluutselt iga rakme osa suurus on eraldi reguleeritav, mist\u00f5ttu sobib enamikele suurustele (One Size).<\/p>\n<p>Rakmed sobivad ideaalselt kingituseks, kui kinkija ei ole kindel, mis suuruses toodet on tarvis osta \u2013 selle toote k\u00f5ik osad on reguleeritava suurusega.<\/p>\n<p>NB! Toode ei sobi isikutele, kellel on allergiline reaktsioon metallile (toodete regulaatorid ja r\u00f5ngad on metallist).<\/p>\n<p>Tutvuge ka teiste <a href=\"https:\/\/pesu24.ee\/en\/omadus\/kk-lingerie\/\">K&amp;K Lingerie toodetega<\/a>.<\/p>\n<p><span style=\"color: #008000;\"><strong>KOMPLEKT SISALDAB:<\/strong><\/span><\/p>\n<ul>\n<li>rake<\/li>\n<\/ul>\n<p><span style=\"color: #008000;\"><strong>DETAILS:<\/strong><\/span><\/p>\n<ul>\n<li>valmistatud kummist &amp; metallist<\/li>\n<li>k\u00f5ik rakmete osad t\u00e4ielikult reguleeritavad<\/li>\n<li>\u00fcks suurus sobib enamikele (One Size)<\/li>\n<li>saadaval kolmes erinevas toonis &#8211; hall, tumesinine ja valge<\/li>\n<\/ul>\n<p><strong>Rakmete hooldus:<\/strong><\/p>\n<ul>\n<li>Lubatud on \u00fcksnes k\u00e4sipesu. Masinpesu kahjustab toodet.<\/li>\n<li>Maksimaalne lubatud veetemperatuur on +30\u00b0C.<\/li>\n<li>Triikimine on lubatud nii auruga kui ka auruta temperatuuriga kuni +110\u00b0C.<\/li>\n<li>Trummelkuivatus on keelatud. Trummelkuivatus kahjustab toodet.<\/li>\n<li>Pleegitamine ja\/v\u00f5i valgendamine on keelatud. Ei ole soovitatav kasutada ka pleegitajat sisaldavat pesupulbrit.<\/li>\n<\/ul>","protected":false},"excerpt":{"rendered":"<p>&#46;&#46;&#46;<\/p>","protected":false},"featured_media":27055,"comment_status":"open","ping_status":"closed","template":"","meta":{"_glsr_average":0,"_glsr_ranking":0,"_glsr_reviews":0},"product_brand":[506],"product_cat":[108],"product_tag":[321],"class_list":{"0":"post-26925","1":"product","2":"type-product","3":"status-publish","4":"has-post-thumbnail","6":"product_brand-kk-lingerie","7":"product_cat-aksessuaarid","8":"product_tag-kk-lingerie","9":"pa_suurus-universaalsuurus","10":"pa_varvus-hall","11":"pa_varvus-sinine","12":"pa_varvus-valge","14":"first","15":"instock","16":"sold-individually","17":"taxable","18":"shipping-taxable","19":"purchasable","20":"product-type-variable"},"_links":{"self":[{"href":"https:\/\/pesu24.ee\/en\/wp-json\/wp\/v2\/product\/26925","targetHints":{"allow":["GET"]}}],"collection":[{"href":"https:\/\/pesu24.ee\/en\/wp-json\/wp\/v2\/product"}],"about":[{"href":"https:\/\/pesu24.ee\/en\/wp-json\/wp\/v2\/types\/product"}],"replies":[{"embeddable":true,"href":"https:\/\/pesu24.ee\/en\/wp-json\/wp\/v2\/comments?post=26925"}],"wp:featuredmedia":[{"embeddable":true,"href":"https:\/\/pesu24.ee\/en\/wp-json\/wp\/v2\/media\/27055"}],"wp:attachment":[{"href":"https:\/\/pesu24.ee\/en\/wp-json\/wp\/v2\/media?parent=26925"}],"wp:term":[{"taxonomy":"product_brand","embeddable":true,"href":"https:\/\/pesu24.ee\/en\/wp-json\/wp\/v2\/product_brand?post=26925"},{"taxonomy":"product_cat","embeddable":true,"href":"https:\/\/pesu24.ee\/en\/wp-json\/wp\/v2\/product_cat?post=26925"},{"taxonomy":"product_tag","embeddable":true,"href":"https:\/\/pesu24.ee\/en\/wp-json\/wp\/v2\/product_tag?post=26925"}],"curies":[{"name":"wp","href":"https:\/\/api.w.org\/{rel}","templated":true}]}}