{"id":26952,"date":"2025-08-19T00:54:53","date_gmt":"2025-08-18T21:54:53","guid":{"rendered":"https:\/\/pesu24.ee\/?post_type=product&#038;p=26952"},"modified":"2025-08-21T14:59:56","modified_gmt":"2025-08-21T11:59:56","slug":"trikoo-obsessive-playa-norte","status":"publish","type":"product","link":"https:\/\/pesu24.ee\/en\/bodyd\/trikoo-obsessive-playa-norte\/","title":{"rendered":"Trikoo Obsessive Playa Norte"},"content":{"rendered":"<p>Obsessive Playa Norte trikoo sobib teile kui teile meeldivad erksad v\u00e4rvid. Trikoo on valmistatud elastsest materjalist, mis on kombineeritud lilla, rohelise ja roosade neoontoonidega. Trikool on sensuaalsed v\u00e4ljal\u00f5iked, mis muudavad teid optiliselt saledamaks ja toovad esile teie suurep\u00e4rase figuuri.<\/p>\n<p><span style=\"color: #008000;\"><strong>KOMPLEKT SISALDAB:<\/strong><\/span><\/p>\n<ul>\n<li>trikoo<\/li>\n<\/ul>\n<p><span style=\"color: #008000;\"><strong>DETAILS:<\/strong><\/span><\/p>\n<ul>\n<li>neoontoonides &#8211; roosa, lilla, roheline<\/li>\n<li>kaela tagant seotav<\/li>\n<li>optiliselt salendav efekt<\/li>\n<li>mugav &amp; elastne kangas (82% pol\u00fcamiid, 18% elastaan)<\/li>\n<\/ul>","protected":false},"excerpt":{"rendered":"<p>&#46;&#46;&#46;<\/p>","protected":false},"featured_media":13860,"comment_status":"open","ping_status":"closed","template":"","meta":{"_glsr_average":0,"_glsr_ranking":0,"_glsr_reviews":0},"product_brand":[500],"product_cat":[108,89],"product_tag":[160],"class_list":{"0":"post-26952","1":"product","2":"type-product","3":"status-publish","4":"has-post-thumbnail","6":"product_brand-obsessive","7":"product_cat-aksessuaarid","8":"product_cat-bodyd","9":"product_tag-obsessive","10":"pa_suurus-l","11":"pa_suurus-m","12":"pa_suurus-s","13":"pa_varvus-roheline","15":"first","16":"instock","17":"sold-individually","18":"taxable","19":"shipping-taxable","20":"purchasable","21":"product-type-variable"},"_links":{"self":[{"href":"https:\/\/pesu24.ee\/en\/wp-json\/wp\/v2\/product\/26952","targetHints":{"allow":["GET"]}}],"collection":[{"href":"https:\/\/pesu24.ee\/en\/wp-json\/wp\/v2\/product"}],"about":[{"href":"https:\/\/pesu24.ee\/en\/wp-json\/wp\/v2\/types\/product"}],"replies":[{"embeddable":true,"href":"https:\/\/pesu24.ee\/en\/wp-json\/wp\/v2\/comments?post=26952"}],"wp:featuredmedia":[{"embeddable":true,"href":"https:\/\/pesu24.ee\/en\/wp-json\/wp\/v2\/media\/13860"}],"wp:attachment":[{"href":"https:\/\/pesu24.ee\/en\/wp-json\/wp\/v2\/media?parent=26952"}],"wp:term":[{"taxonomy":"product_brand","embeddable":true,"href":"https:\/\/pesu24.ee\/en\/wp-json\/wp\/v2\/product_brand?post=26952"},{"taxonomy":"product_cat","embeddable":true,"href":"https:\/\/pesu24.ee\/en\/wp-json\/wp\/v2\/product_cat?post=26952"},{"taxonomy":"product_tag","embeddable":true,"href":"https:\/\/pesu24.ee\/en\/wp-json\/wp\/v2\/product_tag?post=26952"}],"curies":[{"name":"wp","href":"https:\/\/api.w.org\/{rel}","templated":true}]}}