{"id":26966,"date":"2025-08-19T00:55:15","date_gmt":"2025-08-18T21:55:15","guid":{"rendered":"https:\/\/pesu24.ee\/?post_type=product&#038;p=26966"},"modified":"2025-10-14T14:24:55","modified_gmt":"2025-10-14T11:24:55","slug":"obsessive-suled-romantilisteks-ohtuteks","status":"publish","type":"product","link":"https:\/\/pesu24.ee\/en\/aksessuaarid\/obsessive-suled-romantilisteks-ohtuteks\/","title":{"rendered":"Obsessive suled romantilisteks \u00f5htuteks"},"content":{"rendered":"<p>Soovite muuta omavahelised \u00f5htud veelgi erilisemska ja meeldej\u00e4\u00e4vamaks?<\/p>\n<p>Sel juhul kasutage Obsessive punaseid sulgesid, mis muudavad koosveedetud aja veelgi romantilisemaks. Obsessive suled on kerged, pehmed ja v\u00e4ga m\u00f5nusa tekstuuriga.<\/p>\n<p><span style=\"color: #008000;\"><strong>DETAILS:<\/strong><\/span><\/p>\n<ul>\n<li>v\u00e4rvus punane<\/li>\n<\/ul>","protected":false},"excerpt":{"rendered":"<p>&#46;&#46;&#46;<\/p>","protected":false},"featured_media":27091,"comment_status":"open","ping_status":"closed","template":"","meta":{"_glsr_average":0,"_glsr_ranking":0,"_glsr_reviews":0},"product_brand":[500],"product_cat":[108],"product_tag":[160],"class_list":{"0":"post-26966","1":"product","2":"type-product","3":"status-publish","4":"has-post-thumbnail","6":"product_brand-obsessive","7":"product_cat-aksessuaarid","8":"product_tag-obsessive","9":"pa_varvus-punane","11":"first","12":"instock","13":"sold-individually","14":"taxable","15":"shipping-taxable","16":"purchasable","17":"product-type-simple"},"_links":{"self":[{"href":"https:\/\/pesu24.ee\/en\/wp-json\/wp\/v2\/product\/26966","targetHints":{"allow":["GET"]}}],"collection":[{"href":"https:\/\/pesu24.ee\/en\/wp-json\/wp\/v2\/product"}],"about":[{"href":"https:\/\/pesu24.ee\/en\/wp-json\/wp\/v2\/types\/product"}],"replies":[{"embeddable":true,"href":"https:\/\/pesu24.ee\/en\/wp-json\/wp\/v2\/comments?post=26966"}],"wp:featuredmedia":[{"embeddable":true,"href":"https:\/\/pesu24.ee\/en\/wp-json\/wp\/v2\/media\/27091"}],"wp:attachment":[{"href":"https:\/\/pesu24.ee\/en\/wp-json\/wp\/v2\/media?parent=26966"}],"wp:term":[{"taxonomy":"product_brand","embeddable":true,"href":"https:\/\/pesu24.ee\/en\/wp-json\/wp\/v2\/product_brand?post=26966"},{"taxonomy":"product_cat","embeddable":true,"href":"https:\/\/pesu24.ee\/en\/wp-json\/wp\/v2\/product_cat?post=26966"},{"taxonomy":"product_tag","embeddable":true,"href":"https:\/\/pesu24.ee\/en\/wp-json\/wp\/v2\/product_tag?post=26966"}],"curies":[{"name":"wp","href":"https:\/\/api.w.org\/{rel}","templated":true}]}}