{"id":26967,"date":"2025-08-19T00:55:15","date_gmt":"2025-08-18T21:55:15","guid":{"rendered":"https:\/\/pesu24.ee\/?post_type=product&#038;p=26967"},"modified":"2025-08-21T15:00:09","modified_gmt":"2025-08-21T12:00:09","slug":"tahekujulised-nibukatted-ohmama-saadaval-4-erinevat-varvi","status":"publish","type":"product","link":"https:\/\/pesu24.ee\/en\/aksessuaarid\/tahekujulised-nibukatted-ohmama-saadaval-4-erinevat-varvi\/","title":{"rendered":"T\u00e4hekujulised nibukatted \u00f6hMama (saadaval 4 erinevat v\u00e4rvi)"},"content":{"rendered":"<p>\u00f6Hmama nibukatted on ideaalne aksessuaar, millega saate oma partnerit \u00fcllatada v\u00f5i v\u00f5rgutada. Nibukatete sisemine pool on kaetud kleepuva ainega, mist\u00f5ttu on neid v\u00f5imalik korduvkasutada. Samuti on paigaldamine ja \u00e4ra v\u00f5tmine mugav.<\/p>\n<p>Nibukatted on saadaval neljas erinevas toonis ning on kaetud helkivate litritega, mis muudavad teid eriti vastupandamatuks. Suurep\u00e4rane kingiidee oma kallimale, millest saate r\u00f5\u00f5mus tunda m\u00f5lemad.<\/p>\n<p><span style=\"color: #008000;\"><strong>OMADUSED<\/strong><\/span><\/p>\n<ul>\n<li>saadaval neljas erinevas toonis<\/li>\n<li>t\u00e4hekujulised<\/li>\n<li>kaetud l\u00e4ikivate litritega<\/li>\n<li>isekleepuvad ja korduvkasutatavad<\/li>\n<\/ul>","protected":false},"excerpt":{"rendered":"<p>&#46;&#46;&#46;<\/p>","protected":false},"featured_media":27092,"comment_status":"open","ping_status":"closed","template":"","meta":{"_glsr_average":0,"_glsr_ranking":0,"_glsr_reviews":0},"product_brand":[],"product_cat":[108],"product_tag":[397,199],"class_list":{"0":"post-26967","1":"product","2":"type-product","3":"status-publish","4":"has-post-thumbnail","6":"product_cat-aksessuaarid","7":"product_tag-nibukatted","8":"product_tag-roosa-naiste-pesu","9":"pa_varvus-kuldne","10":"pa_varvus-must","11":"pa_varvus-punane","12":"pa_varvus-roosa","14":"first","15":"instock","16":"sold-individually","17":"taxable","18":"shipping-taxable","19":"purchasable","20":"product-type-variable"},"_links":{"self":[{"href":"https:\/\/pesu24.ee\/en\/wp-json\/wp\/v2\/product\/26967","targetHints":{"allow":["GET"]}}],"collection":[{"href":"https:\/\/pesu24.ee\/en\/wp-json\/wp\/v2\/product"}],"about":[{"href":"https:\/\/pesu24.ee\/en\/wp-json\/wp\/v2\/types\/product"}],"replies":[{"embeddable":true,"href":"https:\/\/pesu24.ee\/en\/wp-json\/wp\/v2\/comments?post=26967"}],"wp:featuredmedia":[{"embeddable":true,"href":"https:\/\/pesu24.ee\/en\/wp-json\/wp\/v2\/media\/27092"}],"wp:attachment":[{"href":"https:\/\/pesu24.ee\/en\/wp-json\/wp\/v2\/media?parent=26967"}],"wp:term":[{"taxonomy":"product_brand","embeddable":true,"href":"https:\/\/pesu24.ee\/en\/wp-json\/wp\/v2\/product_brand?post=26967"},{"taxonomy":"product_cat","embeddable":true,"href":"https:\/\/pesu24.ee\/en\/wp-json\/wp\/v2\/product_cat?post=26967"},{"taxonomy":"product_tag","embeddable":true,"href":"https:\/\/pesu24.ee\/en\/wp-json\/wp\/v2\/product_tag?post=26967"}],"curies":[{"name":"wp","href":"https:\/\/api.w.org\/{rel}","templated":true}]}}