{"id":26978,"date":"2025-08-19T00:55:36","date_gmt":"2025-08-18T21:55:36","guid":{"rendered":"https:\/\/pesu24.ee\/?post_type=product&#038;p=26978"},"modified":"2026-03-31T09:32:12","modified_gmt":"2026-03-31T07:32:12","slug":"sukahoidja-obsessive-serena-love","status":"publish","type":"product","link":"https:\/\/pesu24.ee\/en\/sukahoidjad\/sukahoidja-obsessive-serena-love\/","title":{"rendered":"Sukahoidja Obsessive Serena Love"},"content":{"rendered":"<p>Obsessive <a href=\"https:\/\/pesu24.ee\/en\/omadus\/serena-love\/\">Serena Love<\/a> kollektsiooni sukahoidja on valmistatud pooll\u00e4bipaistvast kangast, mida ilmestab sensuaalne pits. Lisaks muudab sukahoidja teid optiliselt saledamaks.<\/p>\n<p>Soovi korral kombineerige sukahoidja sama kollektsiooni <a href=\"https:\/\/pesu24.ee\/en\/pesukomplektid\/2-osaline-pesukomplekt-obsessive-serena-love\/\">2-osalise pesukomplektiga<\/a>, et muuta \u00f5htu veelgi erilisemaks ja meeldej\u00e4\u00e4vamaks.<\/p>\n<p><span style=\"color: #008000;\"><strong>KOMPLEKT SISALDAB:<\/strong><\/span><\/p>\n<ul>\n<li>sukahoidja<\/li>\n<li>NB! sukad ei kuulu komplekti<\/li>\n<\/ul>\n<p>Sukahoidja sobib kokku <a href=\"https:\/\/pesu24.ee\/en\/pesukomplektid\/2-osaline-pesukomplekt-obsessive-serena-love\/\">Obsessive Serna Love 2-osalise pesukompeltkiga<\/a> ja <a href=\"https:\/\/pesu24.ee\/en\/sukad\/sukad-obsessive-s800\/\">Obsessive S800 sukkadega<\/a>.<\/p>\n<p><span style=\"color: #008000;\"><strong>DETAILS:<\/strong><\/span><\/p>\n<ul>\n<li>vertikaalsed tugikaared<\/li>\n<li>optiliselt salendav efekt<\/li>\n<li>taga astmeline haakidega kinnitus<\/li>\n<li>\u00e4rav\u00f5etavad sukapaelad<\/li>\n<li>mugav ja elastne kangas (94% pol\u00fcamiid, 6% elastaan)<\/li>\n<\/ul>","protected":false},"excerpt":{"rendered":"<p>&#46;&#46;&#46;<\/p>","protected":false},"featured_media":27098,"comment_status":"open","ping_status":"closed","template":"","meta":{"_glsr_average":0,"_glsr_ranking":0,"_glsr_reviews":0},"product_brand":[500],"product_cat":[211],"product_tag":[160,442],"class_list":{"0":"post-26978","1":"product","2":"type-product","3":"status-publish","4":"has-post-thumbnail","6":"product_brand-obsessive","7":"product_cat-sukahoidjad","8":"product_tag-obsessive","9":"product_tag-serena-love","10":"pa_suurus-m-l","11":"pa_suurus-xl-xxl","12":"pa_suurus-xs-s","13":"pa_varvus-must","15":"first","16":"instock","17":"sold-individually","18":"taxable","19":"shipping-taxable","20":"purchasable","21":"product-type-variable"},"_links":{"self":[{"href":"https:\/\/pesu24.ee\/en\/wp-json\/wp\/v2\/product\/26978","targetHints":{"allow":["GET"]}}],"collection":[{"href":"https:\/\/pesu24.ee\/en\/wp-json\/wp\/v2\/product"}],"about":[{"href":"https:\/\/pesu24.ee\/en\/wp-json\/wp\/v2\/types\/product"}],"replies":[{"embeddable":true,"href":"https:\/\/pesu24.ee\/en\/wp-json\/wp\/v2\/comments?post=26978"}],"wp:featuredmedia":[{"embeddable":true,"href":"https:\/\/pesu24.ee\/en\/wp-json\/wp\/v2\/media\/27098"}],"wp:attachment":[{"href":"https:\/\/pesu24.ee\/en\/wp-json\/wp\/v2\/media?parent=26978"}],"wp:term":[{"taxonomy":"product_brand","embeddable":true,"href":"https:\/\/pesu24.ee\/en\/wp-json\/wp\/v2\/product_brand?post=26978"},{"taxonomy":"product_cat","embeddable":true,"href":"https:\/\/pesu24.ee\/en\/wp-json\/wp\/v2\/product_cat?post=26978"},{"taxonomy":"product_tag","embeddable":true,"href":"https:\/\/pesu24.ee\/en\/wp-json\/wp\/v2\/product_tag?post=26978"}],"curies":[{"name":"wp","href":"https:\/\/api.w.org\/{rel}","templated":true}]}}