{"id":26997,"date":"2025-08-19T00:55:58","date_gmt":"2025-08-18T21:55:58","guid":{"rendered":"https:\/\/pesu24.ee\/?post_type=product&#038;p=26997"},"modified":"2025-12-14T22:32:11","modified_gmt":"2025-12-14T19:32:11","slug":"laksuti-obsessive-cordellis","status":"publish","type":"product","link":"https:\/\/pesu24.ee\/en\/aksessuaarid\/laksuti-obsessive-cordellis\/","title":{"rendered":"Laksuti Obsessive Cordellis"},"content":{"rendered":"<p>Obsessive Cordellis laksuti on \u00fcks erakordselt sensuaalne ja luksuslik sekslelu, mis lisab teie magamistuppa v\u00fcrtsikust. Laksuti on m\u00f5eldud naistele ja meestele, kes soovivad avastada uusi naudinguid ja rikastada oma intiimelu.<\/p>\n<p>Cordellis laksuti on valmistatud kvaliteetsest silikoonist &amp; plastikust, mis on sile, pehme ja kehas\u00f5bralik. Sellel on ergonoomiline disain, mis v\u00f5imaldab mugavat haardeulatust ja kontrolli.<\/p>\n<p>Toote kasutamine v\u00f5ib lisada m\u00e4ngulise ja erutava elemendi eelm\u00e4ngule v\u00f5i intiimsetele hetkedele partneriga. Lisaks v\u00f5ib laksutis olla kasulik ka sensuaalseks massaa\u017eiks ja hellitusmomentideks.<\/p>\n<p>Tutvuge ka teiste <a href=\"https:\/\/pesu24.ee\/en\/omadus\/obsessive-Cordellis\/\">Obsessive Cordellis<\/a> pesukollektsiooni toodetega.<\/p>\n<p><span style=\"color: #008000;\"><strong>KOMPLEKT SISALDAB:<\/strong><\/span><\/p>\n<ul>\n<li>laksuti<\/li>\n<\/ul>\n<p><span style=\"color: #008000;\"><strong>DETAILS:<\/strong><\/span><\/p>\n<ul>\n<li>stiilne must laksuti<\/li>\n<li>elegantne disain<\/li>\n<li>suurus One Size<\/li>\n<li>kauakestev materjal (50% pol\u00fcerataan, 35% plastik, 15% pol\u00fcester)<\/li>\n<\/ul>\n<p><span style=\"color: #008000;\"><strong>VIDEO<\/strong><\/span><\/p>\n<div class=\"video-container\"><iframe loading=\"lazy\" title=\"ELEGANTN\u00cd BI\u010c\u00cdK CORDELLIS CROP - OBSESSIVE\" width=\"500\" height=\"281\" src=\"https:\/\/www.youtube.com\/embed\/wxRpao5d7Vk?feature=oembed&#038;wmode=opaque\" frameborder=\"0\" allow=\"accelerometer; autoplay; clipboard-write; encrypted-media; gyroscope; picture-in-picture; web-share\" referrerpolicy=\"strict-origin-when-cross-origin\" allowfullscreen><\/iframe><\/div>","protected":false},"excerpt":{"rendered":"<p>&#46;&#46;&#46;<\/p>","protected":false},"featured_media":27118,"comment_status":"open","ping_status":"closed","template":"","meta":{"_glsr_average":0,"_glsr_ranking":0,"_glsr_reviews":0},"product_brand":[500],"product_cat":[108],"product_tag":[160,447],"class_list":{"0":"post-26997","1":"product","2":"type-product","3":"status-publish","4":"has-post-thumbnail","6":"product_brand-obsessive","7":"product_cat-aksessuaarid","8":"product_tag-obsessive","9":"product_tag-obsessive-cordellis","10":"pa_suurus-universaalsuurus","11":"pa_varvus-must","13":"first","14":"instock","15":"sold-individually","16":"taxable","17":"shipping-taxable","18":"purchasable","19":"product-type-simple"},"_links":{"self":[{"href":"https:\/\/pesu24.ee\/en\/wp-json\/wp\/v2\/product\/26997","targetHints":{"allow":["GET"]}}],"collection":[{"href":"https:\/\/pesu24.ee\/en\/wp-json\/wp\/v2\/product"}],"about":[{"href":"https:\/\/pesu24.ee\/en\/wp-json\/wp\/v2\/types\/product"}],"replies":[{"embeddable":true,"href":"https:\/\/pesu24.ee\/en\/wp-json\/wp\/v2\/comments?post=26997"}],"wp:featuredmedia":[{"embeddable":true,"href":"https:\/\/pesu24.ee\/en\/wp-json\/wp\/v2\/media\/27118"}],"wp:attachment":[{"href":"https:\/\/pesu24.ee\/en\/wp-json\/wp\/v2\/media?parent=26997"}],"wp:term":[{"taxonomy":"product_brand","embeddable":true,"href":"https:\/\/pesu24.ee\/en\/wp-json\/wp\/v2\/product_brand?post=26997"},{"taxonomy":"product_cat","embeddable":true,"href":"https:\/\/pesu24.ee\/en\/wp-json\/wp\/v2\/product_cat?post=26997"},{"taxonomy":"product_tag","embeddable":true,"href":"https:\/\/pesu24.ee\/en\/wp-json\/wp\/v2\/product_tag?post=26997"}],"curies":[{"name":"wp","href":"https:\/\/api.w.org\/{rel}","templated":true}]}}