{"id":26998,"date":"2025-08-19T00:55:58","date_gmt":"2025-08-18T21:55:58","guid":{"rendered":"https:\/\/pesu24.ee\/?post_type=product&#038;p=26998"},"modified":"2025-08-21T15:01:09","modified_gmt":"2025-08-21T12:01:09","slug":"kaerauad-obsessive-cordellis","status":"publish","type":"product","link":"https:\/\/pesu24.ee\/en\/aksessuaarid\/kaerauad-obsessive-cordellis\/","title":{"rendered":"K\u00e4erauad Obsessive Cordellis"},"content":{"rendered":"<p>Obsessive Cordellis k\u00e4erauad on eksklusiivne ja luksuslik m\u00e4nguasi, mis on loodud sidumiseks ja m\u00e4nguliseks piirangute seadmiseks intiimsetes hetkedes. K\u00e4erauad on valmistatud kvaliteetsest materjalist, mis tagab nende vastupidavuse ja mugavuse. K\u00e4erauad on disainitud nii, et saab neid turvaliselt kinnitada randmetele, pakkudes samas piiratud liikumisvabadust.<\/p>\n<p>Cordellis k\u00e4eraudu saab kasutada erinevatel viisidel, olenevalt kasutaja eelistustest ja fantaasiatest. Need v\u00f5ivad olla osa sensuaalsest rollim\u00e4ngust v\u00f5i BDSM-stseenist, kus \u00fcks partneritest v\u00f5tab kontrolli ja teine naudib piiratud liikumisvabadust. K\u00e4erauad v\u00f5ivad pakkuda ka usalduslikku l\u00e4hedust ja s\u00fcgavamat sidet partneriga, luues v\u00f5imaluse avastada uusi intiimseid piire.<\/p>\n<p>Tutvuge ka teiste <a href=\"https:\/\/pesu24.ee\/en\/omadus\/obsessive-Cordellis\/\">Obsessive Cordellis<\/a> pesukollektsiooni toodetega.<\/p>\n<p><span style=\"color: #008000;\"><strong>KOMPLEKT SISALDAB:<\/strong><\/span><\/p>\n<ul>\n<li>k\u00e4erauad<\/li>\n<\/ul>\n<p><span style=\"color: #008000;\"><strong>DETAILS:<\/strong><\/span><\/p>\n<ul>\n<li>\u00fchendatud stiilse k\u00f6iega<\/li>\n<li>palju erinevaid kasutusviise<\/li>\n<li>suurus One Size<\/li>\n<li>mugav materjal (100% pol\u00fcerataan)<\/li>\n<\/ul>","protected":false},"excerpt":{"rendered":"<p>&#46;&#46;&#46;<\/p>","protected":false},"featured_media":27121,"comment_status":"open","ping_status":"closed","template":"","meta":{"_glsr_average":0,"_glsr_ranking":0,"_glsr_reviews":0},"product_brand":[500],"product_cat":[108],"product_tag":[160,447],"class_list":{"0":"post-26998","1":"product","2":"type-product","3":"status-publish","4":"has-post-thumbnail","6":"product_brand-obsessive","7":"product_cat-aksessuaarid","8":"product_tag-obsessive","9":"product_tag-obsessive-cordellis","10":"pa_suurus-universaalsuurus","11":"pa_varvus-must","13":"first","14":"instock","15":"sold-individually","16":"taxable","17":"shipping-taxable","18":"purchasable","19":"product-type-simple"},"_links":{"self":[{"href":"https:\/\/pesu24.ee\/en\/wp-json\/wp\/v2\/product\/26998","targetHints":{"allow":["GET"]}}],"collection":[{"href":"https:\/\/pesu24.ee\/en\/wp-json\/wp\/v2\/product"}],"about":[{"href":"https:\/\/pesu24.ee\/en\/wp-json\/wp\/v2\/types\/product"}],"replies":[{"embeddable":true,"href":"https:\/\/pesu24.ee\/en\/wp-json\/wp\/v2\/comments?post=26998"}],"wp:featuredmedia":[{"embeddable":true,"href":"https:\/\/pesu24.ee\/en\/wp-json\/wp\/v2\/media\/27121"}],"wp:attachment":[{"href":"https:\/\/pesu24.ee\/en\/wp-json\/wp\/v2\/media?parent=26998"}],"wp:term":[{"taxonomy":"product_brand","embeddable":true,"href":"https:\/\/pesu24.ee\/en\/wp-json\/wp\/v2\/product_brand?post=26998"},{"taxonomy":"product_cat","embeddable":true,"href":"https:\/\/pesu24.ee\/en\/wp-json\/wp\/v2\/product_cat?post=26998"},{"taxonomy":"product_tag","embeddable":true,"href":"https:\/\/pesu24.ee\/en\/wp-json\/wp\/v2\/product_tag?post=26998"}],"curies":[{"name":"wp","href":"https:\/\/api.w.org\/{rel}","templated":true}]}}