{"id":27016,"date":"2025-08-19T00:56:29","date_gmt":"2025-08-18T21:56:29","guid":{"rendered":"https:\/\/pesu24.ee\/?post_type=product&#038;p=27016"},"modified":"2025-08-21T15:01:50","modified_gmt":"2025-08-21T12:01:50","slug":"punane-pihavoo-axami-v-9772","status":"publish","type":"product","link":"https:\/\/pesu24.ee\/en\/sukahoidjad\/punane-pihavoo-axami-v-9772\/","title":{"rendered":"Punane pihav\u00f6\u00f6 Axami V-9772"},"content":{"rendered":"<p><strong><a href=\"https:\/\/pesu24.ee\/en\/omadus\/love-cave\/\">Love Cave<\/a> pesukollektsiooni kuuluv pihav\u00f6\u00f6 Axami V-9772. See punane sukav\u00f6\u00f6 v\u00f5lub oma tippkvaliteetse pitsi ja v\u00e4ga elegantse disainiga, mis toob esile naiseliku ilu ja kumerused.\u00a0<\/strong><\/p>\n<p>Keskel k\u00f5rgenenud disain koos kuldsete kaunistusega lisab naiselikkust ja koketlikku v\u00f5lu. Peale kvaliteetse ja elastse kanga on pihav\u00f6\u00f6 tagant 3-astmelise kinnitusega, mis tagab suurep\u00e4rase sobivuse ja parima kandmismugavuse.<\/p>\n<p><span style=\"color: #008000;\"><strong>OMADUSED<\/strong><\/span><\/p>\n<ul>\n<li>komplektis punane pihav\u00f6\u00f6<\/li>\n<li>pihav\u00f6\u00f6 tagant 3-astmelise kinnitusega<\/li>\n<li>v\u00e4ga kvaliteetne pits ja kangas<\/li>\n<li>87% pol\u00fcamiid, 13% elastaan<\/li>\n<li>saadaolevad suured: XS, S, M, L ja XL<\/li>\n<\/ul>\n<p>Juhul kui sobivat suurust suuruste valikust ei leia, siis v\u00f5tke palun \u00fchendust klienditoega aadressil\u00a0support@pesu24.ee\u00a0ja anname teada tarneaja.<\/p>\n<p>Lisaks tootefotodel on avatud rinnahoidja <a href=\"https:\/\/pesu24.ee\/en\/topid-rinnahoidjad\/avatud-punane-rinnahoidja-axami-v-9771\/\">Axami V-9771<\/a> ja punased lipsuga stringid <a href=\"https:\/\/pesu24.ee\/en\/stringid-puksikud\/punased-stringid-axami-v-9778\/\">Axami V-9778<\/a>. K\u00f5ik need tooted on meie e-poes olemas ja soovi korral tuleb need osta eraldi.<\/p>","protected":false},"excerpt":{"rendered":"<p>&#46;&#46;&#46;<\/p>","protected":false},"featured_media":27124,"comment_status":"open","ping_status":"closed","template":"","meta":{"_glsr_average":0,"_glsr_ranking":0,"_glsr_reviews":0},"product_brand":[502],"product_cat":[211],"product_tag":[333,445],"class_list":{"0":"post-27016","1":"product","2":"type-product","3":"status-publish","4":"has-post-thumbnail","6":"product_brand-axami","7":"product_cat-sukahoidjad","8":"product_tag-axami","9":"product_tag-love-cave","10":"pa_suurus-l","11":"pa_suurus-m","12":"pa_suurus-s","13":"pa_suurus-xl","14":"pa_varvus-punane","16":"first","17":"instock","18":"sold-individually","19":"taxable","20":"shipping-taxable","21":"purchasable","22":"product-type-variable"},"_links":{"self":[{"href":"https:\/\/pesu24.ee\/en\/wp-json\/wp\/v2\/product\/27016","targetHints":{"allow":["GET"]}}],"collection":[{"href":"https:\/\/pesu24.ee\/en\/wp-json\/wp\/v2\/product"}],"about":[{"href":"https:\/\/pesu24.ee\/en\/wp-json\/wp\/v2\/types\/product"}],"replies":[{"embeddable":true,"href":"https:\/\/pesu24.ee\/en\/wp-json\/wp\/v2\/comments?post=27016"}],"wp:featuredmedia":[{"embeddable":true,"href":"https:\/\/pesu24.ee\/en\/wp-json\/wp\/v2\/media\/27124"}],"wp:attachment":[{"href":"https:\/\/pesu24.ee\/en\/wp-json\/wp\/v2\/media?parent=27016"}],"wp:term":[{"taxonomy":"product_brand","embeddable":true,"href":"https:\/\/pesu24.ee\/en\/wp-json\/wp\/v2\/product_brand?post=27016"},{"taxonomy":"product_cat","embeddable":true,"href":"https:\/\/pesu24.ee\/en\/wp-json\/wp\/v2\/product_cat?post=27016"},{"taxonomy":"product_tag","embeddable":true,"href":"https:\/\/pesu24.ee\/en\/wp-json\/wp\/v2\/product_tag?post=27016"}],"curies":[{"name":"wp","href":"https:\/\/api.w.org\/{rel}","templated":true}]}}