{"id":27218,"date":"2025-08-19T01:00:18","date_gmt":"2025-08-18T22:00:18","guid":{"rendered":"https:\/\/pesu24.ee\/?post_type=product&#038;p=27218"},"modified":"2025-08-20T17:49:24","modified_gmt":"2025-08-20T14:49:24","slug":"nibukatted-obsessive-a770","status":"publish","type":"product","link":"https:\/\/pesu24.ee\/en\/aksessuaarid\/nibukatted-obsessive-a770\/","title":{"rendered":"Nibukatted Obsessive A770"},"content":{"rendered":"<p>Murdke igavaks muutunud rutiin ja v\u00fcrtsitage oma v\u00e4limust nende flirtivate Obsessive A770 nibukatetega. Saate neid kanda l\u00e4bipaistvate body&#8217;de all v\u00f5i n\u00e4idata oma v\u00f5lusid, kandes neid iseseisvalt. Kuumas punases v\u00e4rvitoonis ja taaskasutatavad, v\u00f5imaldavad need teil luua mitmeid unikaalseid v\u00e4ljan\u00e4gemisi. \u00dcllatage end ja avanege uutele kogemustele!<\/p>\n<p><span style=\"color: #008000;\"><strong>KOMPLEKT SISALDAB:<\/strong><\/span><\/p>\n<ul>\n<li>nibukatted<\/li>\n<li>NB! stringid ei kuulu komplekti<\/li>\n<\/ul>\n<p>Nibukatted sobivad kokku <a href=\"https:\/\/pesu24.ee\/en\/stringid-puksikud\/stringid-obsessive-lacelove\/\">Obsessive Lacelove stringidega<\/a><\/p>\n<p><span style=\"color: #008000;\"><strong>DETAILS:<\/strong><\/span><\/p>\n<ul>\n<li>punased nibukatted<\/li>\n<li>kelmika disainiga<\/li>\n<li>isekleepuvad<\/li>\n<li>korduvkasutatavad<\/li>\n<li>\u00fcks suurus sobib k\u00f5igile &#8211; One Size<\/li>\n<li>mugav materjal (95% pol\u00fceerataan, 5% liim)<\/li>\n<\/ul>","protected":false},"excerpt":{"rendered":"<p>&#46;&#46;&#46;<\/p>","protected":false},"featured_media":27236,"comment_status":"open","ping_status":"closed","template":"","meta":{"_glsr_average":0,"_glsr_ranking":0,"_glsr_reviews":0},"product_brand":[500],"product_cat":[108],"product_tag":[397,160,451],"class_list":{"0":"post-27218","1":"product","2":"type-product","3":"status-publish","4":"has-post-thumbnail","6":"product_brand-obsessive","7":"product_cat-aksessuaarid","8":"product_tag-nibukatted","9":"product_tag-obsessive","10":"product_tag-obsessive-lacelove","11":"pa_suurus-universaalsuurus","12":"pa_varvus-punane","14":"first","15":"instock","16":"sold-individually","17":"taxable","18":"shipping-taxable","19":"purchasable","20":"product-type-simple"},"_links":{"self":[{"href":"https:\/\/pesu24.ee\/en\/wp-json\/wp\/v2\/product\/27218","targetHints":{"allow":["GET"]}}],"collection":[{"href":"https:\/\/pesu24.ee\/en\/wp-json\/wp\/v2\/product"}],"about":[{"href":"https:\/\/pesu24.ee\/en\/wp-json\/wp\/v2\/types\/product"}],"replies":[{"embeddable":true,"href":"https:\/\/pesu24.ee\/en\/wp-json\/wp\/v2\/comments?post=27218"}],"wp:featuredmedia":[{"embeddable":true,"href":"https:\/\/pesu24.ee\/en\/wp-json\/wp\/v2\/media\/27236"}],"wp:attachment":[{"href":"https:\/\/pesu24.ee\/en\/wp-json\/wp\/v2\/media?parent=27218"}],"wp:term":[{"taxonomy":"product_brand","embeddable":true,"href":"https:\/\/pesu24.ee\/en\/wp-json\/wp\/v2\/product_brand?post=27218"},{"taxonomy":"product_cat","embeddable":true,"href":"https:\/\/pesu24.ee\/en\/wp-json\/wp\/v2\/product_cat?post=27218"},{"taxonomy":"product_tag","embeddable":true,"href":"https:\/\/pesu24.ee\/en\/wp-json\/wp\/v2\/product_tag?post=27218"}],"curies":[{"name":"wp","href":"https:\/\/api.w.org\/{rel}","templated":true}]}}