{"id":27220,"date":"2025-08-19T01:00:18","date_gmt":"2025-08-18T22:00:18","guid":{"rendered":"https:\/\/pesu24.ee\/?post_type=product&#038;p=27220"},"modified":"2025-08-21T15:02:08","modified_gmt":"2025-08-21T12:02:08","slug":"kaised-obsessive-a772","status":"publish","type":"product","link":"https:\/\/pesu24.ee\/en\/aksessuaarid\/kaised-obsessive-a772\/","title":{"rendered":"K\u00e4ised Obsessive A772"},"content":{"rendered":"<p>Obsessive A772 k\u00e4ised on v\u00f5rgutavad ja elegantse disainiga aksessuaarid, mis toovad sensuaalsuse igasse intiimsesse hetke. Need k\u00e4ised on valmistatud kvaliteetsest materjalist, millel on intrigeeriv pitsmuster. K\u00e4<\/p>\n<p>ised lisavad kandjale erilist v\u00f5lu ja elegantsi ning sobivad suurep\u00e4raselt t\u00e4iendama Obsessive pesukomplekte v\u00f5i lisama v\u00fcrtsi romantilistesse kohtumistesse.<\/p>\n<p><span style=\"color: #008000;\"><strong>DETAILS:<\/strong><\/span><\/p>\n<ul>\n<li>sensuaalne disain<\/li>\n<li>geomeetriline muster<\/li>\n<li>\u00fcks suurus sobib enamikele (One Size)<\/li>\n<li>mugav &amp; elastne kangas (88% pol\u00fcamiid, 12% elastaan)<\/li>\n<\/ul>","protected":false},"excerpt":{"rendered":"<p>&#46;&#46;&#46;<\/p>","protected":false},"featured_media":27242,"comment_status":"open","ping_status":"closed","template":"","meta":{"_glsr_average":0,"_glsr_ranking":0,"_glsr_reviews":0},"product_brand":[500],"product_cat":[108],"product_tag":[160],"class_list":{"0":"post-27220","1":"product","2":"type-product","3":"status-publish","4":"has-post-thumbnail","6":"product_brand-obsessive","7":"product_cat-aksessuaarid","8":"product_tag-obsessive","9":"pa_suurus-universaalsuurus","10":"pa_varvus-must","12":"first","13":"instock","14":"sold-individually","15":"taxable","16":"shipping-taxable","17":"purchasable","18":"product-type-simple"},"_links":{"self":[{"href":"https:\/\/pesu24.ee\/en\/wp-json\/wp\/v2\/product\/27220","targetHints":{"allow":["GET"]}}],"collection":[{"href":"https:\/\/pesu24.ee\/en\/wp-json\/wp\/v2\/product"}],"about":[{"href":"https:\/\/pesu24.ee\/en\/wp-json\/wp\/v2\/types\/product"}],"replies":[{"embeddable":true,"href":"https:\/\/pesu24.ee\/en\/wp-json\/wp\/v2\/comments?post=27220"}],"wp:featuredmedia":[{"embeddable":true,"href":"https:\/\/pesu24.ee\/en\/wp-json\/wp\/v2\/media\/27242"}],"wp:attachment":[{"href":"https:\/\/pesu24.ee\/en\/wp-json\/wp\/v2\/media?parent=27220"}],"wp:term":[{"taxonomy":"product_brand","embeddable":true,"href":"https:\/\/pesu24.ee\/en\/wp-json\/wp\/v2\/product_brand?post=27220"},{"taxonomy":"product_cat","embeddable":true,"href":"https:\/\/pesu24.ee\/en\/wp-json\/wp\/v2\/product_cat?post=27220"},{"taxonomy":"product_tag","embeddable":true,"href":"https:\/\/pesu24.ee\/en\/wp-json\/wp\/v2\/product_tag?post=27220"}],"curies":[{"name":"wp","href":"https:\/\/api.w.org\/{rel}","templated":true}]}}