{"id":27221,"date":"2025-12-07T00:02:18","date_gmt":"2025-12-06T21:02:18","guid":{"rendered":"https:\/\/pesu24.ee\/?post_type=product&#038;p=27221"},"modified":"2026-03-29T16:27:54","modified_gmt":"2026-03-29T14:27:54","slug":"sukavoo-axami-v-9892","status":"publish","type":"product","link":"https:\/\/pesu24.ee\/en\/sukahoidjad\/sukavoo-axami-v-9892\/","title":{"rendered":"Sukav\u00f6\u00f6 Axami V-9892"},"content":{"rendered":"<p><strong>Lase ennast v\u00f5luda Axami V-9892 sukav\u00f6\u00f6ga, mis on osa luksuslikust <a href=\"https:\/\/pesu24.ee\/en\/omadus\/love-cave\/\">Love Cave<\/a> kollektsioonist. Bee\u017e toon, mis meenutab p\u00e4ikesepaistelisi rannap\u00e4evi, kohtub s\u00fcgava, sensuaalse musta pitsiga, luues suurep\u00e4rase kombinatsiooni julgusest ja elegantsist.<\/strong><\/p>\n<p>See sukav\u00f6\u00f6 on loodud, et r\u00f5hutada iga naise k\u00f5ige ilusamaid jooni. See kohaneb suurep\u00e4raselt teie keha kumerustega, r\u00f5hutades nii v\u00f6\u00f6kohta kui ka puusade graatsilist kaart. Tagaosas olev l\u00e4bipaistev t\u00fcll lisab sellele luksuslikule tootele peenust, samas kui dekoratiivne paela ja silmuse detail r\u00f5hutab selle unikaalset disaini.<\/p>\n<p>Elastne kangas tagab mugava istuvuse, samas kui t\u00e4ielikult reguleeritavad sukapaelad annavad praktilise ja samal ajal stiilse puudutuse.<\/p>\n<p>Kombineeri see sukav\u00f6\u00f6 Axami <a href=\"https:\/\/pesu24.ee\/en\/stringid-puksikud\/stringid-axami-v-9898\/\" target=\"_blank\" rel=\"noopener\">V-9898 stringide<\/a>, Axami <a href=\"https:\/\/pesu24.ee\/en\/topid-rinnahoidjad\/avatud-rinnahoidja-axami-v-9891\/\" target=\"_blank\" rel=\"noopener\">V-9891 rinnahoidja<\/a> ja omale <a href=\"https:\/\/pesu24.ee\/en\/sukad\/\">meelep\u00e4raste sukkadega<\/a>, et luua enneolematult kaunis ja sensuaalne komplekt.<\/p>\n<p>Axami Love Cave kollektsioon toob sinuni kvaliteetse pesu, mis on loodud selleks, et sind tunda end k\u00f5ige erilisemana. See pole lihtsalt sukav\u00f6\u00f6, see on lugu iseendast.<\/p>\n<div class=\"omadused\">\nDetails<\/p>\n<ul>\n<li>Komplektis: sukav\u00f6\u00f6<\/li>\n<li>V\u00e4rvus: bee\u017e \/ must<\/li>\n<li>Kinnitus: tagant astmeline, kahekordne konks<\/li>\n<li>Kangas: 83% pol\u00fcamiid, 17% elastaan<\/li>\n<li>Sukapaelad: 4 t\u00fckki, t\u00e4ielikult reguleeritavad<\/li>\n<li>Erilised kaunistused: ees ja silmusega dekoratiivpael<\/li>\n<\/ul>\n<p>Koge <a href=\"https:\/\/pesu24.ee\/en\/omadus\/axami\/\" target=\"_blank\" rel=\"noopener\">Axami<\/a> luksust ja sensuaalsust, mis on loodud ainult neile, kes oskavad hinnata t\u00f5elist kvaliteeti.\n<\/div>\n<h2>Selle tootega sobivad kokku<\/h2>\n<div class=\"woocommerce columns-3\"><ul class=\"products columns-3\">\n<li class=\"product type-product post-26447 status-publish first instock product_cat-topid-rinnahoidjad product_tag-axami product_tag-love-cave has-post-thumbnail sold-individually taxable shipping-taxable purchasable product-type-variable woovr-active woovr-show-price\">\n\t<a href=\"https:\/\/pesu24.ee\/en\/topid-rinnahoidjad\/avatud-rinnahoidja-axami-v-9891\/\" class=\"woocommerce-LoopProduct-link woocommerce-loop-product__link\"><img loading=\"lazy\" decoding=\"async\" width=\"300\" height=\"426\" src=\"https:\/\/pesu24.ee\/wp-content\/uploads\/2025\/08\/axami-v-9891-300x426.jpg\" class=\"attachment-woocommerce_thumbnail size-woocommerce_thumbnail\" alt=\"Avatud rinnahoidja Axami V-9891\" srcset=\"https:\/\/pesu24.ee\/wp-content\/uploads\/2025\/08\/axami-v-9891-300x426.jpg 300w, https:\/\/pesu24.ee\/wp-content\/uploads\/2025\/08\/axami-v-9891-211x300.jpg 211w, https:\/\/pesu24.ee\/wp-content\/uploads\/2025\/08\/axami-v-9891-8x12.jpg 8w, https:\/\/pesu24.ee\/wp-content\/uploads\/2025\/08\/axami-v-9891-600x851.jpg 600w, https:\/\/pesu24.ee\/wp-content\/uploads\/2025\/08\/axami-v-9891.jpg 618w\" sizes=\"auto, (max-width: 300px) 100vw, 300px\" \/><div class=\"product-badges\">  <span class=\"badge badge--stock\"><span class=\"dot\" aria-hidden=\"true\"><\/span>Laos<\/span><\/div><h2 class=\"woocommerce-loop-product__title\">Avatud rinnahoidja Axami V-9891<\/h2>\n\t<span class=\"price\"><span class=\"woocommerce-Price-amount amount\"><bdi><span class=\"woocommerce-Price-currencySymbol\">&euro;<\/span>39.<span class=\"price-cents\">90<\/span><\/bdi><\/span><\/span>\n<\/a><a class=\"mw-size-hints mw-loop\" href=\"https:\/\/pesu24.ee\/en\/topid-rinnahoidjad\/avatud-rinnahoidja-axami-v-9891\/\" aria-label=\"Avatud rinnahoidja Axami V-9891 \u2013 vali suurus\"><div class=\"mw-sizes-line\"><span class=\"mw-sizes-label\">Size:<\/span> <span class=\"mw-sizes\"><span class=\"mw-size-badge\">S<\/span> <span class=\"mw-size-badge\">L<\/span> <span class=\"mw-size-badge\">XL<\/span><\/span><\/div><\/a><a href=\"https:\/\/pesu24.ee\/en\/topid-rinnahoidjad\/avatud-rinnahoidja-axami-v-9891\/\" aria-describedby=\"woocommerce_loop_add_to_cart_link_describedby_26447\" data-quantity=\"1\" class=\"button product_type_variable add_to_cart_button\" data-product_id=\"26447\" data-product_sku=\"\" aria-label=\"Select options for \u201cAvatud rinnahoidja Axami V-9891\u201d\" rel=\"nofollow\" data-no-translation-aria-label=\"\">Select size<\/a>\t<span id=\"woocommerce_loop_add_to_cart_link_describedby_26447\" class=\"screen-reader-text\">\n\t\tThis product has multiple variants. The options may be chosen on the product page\t<\/span>\n<\/li>\n<li class=\"product type-product post-24273 status-publish instock product_cat-stringid-puksikud product_tag-axami product_tag-love-cave has-post-thumbnail sold-individually taxable shipping-taxable purchasable product-type-variable woovr-active woovr-show-price\">\n\t<a href=\"https:\/\/pesu24.ee\/en\/stringid-puksikud\/stringid-axami-v-9898\/\" class=\"woocommerce-LoopProduct-link woocommerce-loop-product__link\"><img loading=\"lazy\" decoding=\"async\" width=\"300\" height=\"300\" src=\"https:\/\/pesu24.ee\/wp-content\/uploads\/2025\/08\/axami-v-9898-1-300x300.jpg\" class=\"attachment-woocommerce_thumbnail size-woocommerce_thumbnail\" alt=\"Stringid Axami V-9898\" srcset=\"https:\/\/pesu24.ee\/wp-content\/uploads\/2025\/08\/axami-v-9898-1-300x300.jpg 300w, https:\/\/pesu24.ee\/wp-content\/uploads\/2025\/08\/axami-v-9898-1-150x150.jpg 150w, https:\/\/pesu24.ee\/wp-content\/uploads\/2025\/08\/axami-v-9898-1-768x768.jpg 768w, https:\/\/pesu24.ee\/wp-content\/uploads\/2025\/08\/axami-v-9898-1-12x12.jpg 12w, https:\/\/pesu24.ee\/wp-content\/uploads\/2025\/08\/axami-v-9898-1-160x160.jpg 160w, https:\/\/pesu24.ee\/wp-content\/uploads\/2025\/08\/axami-v-9898-1-320x320.jpg 320w, https:\/\/pesu24.ee\/wp-content\/uploads\/2025\/08\/axami-v-9898-1-600x600.jpg 600w, https:\/\/pesu24.ee\/wp-content\/uploads\/2025\/08\/axami-v-9898-1-100x100.jpg 100w, https:\/\/pesu24.ee\/wp-content\/uploads\/2025\/08\/axami-v-9898-1-135x135.jpg 135w, https:\/\/pesu24.ee\/wp-content\/uploads\/2025\/08\/axami-v-9898-1.jpg 900w\" sizes=\"auto, (max-width: 300px) 100vw, 300px\" \/><div class=\"product-badges\">  <span class=\"badge badge--stock\"><span class=\"dot\" aria-hidden=\"true\"><\/span>Laos<\/span><\/div><h2 class=\"woocommerce-loop-product__title\">Stringid Axami V-9898<\/h2>\n\t<span class=\"price\"><span class=\"woocommerce-Price-amount amount\"><bdi><span class=\"woocommerce-Price-currencySymbol\">&euro;<\/span>19.<span class=\"price-cents\">90<\/span><\/bdi><\/span><\/span>\n<\/a><a class=\"mw-size-hints mw-loop\" href=\"https:\/\/pesu24.ee\/en\/stringid-puksikud\/stringid-axami-v-9898\/\" aria-label=\"Stringid Axami V-9898 \u2013 vali suurus\"><div class=\"mw-sizes-line\"><span class=\"mw-sizes-label\">Size:<\/span> <span class=\"mw-sizes\"><span class=\"mw-size-badge\">S<\/span> <span class=\"mw-size-badge\">M<\/span> <span class=\"mw-size-badge\">L<\/span> <span class=\"mw-size-badge\">XL<\/span><\/span><\/div><\/a><a href=\"https:\/\/pesu24.ee\/en\/stringid-puksikud\/stringid-axami-v-9898\/\" aria-describedby=\"woocommerce_loop_add_to_cart_link_describedby_24273\" data-quantity=\"1\" class=\"button product_type_variable add_to_cart_button\" data-product_id=\"24273\" data-product_sku=\"\" aria-label=\"Select options for \u201cStringid Axami V-9898\u201d\" rel=\"nofollow\" data-no-translation-aria-label=\"\">Select size<\/a>\t<span id=\"woocommerce_loop_add_to_cart_link_describedby_24273\" class=\"screen-reader-text\">\n\t\tThis product has multiple variants. The options may be chosen on the product page\t<\/span>\n<\/li>\n<\/ul>\n<\/div>","protected":false},"excerpt":{"rendered":"<p>&#46;&#46;&#46;<\/p>","protected":false},"featured_media":27247,"comment_status":"open","ping_status":"closed","template":"","meta":{"_glsr_average":0,"_glsr_ranking":0,"_glsr_reviews":0},"product_brand":[502],"product_cat":[211],"product_tag":[333,445],"class_list":{"0":"post-27221","1":"product","2":"type-product","3":"status-publish","4":"has-post-thumbnail","6":"product_brand-axami","7":"product_cat-sukahoidjad","8":"product_tag-axami","9":"product_tag-love-cave","10":"pa_suurus-l","11":"pa_suurus-m","12":"pa_suurus-s","13":"pa_suurus-xl","14":"pa_varvus-beez","15":"pa_varvus-must","17":"first","18":"instock","19":"sold-individually","20":"taxable","21":"shipping-taxable","22":"purchasable","23":"product-type-variable"},"_links":{"self":[{"href":"https:\/\/pesu24.ee\/en\/wp-json\/wp\/v2\/product\/27221","targetHints":{"allow":["GET"]}}],"collection":[{"href":"https:\/\/pesu24.ee\/en\/wp-json\/wp\/v2\/product"}],"about":[{"href":"https:\/\/pesu24.ee\/en\/wp-json\/wp\/v2\/types\/product"}],"replies":[{"embeddable":true,"href":"https:\/\/pesu24.ee\/en\/wp-json\/wp\/v2\/comments?post=27221"}],"wp:featuredmedia":[{"embeddable":true,"href":"https:\/\/pesu24.ee\/en\/wp-json\/wp\/v2\/media\/27247"}],"wp:attachment":[{"href":"https:\/\/pesu24.ee\/en\/wp-json\/wp\/v2\/media?parent=27221"}],"wp:term":[{"taxonomy":"product_brand","embeddable":true,"href":"https:\/\/pesu24.ee\/en\/wp-json\/wp\/v2\/product_brand?post=27221"},{"taxonomy":"product_cat","embeddable":true,"href":"https:\/\/pesu24.ee\/en\/wp-json\/wp\/v2\/product_cat?post=27221"},{"taxonomy":"product_tag","embeddable":true,"href":"https:\/\/pesu24.ee\/en\/wp-json\/wp\/v2\/product_tag?post=27221"}],"curies":[{"name":"wp","href":"https:\/\/api.w.org\/{rel}","templated":true}]}}