{"id":27225,"date":"2025-08-19T01:00:19","date_gmt":"2025-08-18T22:00:19","guid":{"rendered":"https:\/\/pesu24.ee\/?post_type=product&#038;p=27225"},"modified":"2025-08-21T15:02:50","modified_gmt":"2025-08-21T12:02:50","slug":"sukavoo-axami-v-9882","status":"publish","type":"product","link":"https:\/\/pesu24.ee\/en\/sukahoidjad\/sukavoo-axami-v-9882\/","title":{"rendered":"Sukav\u00f6\u00f6 Axami V-9882"},"content":{"rendered":"<p><strong>Lase ennast v\u00f5luda Axami V-9882 sukav\u00f6\u00f6ga, mis on osa luksuslikust <a href=\"https:\/\/pesu24.ee\/en\/omadus\/love-cave\/\">Love Cave<\/a> kollektsioonist. Veripunane toon kohtub s\u00fcgava, sensuaalse musta pitsiga, luues suurep\u00e4rase kombinatsiooni julgusest ja elegantsist.<\/strong><\/p>\n<p>See sukav\u00f6\u00f6 on loodud, et r\u00f5hutada iga naise k\u00f5ige ilusamaid jooni. See kohaneb suurep\u00e4raselt teie keha kumerustega, r\u00f5hutades nii v\u00f6\u00f6kohta kui ka puusade graatsilist kaart. Tagaosas olev l\u00e4bipaistev t\u00fcll lisab sellele luksuslikule tootele peenust, samas kui dekoratiivne paela ja silmuse detail r\u00f5hutab selle unikaalset disaini.<\/p>\n<p>Elastne kangas tagab mugava istuvuse, samas kui t\u00e4ielikult reguleeritavad sukapaelad annavad praktilise ja samal ajal stiilse puudutuse.<\/p>\n<p>Kombineeri see sukav\u00f6\u00f6 Axami <a href=\"https:\/\/pesu24.ee\/en\/stringid-puksikud\/stringid-axami-v-9888\/\" target=\"_blank\" rel=\"noopener\">V-9888 stringide<\/a>, Axami <a href=\"https:\/\/pesu24.ee\/en\/topid-rinnahoidjad\/avatud-rinnahoidja-axami-v-9881\/\" target=\"_blank\" rel=\"noopener\">V-9881 rinnahoidja<\/a> ja Axami <a href=\"https:\/\/pesu24.ee\/en\/sukad\/sukad-axami-pampero-v-7064\/\" target=\"_blank\" rel=\"noopener\">V-7064 sukkadega<\/a>, et luua enneolematult kaunis ja sensuaalne komplekt.<\/p>\n<p>Axami Love Cave kollektsioon toob sinuni kvaliteetse pesu, mis on loodud selleks, et sind tunda end k\u00f5ige erilisemana. See pole lihtsalt sukav\u00f6\u00f6, see on lugu iseendast.<\/p>\n<p><span style=\"color: #008000;\"><strong>\u00dcKSIKASJAD:<\/strong><\/span><\/p>\n<ul>\n<li>Komplektis: sukav\u00f6\u00f6<\/li>\n<li>V\u00e4rvus: punane \/ must<\/li>\n<li>Kinnitus: tagant astmeline, kahekordne konks<\/li>\n<li>Kangas: 83% pol\u00fcamiid, 17% elastaan<\/li>\n<li>Sukapaelad: 4 t\u00fckki, t\u00e4ielikult reguleeritavad<\/li>\n<li>Erilised kaunistused: ees ja silmusega dekoratiivpael<\/li>\n<\/ul>\n<p>Koge <a href=\"https:\/\/pesu24.ee\/en\/omadus\/axami\/\" target=\"_blank\" rel=\"noopener\">Axami<\/a> luksust ja sensuaalsust, mis on loodud ainult neile, kes oskavad hinnata t\u00f5elist kvaliteeti.<\/p>","protected":false},"excerpt":{"rendered":"<p>&#46;&#46;&#46;<\/p>","protected":false},"featured_media":27277,"comment_status":"open","ping_status":"closed","template":"","meta":{"_glsr_average":0,"_glsr_ranking":0,"_glsr_reviews":0},"product_brand":[502],"product_cat":[211],"product_tag":[333,445],"class_list":{"0":"post-27225","1":"product","2":"type-product","3":"status-publish","4":"has-post-thumbnail","6":"product_brand-axami","7":"product_cat-sukahoidjad","8":"product_tag-axami","9":"product_tag-love-cave","10":"pa_suurus-l","11":"pa_suurus-m","12":"pa_suurus-s","13":"pa_suurus-xl","14":"pa_varvus-punane","16":"first","17":"instock","18":"sold-individually","19":"taxable","20":"shipping-taxable","21":"purchasable","22":"product-type-variable"},"_links":{"self":[{"href":"https:\/\/pesu24.ee\/en\/wp-json\/wp\/v2\/product\/27225","targetHints":{"allow":["GET"]}}],"collection":[{"href":"https:\/\/pesu24.ee\/en\/wp-json\/wp\/v2\/product"}],"about":[{"href":"https:\/\/pesu24.ee\/en\/wp-json\/wp\/v2\/types\/product"}],"replies":[{"embeddable":true,"href":"https:\/\/pesu24.ee\/en\/wp-json\/wp\/v2\/comments?post=27225"}],"wp:featuredmedia":[{"embeddable":true,"href":"https:\/\/pesu24.ee\/en\/wp-json\/wp\/v2\/media\/27277"}],"wp:attachment":[{"href":"https:\/\/pesu24.ee\/en\/wp-json\/wp\/v2\/media?parent=27225"}],"wp:term":[{"taxonomy":"product_brand","embeddable":true,"href":"https:\/\/pesu24.ee\/en\/wp-json\/wp\/v2\/product_brand?post=27225"},{"taxonomy":"product_cat","embeddable":true,"href":"https:\/\/pesu24.ee\/en\/wp-json\/wp\/v2\/product_cat?post=27225"},{"taxonomy":"product_tag","embeddable":true,"href":"https:\/\/pesu24.ee\/en\/wp-json\/wp\/v2\/product_tag?post=27225"}],"curies":[{"name":"wp","href":"https:\/\/api.w.org\/{rel}","templated":true}]}}