{"id":27230,"date":"2025-08-19T01:00:19","date_gmt":"2025-08-18T22:00:19","guid":{"rendered":"https:\/\/pesu24.ee\/?post_type=product&#038;p=27230"},"modified":"2025-09-15T12:24:08","modified_gmt":"2025-09-15T09:24:08","slug":"jalgade-rakmed-obsessive-armares","status":"publish","type":"product","link":"https:\/\/pesu24.ee\/en\/aksessuaarid\/jalgade-rakmed-obsessive-armares\/","title":{"rendered":"Jalgade rakmed Obsessive Armares"},"content":{"rendered":"<p>Kas otsite v\u00fcrtsikat aksessuaari jalgadele, siis sel juhul on need jalgade rakmed just see, mida vajate. Valmistatud reguleeritavatest rihmadest ja \u00fcmaratest \u00fchendustest ning \u00fcks suurus sobib enamikele<\/p>\n<p>Tutvuge ka teiste <a href=\"https:\/\/pesu24.ee\/en\/omadus\/Obsessive-Armares\/\">Obsessive Armares<\/a>\u00a0pesukollektsiooni toodetega.<\/p>\n<p><span style=\"color: #008000;\"><strong>KOMPLEKT SISALDAB:<\/strong><\/span><\/p>\n<ul>\n<li>jalgade rakmed<\/li>\n<\/ul>\n<p>Jalgade rakmed sobivad perfektselt kokku <a href=\"https:\/\/pesu24.ee\/en\/pesukomplektid\/2-osaline-pesukomplekt-obsessive-armares\/\">Obsessive Armares 2-osalise pesukomplektiga<\/a>.<\/p>\n<p><span style=\"color: #008000;\"><strong>DETAILS:<\/strong><\/span><\/p>\n<ul>\n<li>jalgadele m\u00f5eldud rakmed<\/li>\n<li>reguleeritavad rihmad<\/li>\n<li>\u00fcks suurus sobib enamikele &#8211; One Size<\/li>\n<li>valmistatud mugavast &amp; elastsest kangast (88% pol\u00fcamiid, 12% elastaan)<\/li>\n<\/ul>","protected":false},"excerpt":{"rendered":"<p>&#46;&#46;&#46;<\/p>","protected":false},"featured_media":27292,"comment_status":"open","ping_status":"closed","template":"","meta":{"_glsr_average":0,"_glsr_ranking":0,"_glsr_reviews":0},"product_brand":[500],"product_cat":[108],"product_tag":[160,456],"class_list":{"0":"post-27230","1":"product","2":"type-product","3":"status-publish","4":"has-post-thumbnail","6":"product_brand-obsessive","7":"product_cat-aksessuaarid","8":"product_tag-obsessive","9":"product_tag-obsessive-armares","10":"pa_suurus-universaalsuurus","11":"pa_varvus-must","13":"first","14":"instock","15":"sold-individually","16":"taxable","17":"shipping-taxable","18":"purchasable","19":"product-type-simple"},"_links":{"self":[{"href":"https:\/\/pesu24.ee\/en\/wp-json\/wp\/v2\/product\/27230","targetHints":{"allow":["GET"]}}],"collection":[{"href":"https:\/\/pesu24.ee\/en\/wp-json\/wp\/v2\/product"}],"about":[{"href":"https:\/\/pesu24.ee\/en\/wp-json\/wp\/v2\/types\/product"}],"replies":[{"embeddable":true,"href":"https:\/\/pesu24.ee\/en\/wp-json\/wp\/v2\/comments?post=27230"}],"wp:featuredmedia":[{"embeddable":true,"href":"https:\/\/pesu24.ee\/en\/wp-json\/wp\/v2\/media\/27292"}],"wp:attachment":[{"href":"https:\/\/pesu24.ee\/en\/wp-json\/wp\/v2\/media?parent=27230"}],"wp:term":[{"taxonomy":"product_brand","embeddable":true,"href":"https:\/\/pesu24.ee\/en\/wp-json\/wp\/v2\/product_brand?post=27230"},{"taxonomy":"product_cat","embeddable":true,"href":"https:\/\/pesu24.ee\/en\/wp-json\/wp\/v2\/product_cat?post=27230"},{"taxonomy":"product_tag","embeddable":true,"href":"https:\/\/pesu24.ee\/en\/wp-json\/wp\/v2\/product_tag?post=27230"}],"curies":[{"name":"wp","href":"https:\/\/api.w.org\/{rel}","templated":true}]}}