{"id":27232,"date":"2025-08-19T01:00:19","date_gmt":"2025-08-18T22:00:19","guid":{"rendered":"https:\/\/pesu24.ee\/?post_type=product&#038;p=27232"},"modified":"2025-08-20T14:52:14","modified_gmt":"2025-08-20T11:52:14","slug":"narmastega-piitsuti-obsessive-a771","status":"publish","type":"product","link":"https:\/\/pesu24.ee\/en\/aksessuaarid\/narmastega-piitsuti-obsessive-a771\/","title":{"rendered":"Narmastega piitsuti Obsessive A771"},"content":{"rendered":"<p>Obsessive A771 piitsution loodud selleks, et tuua teie erootilistele hetkedele kirglik p\u00f5nevus ja elegants. Toote disain on kaunis ja k\u00fctkestav, pakkudes teile t\u00e4iuslikku kontrolli ja v\u00f5imalust kujundada oma sensuaalseid kogemusi. Valmistatud kvaliteetsetest materjalidest, mis on nii vastupidavad kui ka pehmed, tagab A771 piitsutaja teile ohutu ja nauditava kasutamise.<\/p>\n<p><span style=\"color: #008000;\"><strong>KOMPLEKT SISALDAB:<\/strong><\/span><\/p>\n<ul>\n<li>piitsuti<\/li>\n<\/ul>\n<p><span style=\"color: #008000;\"><strong>DETAILS:<\/strong><\/span><\/p>\n<ul>\n<li>stiilne piitsuti<\/li>\n<li>narmad \u00fchendatud metallist r\u00f5ngaga<\/li>\n<li>valmistatud meeldivast materjalist (90% pol\u00fcerataan &amp; 10% metall)<\/li>\n<\/ul>","protected":false},"excerpt":{"rendered":"<p>&#46;&#46;&#46;<\/p>","protected":false},"featured_media":27304,"comment_status":"open","ping_status":"closed","template":"","meta":{"_glsr_average":0,"_glsr_ranking":0,"_glsr_reviews":0},"product_brand":[500],"product_cat":[108],"product_tag":[],"class_list":{"0":"post-27232","1":"product","2":"type-product","3":"status-publish","4":"has-post-thumbnail","6":"product_brand-obsessive","7":"product_cat-aksessuaarid","8":"pa_varvus-must","10":"first","11":"instock","12":"sold-individually","13":"taxable","14":"shipping-taxable","15":"purchasable","16":"product-type-simple"},"_links":{"self":[{"href":"https:\/\/pesu24.ee\/en\/wp-json\/wp\/v2\/product\/27232","targetHints":{"allow":["GET"]}}],"collection":[{"href":"https:\/\/pesu24.ee\/en\/wp-json\/wp\/v2\/product"}],"about":[{"href":"https:\/\/pesu24.ee\/en\/wp-json\/wp\/v2\/types\/product"}],"replies":[{"embeddable":true,"href":"https:\/\/pesu24.ee\/en\/wp-json\/wp\/v2\/comments?post=27232"}],"wp:featuredmedia":[{"embeddable":true,"href":"https:\/\/pesu24.ee\/en\/wp-json\/wp\/v2\/media\/27304"}],"wp:attachment":[{"href":"https:\/\/pesu24.ee\/en\/wp-json\/wp\/v2\/media?parent=27232"}],"wp:term":[{"taxonomy":"product_brand","embeddable":true,"href":"https:\/\/pesu24.ee\/en\/wp-json\/wp\/v2\/product_brand?post=27232"},{"taxonomy":"product_cat","embeddable":true,"href":"https:\/\/pesu24.ee\/en\/wp-json\/wp\/v2\/product_cat?post=27232"},{"taxonomy":"product_tag","embeddable":true,"href":"https:\/\/pesu24.ee\/en\/wp-json\/wp\/v2\/product_tag?post=27232"}],"curies":[{"name":"wp","href":"https:\/\/api.w.org\/{rel}","templated":true}]}}