{"id":27257,"date":"2025-08-19T01:00:52","date_gmt":"2025-08-18T22:00:52","guid":{"rendered":"https:\/\/pesu24.ee\/?post_type=product&#038;p=27257"},"modified":"2025-10-12T02:49:06","modified_gmt":"2025-10-11T23:49:06","slug":"kaised-obsessive-nesari","status":"publish","type":"product","link":"https:\/\/pesu24.ee\/en\/aksessuaarid\/kaised-obsessive-nesari\/","title":{"rendered":"K\u00e4ised Obsessive Nesari"},"content":{"rendered":"<p>Avastage Obsessive Nesari k\u00e4ised ja v\u00e4ljendage end m\u00e4rkamatute, kuid sensuaalsete aksessuaaridega. Musta v\u00e4rvi ja pika k\u00e4ise disain katab kogu teie k\u00e4e ning l\u00e4bipaistev v\u00f5rk lisab elegantsi ja veidi salap\u00e4rast aurat.<\/p>\n<p>Avasta t\u00e4iesti uus tase sensuaalse naudingu maailmas ja \u00fcllata oma teist poolt selle ainulaadse aksessuaariga, et t\u00f5sta magamistoa sensuaalset meeleolu uuele tasemele.<\/p>\n<p>Tutvuge ka teiste <a href=\"https:\/\/pesu24.ee\/en\/omadus\/obsessive-nesari\/\">Obsessive Nesari<\/a> pesukollektsiooni toodetega.<\/p>\n<p><span style=\"color: #008000;\"><strong>KOMPLEKT SISALDAB:<\/strong><\/span><\/p>\n<ul>\n<li>k\u00e4ised<\/li>\n<\/ul>\n<p><span style=\"color: #008000;\"><strong>DETAILS:<\/strong><\/span><\/p>\n<ul>\n<li>kelmikad pikad k\u00e4ised<\/li>\n<li>valmistatud v\u00f5rkmaterjalist &#8211; tagab sensuaalse v\u00e4limuse<\/li>\n<li>mugav &amp; elastne kangas (85% pol\u00fcamiid &amp; 15% elastaan)<\/li>\n<\/ul>","protected":false},"excerpt":{"rendered":"<p>&#46;&#46;&#46;<\/p>","protected":false},"featured_media":27336,"comment_status":"open","ping_status":"closed","template":"","meta":{"_glsr_average":0,"_glsr_ranking":0,"_glsr_reviews":0},"product_brand":[500],"product_cat":[108],"product_tag":[160,463],"class_list":{"0":"post-27257","1":"product","2":"type-product","3":"status-publish","4":"has-post-thumbnail","6":"product_brand-obsessive","7":"product_cat-aksessuaarid","8":"product_tag-obsessive","9":"product_tag-obsessive-nesari","10":"pa_suurus-m-l","11":"pa_suurus-xl-xxl","12":"pa_suurus-xs-s","13":"pa_varvus-must","15":"first","16":"instock","17":"sold-individually","18":"taxable","19":"shipping-taxable","20":"purchasable","21":"product-type-variable"},"_links":{"self":[{"href":"https:\/\/pesu24.ee\/en\/wp-json\/wp\/v2\/product\/27257","targetHints":{"allow":["GET"]}}],"collection":[{"href":"https:\/\/pesu24.ee\/en\/wp-json\/wp\/v2\/product"}],"about":[{"href":"https:\/\/pesu24.ee\/en\/wp-json\/wp\/v2\/types\/product"}],"replies":[{"embeddable":true,"href":"https:\/\/pesu24.ee\/en\/wp-json\/wp\/v2\/comments?post=27257"}],"wp:featuredmedia":[{"embeddable":true,"href":"https:\/\/pesu24.ee\/en\/wp-json\/wp\/v2\/media\/27336"}],"wp:attachment":[{"href":"https:\/\/pesu24.ee\/en\/wp-json\/wp\/v2\/media?parent=27257"}],"wp:term":[{"taxonomy":"product_brand","embeddable":true,"href":"https:\/\/pesu24.ee\/en\/wp-json\/wp\/v2\/product_brand?post=27257"},{"taxonomy":"product_cat","embeddable":true,"href":"https:\/\/pesu24.ee\/en\/wp-json\/wp\/v2\/product_cat?post=27257"},{"taxonomy":"product_tag","embeddable":true,"href":"https:\/\/pesu24.ee\/en\/wp-json\/wp\/v2\/product_tag?post=27257"}],"curies":[{"name":"wp","href":"https:\/\/api.w.org\/{rel}","templated":true}]}}