{"id":27261,"date":"2025-08-19T01:00:52","date_gmt":"2025-08-18T22:00:52","guid":{"rendered":"https:\/\/pesu24.ee\/?post_type=product&#038;p=27261"},"modified":"2025-12-15T16:16:24","modified_gmt":"2025-12-15T13:16:24","slug":"sukahoidja-obsessive-nutris","status":"publish","type":"product","link":"https:\/\/pesu24.ee\/en\/sukahoidjad\/sukahoidja-obsessive-nutris\/","title":{"rendered":"Sukahoidja Obsessive Nutris"},"content":{"rendered":"<p>Tutvustame Obsessive Nutris sukahoidjat \u2013 sinu naiselikkuse t\u00f5elist kroonijuveel. See kaunis must sukahoidja, millel on peen ja elegantne pits koos lummava botaanilise mustriga, on loodud r\u00f5hutama sinu sensuaalsust ja elegantsi. Hoolikalt l\u00e4bi m\u00f5eldud disain ja detailid, sealhulgas reguleeritavad rihmad ja turvaline haak- ja silmuslukustus taga, tagavad, et sukahoidja sobib t\u00e4iuslikult iga kehakujuga.<\/p>\n<p>Nutrise sukahoidja kombineerib sensuaalsuse ja rafineeritud elegantsi, luues t\u00e4iusliku tasakaalu. Selle mitmek\u00fclgsed kinnitused v\u00f5imaldavad sul kergesti lisada sellele rinnahoidjat, pakkudes sulle veelgi rohkem stiiliv\u00f5imalusi. Olgu tegemist erilise \u00f5htu v\u00f5i igap\u00e4evase luksuse sooviga, Nutris sukahoidja lisab sinu garderoobi vajalikku elegantsi ja v\u00f5lu.<\/p>\n<p>Lase oma naiselikkusel s\u00e4rada Obsessive Nutris sukahoidjaga, mis t\u00f5stab iga sinu hetke eriliseks. See luksuslik aksessuaar ei ole mitte ainult stiilne, vaid pakub ka praktilist mugavust, olles ideaalne valik igaks s\u00fcndmuseks. Koge sensuaalsuse ja elegantsi t\u00e4iuslikku \u00fchendust koos Nutrise sukahoidjaga.<\/p>\n<p>Tutvuge ka teiste <a href=\"https:\/\/pesu24.ee\/en\/omadus\/obsessive-nutris\/\">Obsessive Nutris<\/a> pesukollektsiooni toodetega.<\/p>\n<p><span style=\"color: #008000;\"><strong>KOMPLEKT SISALDAB:<\/strong><\/span><\/p>\n<ul>\n<li>sukahoidja<\/li>\n<\/ul>\n<p><span style=\"color: #008000;\"><strong>DETAILS:<\/strong><\/span><\/p>\n<ul>\n<li>elegantne sukahoidja<\/li>\n<li>kaunistatud lillemustritega<\/li>\n<li>taga astmeline kinnitus<\/li>\n<li>reguleeritavad sukapaelad<\/li>\n<li>mugav &amp; elastne kangas (90% pol\u00fcamiid &amp; 10% elastaan)<\/li>\n<\/ul>","protected":false},"excerpt":{"rendered":"<p>&#46;&#46;&#46;<\/p>","protected":false},"featured_media":27363,"comment_status":"open","ping_status":"closed","template":"","meta":{"_glsr_average":0,"_glsr_ranking":0,"_glsr_reviews":0},"product_brand":[500],"product_cat":[211],"product_tag":[160,471],"class_list":{"0":"post-27261","1":"product","2":"type-product","3":"status-publish","4":"has-post-thumbnail","6":"product_brand-obsessive","7":"product_cat-sukahoidjad","8":"product_tag-obsessive","9":"product_tag-obsessive-nutris","10":"pa_suurus-m-l","11":"pa_suurus-xl-xxl","12":"pa_suurus-xs-s","13":"pa_varvus-must","15":"first","16":"instock","17":"sold-individually","18":"taxable","19":"shipping-taxable","20":"purchasable","21":"product-type-variable"},"_links":{"self":[{"href":"https:\/\/pesu24.ee\/en\/wp-json\/wp\/v2\/product\/27261","targetHints":{"allow":["GET"]}}],"collection":[{"href":"https:\/\/pesu24.ee\/en\/wp-json\/wp\/v2\/product"}],"about":[{"href":"https:\/\/pesu24.ee\/en\/wp-json\/wp\/v2\/types\/product"}],"replies":[{"embeddable":true,"href":"https:\/\/pesu24.ee\/en\/wp-json\/wp\/v2\/comments?post=27261"}],"wp:featuredmedia":[{"embeddable":true,"href":"https:\/\/pesu24.ee\/en\/wp-json\/wp\/v2\/media\/27363"}],"wp:attachment":[{"href":"https:\/\/pesu24.ee\/en\/wp-json\/wp\/v2\/media?parent=27261"}],"wp:term":[{"taxonomy":"product_brand","embeddable":true,"href":"https:\/\/pesu24.ee\/en\/wp-json\/wp\/v2\/product_brand?post=27261"},{"taxonomy":"product_cat","embeddable":true,"href":"https:\/\/pesu24.ee\/en\/wp-json\/wp\/v2\/product_cat?post=27261"},{"taxonomy":"product_tag","embeddable":true,"href":"https:\/\/pesu24.ee\/en\/wp-json\/wp\/v2\/product_tag?post=27261"}],"curies":[{"name":"wp","href":"https:\/\/api.w.org\/{rel}","templated":true}]}}