{"id":27263,"date":"2025-08-19T01:00:52","date_gmt":"2025-08-18T22:00:52","guid":{"rendered":"https:\/\/pesu24.ee\/?post_type=product&#038;p=27263"},"modified":"2025-11-12T12:36:30","modified_gmt":"2025-11-12T09:36:30","slug":"sukahoidja-obsessive-stelisa","status":"publish","type":"product","link":"https:\/\/pesu24.ee\/en\/sukahoidjad\/sukahoidja-obsessive-stelisa\/","title":{"rendered":"Sukahoidja Obsessive Stelisa"},"content":{"rendered":"<p>Sukahoidja Obsessive Stelisa \u00fchendab klassikalise elegantsi ja modernse disaini, luues vastupandamatu ja naiseliku v\u00e4limuse. Selle musta sukahoidja l\u00e4bipaistev t\u00fcll ja \u00f5huline volang lisavad kergust ja sensuaalsust, samas kui peened detailid r\u00f5hutavad naiselikku siluetti. Sukahoidja sobib ideaalselt kokku samast kollektsioonist p\u00e4rit sukkadega, et luua harmooniline ja v\u00f5rgutav komplekt.<\/p>\n<p>Reguleeritavad sukarihmad tagavad t\u00e4iusliku istuvuse ja mugavuse igal kandjal. Seljaosas asuv mitmeastmeline haakkinnis v\u00f5imaldab ideaalselt kohandada sukahoidja suurust vastavalt kehakujule. H\u00f5bedane kaunistusdetail lisab luksuslikku aktsenti, muutes selle aksessuaari veelgi silmapaistvamaks.<\/p>\n<p>Sukahoidja Obsessive Stelisa on valmistatud kvaliteetsetest materjalidest \u2013 90% pol\u00fcamiidist ja 10% elastaanist, mis tagavad suurep\u00e4rase venivuse ja vastupidavuse. Disainitud Euroopa Liidus, on see ideaalne valik igale naisele, kes soovib oma pesusahtlisse lisada stiilset ja peenet ilmet.<\/p>\n<p>Tutvuge ka teiste <a href=\"https:\/\/pesu24.ee\/en\/omadus\/obsessive-stelisa\/\">Obsessive Stelisa<\/a> pesukollektsiooni toodetega.<\/p>\n<p><span style=\"color: #008000;\"><strong>KOMPLEKT SISALDAB:<\/strong><\/span><\/p>\n<ul>\n<li>sukahoidja<\/li>\n<li>NB! sukad ei kuulu komplekti<\/li>\n<\/ul>\n<p>Sukahoidja sobib kokku <a href=\"https:\/\/pesu24.ee\/en\/sukad\/sukad-obsessive-stelisa\/\">Obsessive Stelisa sukkadega<\/a>.<\/p>\n<p><span style=\"color: #008000;\"><strong>DETAILS:<\/strong><\/span><\/p>\n<ul>\n<li>modernne disain<\/li>\n<li>reguleeritavad sukapaelad<\/li>\n<li>ees ripats<\/li>\n<li>astmeline kinnitus<\/li>\n<li>kaunistatud t\u00fclliga<\/li>\n<li>toodetud EU-s<\/li>\n<li>pehme ja elastne kangas (90% pol\u00fcamiid; 10% elastaan)<\/li>\n<\/ul>","protected":false},"excerpt":{"rendered":"<p>&#46;&#46;&#46;<\/p>","protected":false},"featured_media":27374,"comment_status":"open","ping_status":"closed","template":"","meta":{"_glsr_average":0,"_glsr_ranking":0,"_glsr_reviews":0},"product_brand":[500],"product_cat":[211],"product_tag":[160,478],"class_list":{"0":"post-27263","1":"product","2":"type-product","3":"status-publish","4":"has-post-thumbnail","6":"product_brand-obsessive","7":"product_cat-sukahoidjad","8":"product_tag-obsessive","9":"product_tag-obsessive-stelisa","10":"pa_suurus-l-xl","11":"pa_suurus-s-m","12":"pa_suurus-xxl-xxxl","13":"pa_varvus-must","15":"first","16":"instock","17":"sold-individually","18":"taxable","19":"shipping-taxable","20":"purchasable","21":"product-type-variable"},"_links":{"self":[{"href":"https:\/\/pesu24.ee\/en\/wp-json\/wp\/v2\/product\/27263","targetHints":{"allow":["GET"]}}],"collection":[{"href":"https:\/\/pesu24.ee\/en\/wp-json\/wp\/v2\/product"}],"about":[{"href":"https:\/\/pesu24.ee\/en\/wp-json\/wp\/v2\/types\/product"}],"replies":[{"embeddable":true,"href":"https:\/\/pesu24.ee\/en\/wp-json\/wp\/v2\/comments?post=27263"}],"wp:featuredmedia":[{"embeddable":true,"href":"https:\/\/pesu24.ee\/en\/wp-json\/wp\/v2\/media\/27374"}],"wp:attachment":[{"href":"https:\/\/pesu24.ee\/en\/wp-json\/wp\/v2\/media?parent=27263"}],"wp:term":[{"taxonomy":"product_brand","embeddable":true,"href":"https:\/\/pesu24.ee\/en\/wp-json\/wp\/v2\/product_brand?post=27263"},{"taxonomy":"product_cat","embeddable":true,"href":"https:\/\/pesu24.ee\/en\/wp-json\/wp\/v2\/product_cat?post=27263"},{"taxonomy":"product_tag","embeddable":true,"href":"https:\/\/pesu24.ee\/en\/wp-json\/wp\/v2\/product_tag?post=27263"}],"curies":[{"name":"wp","href":"https:\/\/api.w.org\/{rel}","templated":true}]}}