{"id":27264,"date":"2025-08-19T01:00:52","date_gmt":"2025-08-18T22:00:52","guid":{"rendered":"https:\/\/pesu24.ee\/?post_type=product&#038;p=27264"},"modified":"2025-12-25T14:12:27","modified_gmt":"2025-12-25T11:12:27","slug":"nibukatted-obsessive-mistiqua","status":"publish","type":"product","link":"https:\/\/pesu24.ee\/en\/aksessuaarid\/nibukatted-obsessive-mistiqua\/","title":{"rendered":"Nibukatted Obsessive Mistiqua"},"content":{"rendered":"<p>Nibukatted Obsessive Mistiqua toovad sinu pesuvalikusse s\u00e4ra, m\u00e4ngulisust ja sensuaalsust. Need elegantsed aksessuaarid on loodud naisele, kes soovib tunda end enesekindlalt, olenemata sellest, kas tegu on erilise \u00f5htu v\u00f5i spontaanselt v\u00fcrtsitatud hetkega. Mistiqua nibukatted on kaunistatud peente kristallidega, mis p\u00fc\u00fcavad valgust ja pilke \u2013 t\u00e4iuslik detail, et lisada oma v\u00e4limusele glamuuri.<\/p>\n<p>Katete disaini krooniks on m\u00e4ngulised tupsud, mis lisavad liikumisel lummavat efekti ning kutsuvat kerglust. Need v\u00e4ikesed, ent m\u00f5juvad detailid muudavad Mistiqua nibukatted ideaalseks valikuks, kui soovid lisada oma v\u00e4limusele julget ja pilkup\u00fc\u00fcdvat aktsenti. Elegants kohtub m\u00e4ngulisusega igas n\u00fcansis.<\/p>\n<p>Nibukatted on isekleepuvad ja taaskasutatavad, pakkudes mugavust ja praktilisust igaks kandmiskorraks. Komplektis on kaks katet, mis on valmistatud kvaliteetsetest materjalidest \u2013 100% pol\u00fcuretaan ja 100% pol\u00fcester. Obsessive Mistiqua on justkui ehe sinu kehale \u2013 s\u00e4rav, pilkup\u00fc\u00fcdev ja vastupandamatult naiselik.<\/p>\n<p><span style=\"color: #008000;\"><strong>KOMPLEKT SISALDAB:<\/strong><\/span><\/p>\n<ul>\n<li>nibukatted<\/li>\n<\/ul>\n<p><span style=\"color: #008000;\"><strong>DETAILS:<\/strong><\/span><\/p>\n<ul>\n<li>elegantsed nibukatted<\/li>\n<li>m\u00e4ngulised tupsud<\/li>\n<li>isekleepuvad<\/li>\n<li>korduvkasutatavad<\/li>\n<li>\u00fcks suurus sobib k\u00f5igile &#8211; One Size<\/li>\n<li>mugav materjal (100% pol\u00fceerataan)<\/li>\n<\/ul>","protected":false},"excerpt":{"rendered":"<p>&#46;&#46;&#46;<\/p>","protected":false},"featured_media":27379,"comment_status":"open","ping_status":"closed","template":"","meta":{"_glsr_average":0,"_glsr_ranking":0,"_glsr_reviews":0},"product_brand":[500],"product_cat":[108],"product_tag":[397,160],"class_list":{"0":"post-27264","1":"product","2":"type-product","3":"status-publish","4":"has-post-thumbnail","6":"product_brand-obsessive","7":"product_cat-aksessuaarid","8":"product_tag-nibukatted","9":"product_tag-obsessive","10":"pa_suurus-universaalsuurus","11":"pa_varvus-valge","13":"first","14":"instock","15":"sold-individually","16":"taxable","17":"shipping-taxable","18":"purchasable","19":"product-type-simple"},"_links":{"self":[{"href":"https:\/\/pesu24.ee\/en\/wp-json\/wp\/v2\/product\/27264","targetHints":{"allow":["GET"]}}],"collection":[{"href":"https:\/\/pesu24.ee\/en\/wp-json\/wp\/v2\/product"}],"about":[{"href":"https:\/\/pesu24.ee\/en\/wp-json\/wp\/v2\/types\/product"}],"replies":[{"embeddable":true,"href":"https:\/\/pesu24.ee\/en\/wp-json\/wp\/v2\/comments?post=27264"}],"wp:featuredmedia":[{"embeddable":true,"href":"https:\/\/pesu24.ee\/en\/wp-json\/wp\/v2\/media\/27379"}],"wp:attachment":[{"href":"https:\/\/pesu24.ee\/en\/wp-json\/wp\/v2\/media?parent=27264"}],"wp:term":[{"taxonomy":"product_brand","embeddable":true,"href":"https:\/\/pesu24.ee\/en\/wp-json\/wp\/v2\/product_brand?post=27264"},{"taxonomy":"product_cat","embeddable":true,"href":"https:\/\/pesu24.ee\/en\/wp-json\/wp\/v2\/product_cat?post=27264"},{"taxonomy":"product_tag","embeddable":true,"href":"https:\/\/pesu24.ee\/en\/wp-json\/wp\/v2\/product_tag?post=27264"}],"curies":[{"name":"wp","href":"https:\/\/api.w.org\/{rel}","templated":true}]}}