{"id":27266,"date":"2025-08-19T01:00:52","date_gmt":"2025-08-18T22:00:52","guid":{"rendered":"https:\/\/pesu24.ee\/?post_type=product&#038;p=27266"},"modified":"2025-08-20T14:52:14","modified_gmt":"2025-08-20T11:52:14","slug":"rakmed-obsessive-premisis","status":"publish","type":"product","link":"https:\/\/pesu24.ee\/en\/aksessuaarid\/rakmed-obsessive-premisis\/","title":{"rendered":"Rakmed Obsessive Premisis"},"content":{"rendered":"<p>Rakmed Obsessive Premisis on pilkup\u00fc\u00fcdev ja sensuaalne aksessuaar, mis toob esile naiselikkuse k\u00f5ige julgemal moel. Avatud disain koos rinnaaluse toestusega r\u00f5hutab kaunilt b\u00fcste ja loob figuuri raamiva silueti. T\u00e4nu reguleeritavatele \u00f5la-, piha- ja rinnaalustele paeltele saad rakmed s\u00e4ttida t\u00e4pselt enda kehakujule vastavaks.<\/p>\n<p>Kaelarihma ja v\u00f6\u00f6 \u00fchendavad h\u00f5bedased dekoratiivsed ketid, mis lisavad luksuslikku ja peenetundelist s\u00e4ra. Neljakordne v\u00f6\u00f6 kinnituss\u00fcsteem ja \u00fcksik seljaklamber tagavad kindla istuvuse ja ainulaadse v\u00e4limuse. Rakmed sobivad ideaalselt nii erilise pesukomplekti t\u00e4iustamiseks kui ka iseseisva moeelemendina.<\/p>\n<p>Valmistatud kvaliteetsetest, niklivabadest materjalidest, on Obsessive Premisis rakmed mitte ainult stiilsed, vaid ka mugavad. T\u00e4ielikult reguleeritavad kinnitused v\u00f5imaldavad maksimaalset kohandatavust, et tunneksid end alati enesekindlalt ja elegantselt.<\/p>\n<p>Tutvuge ka teiste <a href=\"https:\/\/pesu24.ee\/en\/omadus\/obsessive-premisis\/\">Obsessive Premisis<\/a> pesukollektsiooni toodetega.<\/p>\n<p><span style=\"color: #008000;\"><strong>KOMPLEKT SISALDAB:<\/strong><\/span><\/p>\n<ul>\n<li>rindu toestavad rakmed<\/li>\n<li>NB! stringid &amp; nibukatted ei kuulu komplekti<\/li>\n<\/ul>\n<p>Sobivad nibukatted leiab meie <a href=\"https:\/\/pesu24.ee\/en\/omadus\/nibukatted\/\">nibukatete valikust<\/a> ja sobivad stringid meie <a href=\"https:\/\/pesu24.ee\/en\/stringid-puksikud\/\">stringide kategooriast<\/a>.<\/p>\n<p><span style=\"color: #008000;\"><strong>DETAILS:<\/strong><\/span><\/p>\n<ul>\n<li>avatud disain<\/li>\n<li>pakub suurep\u00e4rast rinnaalust toestust<\/li>\n<li>r\u00f5hutab figuuri<\/li>\n<li>reguleeritavad rihmad<\/li>\n<li>universaalsuurus S\/M\/L<\/li>\n<li>mugav ja elastne kangas (77% pol\u00fcamiid, 23% elastaan)<\/li>\n<\/ul>","protected":false},"excerpt":{"rendered":"<p>&#46;&#46;&#46;<\/p>","protected":false},"featured_media":27391,"comment_status":"open","ping_status":"closed","template":"","meta":{"_glsr_average":0,"_glsr_ranking":0,"_glsr_reviews":0},"product_brand":[500],"product_cat":[108],"product_tag":[160,485],"class_list":{"0":"post-27266","1":"product","2":"type-product","3":"status-publish","4":"has-post-thumbnail","6":"product_brand-obsessive","7":"product_cat-aksessuaarid","8":"product_tag-obsessive","9":"product_tag-obsessive-premisis","10":"pa_suurus-universaalsuurus","11":"pa_varvus-must","13":"first","14":"instock","15":"sold-individually","16":"taxable","17":"shipping-taxable","18":"purchasable","19":"product-type-simple"},"_links":{"self":[{"href":"https:\/\/pesu24.ee\/en\/wp-json\/wp\/v2\/product\/27266","targetHints":{"allow":["GET"]}}],"collection":[{"href":"https:\/\/pesu24.ee\/en\/wp-json\/wp\/v2\/product"}],"about":[{"href":"https:\/\/pesu24.ee\/en\/wp-json\/wp\/v2\/types\/product"}],"replies":[{"embeddable":true,"href":"https:\/\/pesu24.ee\/en\/wp-json\/wp\/v2\/comments?post=27266"}],"wp:featuredmedia":[{"embeddable":true,"href":"https:\/\/pesu24.ee\/en\/wp-json\/wp\/v2\/media\/27391"}],"wp:attachment":[{"href":"https:\/\/pesu24.ee\/en\/wp-json\/wp\/v2\/media?parent=27266"}],"wp:term":[{"taxonomy":"product_brand","embeddable":true,"href":"https:\/\/pesu24.ee\/en\/wp-json\/wp\/v2\/product_brand?post=27266"},{"taxonomy":"product_cat","embeddable":true,"href":"https:\/\/pesu24.ee\/en\/wp-json\/wp\/v2\/product_cat?post=27266"},{"taxonomy":"product_tag","embeddable":true,"href":"https:\/\/pesu24.ee\/en\/wp-json\/wp\/v2\/product_tag?post=27266"}],"curies":[{"name":"wp","href":"https:\/\/api.w.org\/{rel}","templated":true}]}}