{"id":27267,"date":"2025-08-19T01:00:52","date_gmt":"2025-08-18T22:00:52","guid":{"rendered":"https:\/\/pesu24.ee\/?post_type=product&#038;p=27267"},"modified":"2025-10-12T03:52:21","modified_gmt":"2025-10-12T00:52:21","slug":"kindad-obsessive-euphori","status":"publish","type":"product","link":"https:\/\/pesu24.ee\/en\/aksessuaarid\/kindad-obsessive-euphori\/","title":{"rendered":"Kindad Obsessive Euphori"},"content":{"rendered":"<p>Sensuaalsus algab \u017eestist. Euphori pikad kindad on ainulaadne aksessuaar, mis toob esile naiseliku j\u00f5u ja elegantsi. Venivast, pooll\u00e4bipaistvast kangast valmistatud kindad \u00fcmbritsevad \u00f5rnalt k\u00e4si ja k\u00e4sivarsi nagu teine nahk, r\u00f5hutades iga liigutust ja puudutust.<\/p>\n<p>Nende erip\u00e4ra loob kaelalt seotav \u00f5rn pael, mida saab siduda ja s\u00e4ttida vastavalt oma soovile. See detail v\u00f5imaldab kinnitada kindad rinnahoidja paelte, kleidi v\u00f5i korsetiga, luues l\u00e4bim\u00f5eldud ja harmoonilise v\u00e4limuse. Euphori kindad pole pelgalt aksessuaar \u2013 need on kutse luua meeleolu, \u00f5hkkonda ja v\u00e4ljendada oma ainulaadset stiili.<\/p>\n<p>T\u00e4iuslik viimase lihvina \u00f5htusele riietusele \u2013 need p\u00fc\u00fcavad pilke ja m\u00f5tteid, j\u00e4ttes endast unustamatu mulje. Kindad Obsessive Euphori on loodud naisele, kes hindab peeneid detaile ja soovib igas hetkes tunda end enesekindla ja vastupandamatuna.<\/p>\n<p>Tutvuge ka teiste <a href=\"https:\/\/pesu24.ee\/en\/omadus\/obsessive-euphori\/\">Obsessive Euphori<\/a> pesukollektsiooni toodetega.<\/p>\n<p><span style=\"color: #008000;\"><strong>KOMPLEKT SISALDAB:<\/strong><\/span><\/p>\n<ul>\n<li>kindad<\/li>\n<\/ul>\n<p><span style=\"color: #008000;\"><strong>DETAILS:<\/strong><\/span><\/p>\n<ul>\n<li>\u00f5lgadeni ulatuvad kindad<\/li>\n<li>valmistatyd venivast materjalist<\/li>\n<li>pooll\u00e4bipaistev kangas<\/li>\n<li>\u00fcks suurus sobib enamikele &#8211; Ona Size (S\/M\/L)<\/li>\n<li>niklivaba<\/li>\n<li>mugav &amp; elastne kangas (90% pol\u00fcamiid &amp; 10% elastaan)<\/li>\n<\/ul>","protected":false},"excerpt":{"rendered":"<p>&#46;&#46;&#46;<\/p>","protected":false},"featured_media":27398,"comment_status":"open","ping_status":"closed","template":"","meta":{"_glsr_average":0,"_glsr_ranking":0,"_glsr_reviews":0},"product_brand":[500],"product_cat":[108],"product_tag":[160,490],"class_list":{"0":"post-27267","1":"product","2":"type-product","3":"status-publish","4":"has-post-thumbnail","6":"product_brand-obsessive","7":"product_cat-aksessuaarid","8":"product_tag-obsessive","9":"product_tag-obsessive-euphori","10":"pa_suurus-universaalsuurus","11":"pa_varvus-must","13":"first","14":"instock","15":"sold-individually","16":"taxable","17":"shipping-taxable","18":"purchasable","19":"product-type-simple"},"_links":{"self":[{"href":"https:\/\/pesu24.ee\/en\/wp-json\/wp\/v2\/product\/27267","targetHints":{"allow":["GET"]}}],"collection":[{"href":"https:\/\/pesu24.ee\/en\/wp-json\/wp\/v2\/product"}],"about":[{"href":"https:\/\/pesu24.ee\/en\/wp-json\/wp\/v2\/types\/product"}],"replies":[{"embeddable":true,"href":"https:\/\/pesu24.ee\/en\/wp-json\/wp\/v2\/comments?post=27267"}],"wp:featuredmedia":[{"embeddable":true,"href":"https:\/\/pesu24.ee\/en\/wp-json\/wp\/v2\/media\/27398"}],"wp:attachment":[{"href":"https:\/\/pesu24.ee\/en\/wp-json\/wp\/v2\/media?parent=27267"}],"wp:term":[{"taxonomy":"product_brand","embeddable":true,"href":"https:\/\/pesu24.ee\/en\/wp-json\/wp\/v2\/product_brand?post=27267"},{"taxonomy":"product_cat","embeddable":true,"href":"https:\/\/pesu24.ee\/en\/wp-json\/wp\/v2\/product_cat?post=27267"},{"taxonomy":"product_tag","embeddable":true,"href":"https:\/\/pesu24.ee\/en\/wp-json\/wp\/v2\/product_tag?post=27267"}],"curies":[{"name":"wp","href":"https:\/\/api.w.org\/{rel}","templated":true}]}}