{"id":27410,"date":"2025-08-19T01:14:49","date_gmt":"2025-08-18T22:14:49","guid":{"rendered":"https:\/\/pesu24.ee\/?post_type=product&#038;p=27410"},"modified":"2025-08-21T15:03:20","modified_gmt":"2025-08-21T12:03:20","slug":"kleit-noir-handmade-f078","status":"publish","type":"product","link":"https:\/\/pesu24.ee\/en\/kleidid-seelikud\/kleit-noir-handmade-f078\/","title":{"rendered":"Kleit Noir Handmade F078"},"content":{"rendered":"<p>Noir Handmade F078 kleit on valmistatud l\u00e4ikivast eco-nahast, mis tekitab sensuaalse <em>wet-look<\/em> ilme. Kleidi rinnakorv on valmistatud pooll\u00e4bipaistvast t\u00fcllist ning kaunistuseks on lisatud l\u00e4ikivad PVC-ribad.<\/p>\n<p>Mugavamaks selga panemiseks on kleit tagant kahepoolse lukuga avatav ning ideaalseks sobivuseks on tootel reguleeritavad \u00f5lapaelad. Veelgi kaunima v\u00e4limuse saavutamiseks j\u00e4tke tagumine lukk osaliselt lahti.<\/p>\n<p><span style=\"color: #008000;\"><strong>KOMPLEKT SISALDAB:<\/strong><\/span><\/p>\n<ul>\n<li>kleit<\/li>\n<\/ul>\n<p>Lisaks Kleit Noir Handmade F078 v\u00f5ivad teile meeldida ka j\u00e4rgmised Noir Handmade tooted: <a href=\"https:\/\/pesu24.ee\/en\/kleidid-seelikud\/minikleit-noir-handmade-f210\/\">minikleit F120<\/a>, <a href=\"https:\/\/pesu24.ee\/en\/kleidid-seelikud\/kleit-noir-handmade-f208\/\">kleit F208<\/a> ja <a href=\"https:\/\/pesu24.ee\/en\/kleidid-seelikud\/minikleit-noir-handmade-f205\/\">minikleit F205<\/a>.<\/p>\n<p><span style=\"color: #008000;\"><strong>DETAILS:<\/strong><\/span><\/p>\n<ul>\n<li>valmistatud eco-nahast<\/li>\n<li><em>wet-look<\/em> ilmega<\/li>\n<li>rinnakorvil t\u00fcllist<\/li>\n<li>kaunistuseks PVC<\/li>\n<li>taga kahepoolne lukk<\/li>\n<li>reguleeritavad \u00f5lapaelad<\/li>\n<li>mugav ja elastne kangas (76% pol\u00fcester; 24% elastaan)<\/li>\n<\/ul>","protected":false},"excerpt":{"rendered":"<p>&#46;&#46;&#46;<\/p>","protected":false},"featured_media":19287,"comment_status":"open","ping_status":"closed","template":"","meta":{"_glsr_average":0,"_glsr_ranking":0,"_glsr_reviews":0},"product_brand":[501],"product_cat":[383],"product_tag":[398,218],"class_list":{"0":"post-27410","1":"product","2":"type-product","3":"status-publish","4":"has-post-thumbnail","6":"product_brand-noir-handmade","7":"product_cat-kleidid-seelikud","8":"product_tag-latekspesu","9":"product_tag-noir-handmade","10":"pa_suurus-l","11":"pa_suurus-m","12":"pa_suurus-s","13":"pa_suurus-xl","14":"pa_varvus-must","16":"first","17":"instock","18":"sold-individually","19":"taxable","20":"shipping-taxable","21":"purchasable","22":"product-type-variable"},"_links":{"self":[{"href":"https:\/\/pesu24.ee\/en\/wp-json\/wp\/v2\/product\/27410","targetHints":{"allow":["GET"]}}],"collection":[{"href":"https:\/\/pesu24.ee\/en\/wp-json\/wp\/v2\/product"}],"about":[{"href":"https:\/\/pesu24.ee\/en\/wp-json\/wp\/v2\/types\/product"}],"replies":[{"embeddable":true,"href":"https:\/\/pesu24.ee\/en\/wp-json\/wp\/v2\/comments?post=27410"}],"wp:featuredmedia":[{"embeddable":true,"href":"https:\/\/pesu24.ee\/en\/wp-json\/wp\/v2\/media\/19287"}],"wp:attachment":[{"href":"https:\/\/pesu24.ee\/en\/wp-json\/wp\/v2\/media?parent=27410"}],"wp:term":[{"taxonomy":"product_brand","embeddable":true,"href":"https:\/\/pesu24.ee\/en\/wp-json\/wp\/v2\/product_brand?post=27410"},{"taxonomy":"product_cat","embeddable":true,"href":"https:\/\/pesu24.ee\/en\/wp-json\/wp\/v2\/product_cat?post=27410"},{"taxonomy":"product_tag","embeddable":true,"href":"https:\/\/pesu24.ee\/en\/wp-json\/wp\/v2\/product_tag?post=27410"}],"curies":[{"name":"wp","href":"https:\/\/api.w.org\/{rel}","templated":true}]}}