{"id":27435,"date":"2025-08-19T10:07:47","date_gmt":"2025-08-19T07:07:47","guid":{"rendered":"https:\/\/pesu24.ee\/?post_type=product&#038;p=27435"},"modified":"2025-08-21T15:03:29","modified_gmt":"2025-08-21T12:03:29","slug":"body-obsessive-xenita","status":"publish","type":"product","link":"https:\/\/pesu24.ee\/en\/bodyd\/body-obsessive-xenita\/","title":{"rendered":"Body Obsessive Xenita"},"content":{"rendered":"<p><strong>Tutvuge Xenita kollektsiooni ahvatleva bodyga &#8211; see paljastab kaunilt rinnad, r\u00f5hutab suurep\u00e4raselt jalgu ja tagumikku ning paljastab ahvatlevalt selja. Ainulaadne l\u00f5ige koos loomamustri ja dekoratiivse pitsviimistlusega Obsessive Xenita body paneb Teid kahtlemata t\u00e4helepanu keskpunkti.<\/strong><\/p>\n<p>Reguleeritavad rihmad seljal koos \u00fclimalt elastse kangaga tagavad ideaalse sobivuse erinevate kehat\u00fc\u00fcpidega kandjatele. V\u00f5ite kindel olla, et tunnete end Obsessive Xenita body kandes mugavalt, kuid mis peamine &#8211; naiselikult<\/p>\n<p><span style=\"color: #008000;\"><strong>OMADUSED<\/strong><\/span><\/p>\n<ul>\n<li>body Obsessive Xenita<\/li>\n<li>v\u00e4rvus must\/valge<\/li>\n<li>pooleldi l\u00e4bipaistev materjal<\/li>\n<li>dekoratiivne pitsviimistlus loomamustriga<\/li>\n<li>reguleeritav kinnitus kaela \u00fcmber dekoratiivse rihmaga<\/li>\n<li>kaks reguleeritavat rihma seljal<\/li>\n<li>\u00fclimalt elastne ja siidpehme kangas (90% pol\u00fcamiid, 10% elastaan)<\/li>\n<li>toode on saadaval kahes suuruses: S\/M ja L\/XL<\/li>\n<\/ul>\n<p><span style=\"color: #008000;\"><strong>VIDEO<\/strong><\/span><\/p>\n<div class=\"video-container\"><iframe loading=\"lazy\" title=\"ELEGANTN\u00cd BODY XENITA TEDDY - OBSESSIVE\" width=\"500\" height=\"281\" src=\"https:\/\/www.youtube.com\/embed\/NaAd-JPhtVI?feature=oembed&#038;wmode=opaque\" frameborder=\"0\" allow=\"accelerometer; autoplay; clipboard-write; encrypted-media; gyroscope; picture-in-picture; web-share\" referrerpolicy=\"strict-origin-when-cross-origin\" allowfullscreen><\/iframe><\/div>","protected":false},"excerpt":{"rendered":"<p>&#46;&#46;&#46;<\/p>","protected":false},"featured_media":13755,"comment_status":"open","ping_status":"closed","template":"","meta":{"_glsr_average":0,"_glsr_ranking":0,"_glsr_reviews":0},"product_brand":[500],"product_cat":[89],"product_tag":[160],"class_list":{"0":"post-27435","1":"product","2":"type-product","3":"status-publish","4":"has-post-thumbnail","6":"product_brand-obsessive","7":"product_cat-bodyd","8":"product_tag-obsessive","9":"pa_suurus-l-xl","10":"pa_suurus-s-m","11":"pa_varvus-leopard","13":"first","14":"instock","15":"sold-individually","16":"taxable","17":"shipping-taxable","18":"purchasable","19":"product-type-variable"},"_links":{"self":[{"href":"https:\/\/pesu24.ee\/en\/wp-json\/wp\/v2\/product\/27435","targetHints":{"allow":["GET"]}}],"collection":[{"href":"https:\/\/pesu24.ee\/en\/wp-json\/wp\/v2\/product"}],"about":[{"href":"https:\/\/pesu24.ee\/en\/wp-json\/wp\/v2\/types\/product"}],"replies":[{"embeddable":true,"href":"https:\/\/pesu24.ee\/en\/wp-json\/wp\/v2\/comments?post=27435"}],"wp:featuredmedia":[{"embeddable":true,"href":"https:\/\/pesu24.ee\/en\/wp-json\/wp\/v2\/media\/13755"}],"wp:attachment":[{"href":"https:\/\/pesu24.ee\/en\/wp-json\/wp\/v2\/media?parent=27435"}],"wp:term":[{"taxonomy":"product_brand","embeddable":true,"href":"https:\/\/pesu24.ee\/en\/wp-json\/wp\/v2\/product_brand?post=27435"},{"taxonomy":"product_cat","embeddable":true,"href":"https:\/\/pesu24.ee\/en\/wp-json\/wp\/v2\/product_cat?post=27435"},{"taxonomy":"product_tag","embeddable":true,"href":"https:\/\/pesu24.ee\/en\/wp-json\/wp\/v2\/product_tag?post=27435"}],"curies":[{"name":"wp","href":"https:\/\/api.w.org\/{rel}","templated":true}]}}