{"id":27455,"date":"2025-08-19T10:13:03","date_gmt":"2025-08-19T07:13:03","guid":{"rendered":"https:\/\/pesu24.ee\/?post_type=product&#038;p=27455"},"modified":"2025-08-21T15:18:42","modified_gmt":"2025-08-21T12:18:42","slug":"bikiinid-obsessive-punta-negra","status":"publish","type":"product","link":"https:\/\/pesu24.ee\/en\/pesukomplektid\/bikiinid-obsessive-punta-negra\/","title":{"rendered":"Bikiinid Obsessive Punta Negra"},"content":{"rendered":"<p>Obsessive Punta Negra bikiinide sensuaalselt r\u00f5hutatud vormid ja s\u00fcgavmust materjal muudab teid iga ranna superstaariks. Punta Negra bikiinid on naiselik pakkumine naistele, kellele meeldib elegants koos n\u00e4put\u00e4ie modernsusega. Seksapiilust lisavad pool\u00e4bipaistvast kangast sissel\u00f5iked rinnahoidjal ja p\u00fcksikutel.<\/p>\n<p><span style=\"color: #008000;\"><strong>KOMPLEKT SISALDAB:<\/strong><\/span><\/p>\n<ul>\n<li>rinnahoidja<\/li>\n<li>p\u00fcksikud<\/li>\n<\/ul>\n<p><span style=\"color: #008000;\"><strong>DETAILS:<\/strong><\/span><\/p>\n<ul>\n<li>must toon<\/li>\n<li>p\u00e4ikese k\u00e4es s\u00e4delev kangas<\/li>\n<li>rinnakorv kolmnurkse l\u00f5ikega<\/li>\n<li>pooll\u00e4bipaistevast kangast sissel\u00f5iked<\/li>\n<li>kaela tagant &amp; seljalt seotav rinnahoidja<\/li>\n<li>saadaval kolmes suuruses &#8211; S, M, L<\/li>\n<li>mugav &amp; elastne kangas (82% pol\u00fcamiid, 18% elastaan)<\/li>\n<li>vooder (95% pol\u00fcester, 5% elastaan)<\/li>\n<\/ul>","protected":false},"excerpt":{"rendered":"<p>&#46;&#46;&#46;<\/p>","protected":false},"featured_media":17435,"comment_status":"open","ping_status":"closed","template":"","meta":{"_glsr_average":0,"_glsr_ranking":0,"_glsr_reviews":0},"product_brand":[500],"product_cat":[16],"product_tag":[160],"class_list":{"0":"post-27455","1":"product","2":"type-product","3":"status-publish","4":"has-post-thumbnail","6":"product_brand-obsessive","7":"product_cat-pesukomplektid","8":"product_tag-obsessive","9":"pa_suurus-l","10":"pa_suurus-m","11":"pa_suurus-s","12":"pa_varvus-must","14":"first","15":"instock","16":"sold-individually","17":"taxable","18":"shipping-taxable","19":"purchasable","20":"product-type-variable"},"_links":{"self":[{"href":"https:\/\/pesu24.ee\/en\/wp-json\/wp\/v2\/product\/27455","targetHints":{"allow":["GET"]}}],"collection":[{"href":"https:\/\/pesu24.ee\/en\/wp-json\/wp\/v2\/product"}],"about":[{"href":"https:\/\/pesu24.ee\/en\/wp-json\/wp\/v2\/types\/product"}],"replies":[{"embeddable":true,"href":"https:\/\/pesu24.ee\/en\/wp-json\/wp\/v2\/comments?post=27455"}],"wp:featuredmedia":[{"embeddable":true,"href":"https:\/\/pesu24.ee\/en\/wp-json\/wp\/v2\/media\/17435"}],"wp:attachment":[{"href":"https:\/\/pesu24.ee\/en\/wp-json\/wp\/v2\/media?parent=27455"}],"wp:term":[{"taxonomy":"product_brand","embeddable":true,"href":"https:\/\/pesu24.ee\/en\/wp-json\/wp\/v2\/product_brand?post=27455"},{"taxonomy":"product_cat","embeddable":true,"href":"https:\/\/pesu24.ee\/en\/wp-json\/wp\/v2\/product_cat?post=27455"},{"taxonomy":"product_tag","embeddable":true,"href":"https:\/\/pesu24.ee\/en\/wp-json\/wp\/v2\/product_tag?post=27455"}],"curies":[{"name":"wp","href":"https:\/\/api.w.org\/{rel}","templated":true}]}}